{"id":26611,"date":"2020-02-26T10:45:33","date_gmt":"2020-02-26T09:45:34","guid":{"rendered":"https:\/\/newgarden.es\/?post_type=product&#038;p=26611"},"modified":"2022-01-05T12:41:41","modified_gmt":"2022-01-05T11:41:41","slug":"lampe-murale-solaire-paquita-wall","status":"publish","type":"product","link":"https:\/\/developing.newgarden.es\/fr\/shop\/lightdeco-fr\/appliques\/lampe-murale-solaire-paquita-wall\/","title":{"rendered":"APPLIQUE MURALE PAQUITA WALL"},"content":{"rendered":"<section class=\"wpb-content-wrapper\"><p>[vc_row][vc_column el_class=&#8221;descripcion_producto&#8221;][vc_column_text]<\/p>\n<p>APPLIQUE MURALE D&#8217;EXT\u00c9RIEUR\u00a0SOLAIRE RECHARGEABLE AVEC D\u00c9TECTEUR DE MOUVEMENT PAQUITA WALL:<\/p>\n<p>La s\u00e9rie\u00a0<strong>Paquita Family<\/strong>\u00a0est l&#8217;une\u00a0de nos collections\u00a0la plus remarquable de\u00a0<span style=\"text-decoration: underline;\">Newgarden<\/span>\u00a0de part son design \u00e9l\u00e9gant et sa fonctionnalit\u00e9.<\/p>\n<p><strong>Paquita Wall<\/strong> se combine dans n&#8217;importe quel espace sans modifier l&#8217;esth\u00e9tique g\u00e9n\u00e9ral du lieu. Parfaite pour \u00e9clairer n&#8217;importe quel coin ext\u00e9rieur, jardin, terrasse ou entreprise car elle fonctionne par charge solaire. Combinez-la avec les autres produits de sa famille: <strong>Paquita Farola<\/strong>\u00a0et\u00a0<strong>Paquita Wall<\/strong>\u00a0pour cr\u00e9er des environnements uniques.<\/p>\n<p>L&#8217;installation de\u00a0<strong>Paquita Wall<\/strong>\u00a0est vraiment simple car elle ne n\u00e9cessite pas d&#8217;installation \u00e9lectrique, elle dispose \u00e9galement d&#8217;un \u00e9clairage \u00e0 d\u00e9tecteur de mouvement, d&#8217;un mode cr\u00e9pusculaire et d&#8217;une t\u00e9l\u00e9commande qui font de ce mod\u00e8le un must dans la gamme des appliques murales.<\/p>\n<p>L&#8217;applique\u00a0<strong>Paquita\u00a0<\/strong>dispose d&#8217;une autonomie :<br \/>\n&#8211; En mode manuel : 8h<br \/>\n&#8211; En mode nuit : 8h<br \/>\n&#8211; En mode Eco : 8h-50h<br \/>\nLED : 8.5W\u00a0(int\u00e9gr\u00e9e et irrempla\u00e7able) &#8211; 4000\u00b0K (blanc froid) &#8211; 1200 lumens \/ 120 lumens pour le mode cr\u00e9pusculaire (plus il y a de lumens, plus l&#8217;\u00e9clairage est important)<\/p>\n<p><em>Les produits Newgarden sont l\u00e9gers et tr\u00e8s r\u00e9sistants aux temp\u00e9ratures extr\u00eames. Ils sont \u00e9galement r\u00e9sistants aux rayons UV, ce qui rend la dur\u00e9e de vie du produit extraordinairement longue.<\/em><\/p>\n<ul class=\"tablaTech\">\n<li>\n<div class=\"boxContents no-border\">\n<div class=\"name\"><strong>TAILLE<\/strong><\/div>\n<div class=\"data\">34,6 x 29 x 31,7 cm<\/div>\n<\/div>\n<\/li>\n<\/ul>\n<p>&nbsp;<\/p>\n<p><iframe title=\"YouTube video player\" src=\"https:\/\/www.youtube.com\/embed\/EEbo_9hmIxM\" width=\"560\" height=\"315\" frameborder=\"0\" allowfullscreen=\"allowfullscreen\"><\/iframe><\/p>\n<p>[\/vc_column_text][\/vc_column][\/vc_row][vc_row disable_element=&#8221;yes&#8221;][vc_column][vc_single_image image=&#8221;6566&#8243; img_size=&#8221;full&#8221;][\/vc_column][\/vc_row][vc_row][vc_column width=&#8221;1\/2&#8243;][vc_btn title=&#8221;Fiche technique&#8221; style=&#8221;custom&#8221; custom_background=&#8221;#009bc2&#8243; custom_text=&#8221;#ffffff&#8221; shape=&#8221;square&#8221; link=&#8221;url:https%3A%2F%2Fdeveloping.newgarden.es%2Fwp-content%2Fuploads%2F2017%2F08%2FLolaSlim.pdf|target:%20_blank|&#8221; el_class=&#8221;btn_descargar_ficha&#8221;][\/vc_column][vc_column width=&#8221;1\/2&#8243;][vc_btn title=&#8221;Manuel d&#8217;instrutions&#8221; style=&#8221;custom&#8221; custom_background=&#8221;#009bc2&#8243; custom_text=&#8221;#ffffff&#8221; shape=&#8221;square&#8221; link=&#8221;url:https%3A%2F%2Fdeveloping.newgarden.es%2Finstrucciones%2F||target:%20_blank|&#8221; el_class=&#8221;btn_descargar_ficha&#8221;][\/vc_column][\/vc_row]<\/p>\n<\/section>","protected":false},"excerpt":{"rendered":"<h1 style=\"font-size: 12px;\">Applique murale d&#8217;ext\u00e9rieur solaire rechargeable avec d\u00e9tecteur de mouvement Paquita Wall<\/h1>\n","protected":false},"featured_media":56961,"template":"","meta":[],"product_cat":[651,757],"product_tag":[647],"class_list":{"0":"post-26611","1":"product","2":"type-product","3":"status-publish","4":"has-post-thumbnail","6":"product_cat-lightdeco-fr","7":"product_cat-appliques","8":"product_tag-cable-fr","10":"first","11":"instock","12":"taxable","13":"shipping-taxable","14":"purchasable","15":"product-type-variable"},"df_price":85.5,"df_sale_price":"","df_regular_price":85.5,"df_image_link":"https:\/\/developing.newgarden.es\/wp-content\/uploads\/2020\/02\/PAQUITA_WALL_1200X1200-1-300x300.jpg","_links":{"self":[{"href":"https:\/\/developing.newgarden.es\/fr\/wp-json\/wp\/v2\/product\/26611"}],"collection":[{"href":"https:\/\/developing.newgarden.es\/fr\/wp-json\/wp\/v2\/product"}],"about":[{"href":"https:\/\/developing.newgarden.es\/fr\/wp-json\/wp\/v2\/types\/product"}],"wp:featuredmedia":[{"embeddable":true,"href":"https:\/\/developing.newgarden.es\/fr\/wp-json\/wp\/v2\/media\/56961"}],"wp:attachment":[{"href":"https:\/\/developing.newgarden.es\/fr\/wp-json\/wp\/v2\/media?parent=26611"}],"wp:term":[{"taxonomy":"product_cat","embeddable":true,"href":"https:\/\/developing.newgarden.es\/fr\/wp-json\/wp\/v2\/product_cat?post=26611"},{"taxonomy":"product_tag","embeddable":true,"href":"https:\/\/developing.newgarden.es\/fr\/wp-json\/wp\/v2\/product_tag?post=26611"}],"curies":[{"name":"wp","href":"https:\/\/api.w.org\/{rel}","templated":true}]}}