{"id":26575,"date":"2020-02-26T10:15:32","date_gmt":"2020-02-26T09:15:34","guid":{"rendered":"https:\/\/newgarden.es\/?post_type=product&#038;p=26575"},"modified":"2022-02-01T11:47:28","modified_gmt":"2022-02-01T10:47:28","slug":"sur-le-mur-solaire-paquita-40","status":"publish","type":"product","link":"https:\/\/developing.newgarden.es\/fr\/shop\/lightdeco-fr\/lampadaire\/sur-le-mur-solaire-paquita-40\/","title":{"rendered":"LAMPE \u00c0 POSER PAQUITA 40"},"content":{"rendered":"<section class=\"wpb-content-wrapper\"><p>[vc_row][vc_column el_class=&#8221;descripcion_producto&#8221;][vc_column_text]<\/p>\n<p>LAMPE \u00c0 POSER <strong>PAQUITA 40<\/strong><\/p>\n<p>La lampe \u00e0 poser <strong>Paquita<\/strong>, de la collection\u00a0<strong>Paquita<\/strong>, fabriqu\u00e9 par\u00a0<span style=\"text-decoration: underline;\">Newgarden<\/span>. Il est compos\u00e9 d&#8217;un pied de forme pyramidale, supportant un cylindre plat con\u00e7u en poly\u00e9thyl\u00e8ne.<\/p>\n<p>La borne <strong>Paquita<\/strong> est Le luminaire id\u00e9al pour vos espaces ext\u00e9rieurs ! Il dispose d&#8217;une batterie rechargeable par \u00e9nergie solaire, d&#8217;un d\u00e9tecteur de mouvement (d\u00e9tection jusqu&#8217;\u00e0 8m), d&#8217;un d\u00e9tecteur cr\u00e9pusculaire et d&#8217;une t\u00e9l\u00e9commande permettant de contr\u00f4ler les diff\u00e9rents modes ou pour \u00e9teindre et allumer votre luminaire sans bouger.<br \/>\nSans branchement,\u00a0<strong>Paquita<\/strong>\u00a0ne n\u00e9cessite pas d&#8217;installation \u00e9lectrique et peut \u00eatre dispos\u00e9 partout o\u00f9 vous le souhaitez dans votre jardin.<\/p>\n<p>Le lampadaire<b>\u00a0<\/b>dispose d&#8217;une autonomie :<br \/>\n&#8211; En mode manuel : 8h<br \/>\n&#8211; En mode nuit : 8h<br \/>\n&#8211; En mode Eco : 8h-50h<\/p>\n<p><strong>Paquita<\/strong>\u00a0dispose \u00e9galement d&#8217;un indice de protection \u00e9lev\u00e9 (<strong>IP65<\/strong>) lui permettant d&#8217;\u00eatre install\u00e9 sans craintes \u00e0 l&#8217;ext\u00e9rieur ! Avec son design simple et intemporel, il s&#8217;adaptera \u00e0\u00a0tous les styles d&#8217;environnement et pourra \u00eatre compl\u00e9t\u00e9 avec les autres produits de la\u00a0collection\u00a0<strong>Paquita<\/strong> : l&#8217;applique murale et le lampadaire..<\/p>\n<p>LED : 8.5W (int\u00e9gr\u00e9e et irrempl\u00e7able) &#8211; 4000\u00b0K (blanc froid) &#8211; 1200 lumens \/ 120 lumens pour le mode cr\u00e9pusculaire.<\/p>\n<p><em>Les produits Newgarden sont l\u00e9gers et tr\u00e8s r\u00e9sistants aux temp\u00e9ratures extr\u00eames. Ils sont \u00e9galement r\u00e9sistants aux rayons UV, ce qui prolonge la dur\u00e9e de vie du produit.<\/em><\/p>\n<ul class=\"tablaTech\">\n<li>\n<div class=\"boxContents no-border\">\n<div class=\"name\"><strong>TAILLE<\/strong><\/div>\n<div class=\"data\">\u00f829 x 40,3 cm<\/div>\n<\/div>\n<\/li>\n<\/ul>\n<p><iframe title=\"YouTube video player\" src=\"https:\/\/www.youtube.com\/embed\/trrUEONaE50\" width=\"560\" height=\"315\" frameborder=\"0\" allowfullscreen=\"allowfullscreen\"><\/iframe><\/p>\n<p>[\/vc_column_text][\/vc_column][\/vc_row][vc_row disable_element=&#8221;yes&#8221;][vc_column][vc_single_image image=&#8221;6566&#8243; img_size=&#8221;full&#8221;][\/vc_column][\/vc_row][vc_row][vc_column width=&#8221;1\/2&#8243;][vc_btn title=&#8221;Fiche technique&#8221; style=&#8221;custom&#8221; custom_background=&#8221;#009bc2&#8243; custom_text=&#8221;#ffffff&#8221; shape=&#8221;square&#8221; link=&#8221;url:https%3A%2F%2Fdeveloping.newgarden.es%2Fwp-content%2Fuploads%2F2017%2F08%2FLolaSlim.pdf|target:%20_blank|&#8221; el_class=&#8221;btn_descargar_ficha&#8221;][\/vc_column][vc_column width=&#8221;1\/2&#8243;][vc_btn title=&#8221;Manuel d&#8217;instrutions&#8221; style=&#8221;custom&#8221; custom_background=&#8221;#009bc2&#8243; custom_text=&#8221;#ffffff&#8221; shape=&#8221;square&#8221; link=&#8221;url:https%3A%2F%2Fdeveloping.newgarden.es%2Finstrucciones%2F||target:%20_blank|&#8221; el_class=&#8221;btn_descargar_ficha&#8221;][\/vc_column][\/vc_row]<\/p>\n<\/section>","protected":false},"excerpt":{"rendered":"<h5 style=\"font-size: 12px;\"><strong>Lampe borne \u00e0 poser Paquita 40 avec capteur cr\u00e9pusculaire et d\u00e9tecteur de mouvement<\/strong><\/h5>\n","protected":false},"featured_media":57835,"template":"","meta":[],"product_cat":[1695,651,654,1564],"product_tag":[647],"class_list":{"0":"post-26575","1":"product","2":"type-product","3":"status-publish","4":"has-post-thumbnail","6":"product_cat-productos-fr","7":"product_cat-lightdeco-fr","8":"product_cat-lampadaire","9":"product_cat-lampadaire-et-appliques","10":"product_tag-cable-fr","12":"first","13":"instock","14":"taxable","15":"shipping-taxable","16":"purchasable","17":"product-type-variable"},"df_price":85.5,"df_sale_price":"","df_regular_price":85.5,"df_image_link":"https:\/\/developing.newgarden.es\/wp-content\/uploads\/2020\/02\/PAQUITA_40_SOBREMURO_1200X1200-3-300x300.jpg","_links":{"self":[{"href":"https:\/\/developing.newgarden.es\/fr\/wp-json\/wp\/v2\/product\/26575"}],"collection":[{"href":"https:\/\/developing.newgarden.es\/fr\/wp-json\/wp\/v2\/product"}],"about":[{"href":"https:\/\/developing.newgarden.es\/fr\/wp-json\/wp\/v2\/types\/product"}],"wp:featuredmedia":[{"embeddable":true,"href":"https:\/\/developing.newgarden.es\/fr\/wp-json\/wp\/v2\/media\/57835"}],"wp:attachment":[{"href":"https:\/\/developing.newgarden.es\/fr\/wp-json\/wp\/v2\/media?parent=26575"}],"wp:term":[{"taxonomy":"product_cat","embeddable":true,"href":"https:\/\/developing.newgarden.es\/fr\/wp-json\/wp\/v2\/product_cat?post=26575"},{"taxonomy":"product_tag","embeddable":true,"href":"https:\/\/developing.newgarden.es\/fr\/wp-json\/wp\/v2\/product_tag?post=26575"}],"curies":[{"name":"wp","href":"https:\/\/api.w.org\/{rel}","templated":true}]}}