{"id":26381,"date":"2020-02-20T13:33:55","date_gmt":"2020-02-20T12:33:57","guid":{"rendered":"https:\/\/newgarden.es\/?post_type=product&#038;p=26381"},"modified":"2022-12-15T10:09:58","modified_gmt":"2022-12-15T09:09:58","slug":"siege-lumineux-tarida-sit-arms","status":"publish","type":"product","link":"https:\/\/developing.newgarden.es\/fr\/shop\/mobilier\/sieges\/siege-lumineux-tarida-sit-arms\/","title":{"rendered":"SI\u00c8GE TARIDA SIT ARMS AVEC LUMI\u00c8RE"},"content":{"rendered":"<section class=\"wpb-content-wrapper\"><p>[vc_row][vc_column el_class=&#8221;descripcion_producto&#8221;][vc_column_text]<br \/>\n<strong>TARIDA SIT ARMS<\/strong> LUMINEUX: Assise confortable aux lignes droites. Le si\u00e8ge\u00a0<strong>Tarida Sit Arms<\/strong>\u00a0a \u00e9t\u00e9 con\u00e7u pour pouvoir\u00a0 combiner plusieurs si\u00e8ges entre eux et cr\u00e9er une multitude de compositions.<br \/>\nDisponible en deux versions:\u00a0<strong>non lumineux<\/strong>(blanc opaque) &#8211;\u00a0<strong>solaire+charge batterie<\/strong>.<\/p>\n<p>Combinez-le avec\u00a0<strong>TARIDA TAB<\/strong>\u00a0ou le\u00a0<strong>TARIDA SIT ARMS<\/strong>\u00a0pour cr\u00e9er des ambiances relaxantes et modernes dans vos espaces personnels ou votre entreprise.<\/p>\n<p><strong>Coussin en simili cuir inclus<\/strong>.<\/p>\n<p><em>Tous les produits Newgarden sont fabriqu\u00e9s en poly\u00e9thyl\u00e8ne, ils sont donc l\u00e9gers et tr\u00e8s r\u00e9sistants aux temp\u00e9ratures extr\u00eames. Ils sont \u00e9galement prot\u00e9g\u00e9s contre les rayons UV, ce qui rend la dur\u00e9e de vie du produit extraordinairement longue.<\/em><\/p>\n<p>&nbsp;<\/p>\n<ul class=\"tablaTech\">\n<li>\n<div class=\"boxContents no-border\">\n<div class=\"name\"><strong>TAILLE<\/strong><\/div>\n<div class=\"data\">77 x 69 x 66 cm<\/div>\n<\/div>\n<\/li>\n<\/ul>\n<p>[\/vc_column_text][\/vc_column][\/vc_row][vc_row disable_element=&#8221;yes&#8221;][vc_column][vc_single_image image=&#8221;6566&#8243; img_size=&#8221;full&#8221;][\/vc_column][\/vc_row][vc_row][vc_column width=&#8221;1\/2&#8243;][vc_btn title=&#8221;Fiche technique&#8221; style=&#8221;custom&#8221; custom_background=&#8221;#009bc2&#8243; custom_text=&#8221;#ffffff&#8221; shape=&#8221;square&#8221; link=&#8221;url:https%3A%2F%2Fwww.newgarden.es%2Fwp-content%2Fuploads%2F2018%2F05%2Ftarida-sit.pdf|target:%20_blank|&#8221; el_class=&#8221;btn_descargar_ficha&#8221;][\/vc_column][vc_column width=&#8221;1\/2&#8243;][vc_btn title=&#8221;Manuel d&#8217;instrutions&#8221; style=&#8221;custom&#8221; custom_background=&#8221;#009bc2&#8243; custom_text=&#8221;#ffffff&#8221; shape=&#8221;square&#8221; link=&#8221;url:https%3A%2F%2Fdeveloping.newgarden.es%2Ffr%2F%3Fpage_id%3D25150|target:%20_blank|&#8221; el_class=&#8221;btn_descargar_ficha&#8221;][\/vc_column][\/vc_row]<\/p>\n<\/section>","protected":false},"excerpt":{"rendered":"<h1 style=\"font-size: 12px;\">Si\u00e8ge Tarida Sit Arms lumineux<\/h1>\n","protected":false},"featured_media":63356,"template":"","meta":[],"product_cat":[657,658],"product_tag":[707,648],"class_list":{"0":"post-26381","1":"product","2":"type-product","3":"status-publish","4":"has-post-thumbnail","6":"product_cat-mobilier","7":"product_cat-sieges","8":"product_tag-sans-fil","9":"product_tag-solaire","11":"first","12":"instock","13":"taxable","14":"shipping-taxable","15":"purchasable","16":"product-type-variable"},"df_price":344.2,"df_sale_price":"","df_regular_price":344.2,"df_image_link":"https:\/\/developing.newgarden.es\/wp-content\/uploads\/2020\/02\/tarida_sit_1200x1200-21-300x300.jpg","_links":{"self":[{"href":"https:\/\/developing.newgarden.es\/fr\/wp-json\/wp\/v2\/product\/26381"}],"collection":[{"href":"https:\/\/developing.newgarden.es\/fr\/wp-json\/wp\/v2\/product"}],"about":[{"href":"https:\/\/developing.newgarden.es\/fr\/wp-json\/wp\/v2\/types\/product"}],"wp:featuredmedia":[{"embeddable":true,"href":"https:\/\/developing.newgarden.es\/fr\/wp-json\/wp\/v2\/media\/63356"}],"wp:attachment":[{"href":"https:\/\/developing.newgarden.es\/fr\/wp-json\/wp\/v2\/media?parent=26381"}],"wp:term":[{"taxonomy":"product_cat","embeddable":true,"href":"https:\/\/developing.newgarden.es\/fr\/wp-json\/wp\/v2\/product_cat?post=26381"},{"taxonomy":"product_tag","embeddable":true,"href":"https:\/\/developing.newgarden.es\/fr\/wp-json\/wp\/v2\/product_tag?post=26381"}],"curies":[{"name":"wp","href":"https:\/\/api.w.org\/{rel}","templated":true}]}}