{"id":26233,"date":"2020-02-20T10:42:19","date_gmt":"2020-02-20T09:42:23","guid":{"rendered":"https:\/\/newgarden.es\/?post_type=product&#038;p=26233"},"modified":"2024-01-30T12:34:59","modified_gmt":"2024-01-30T11:34:59","slug":"chloe-copia","status":"publish","type":"product","link":"https:\/\/developing.newgarden.es\/fr\/shop\/lightdeco-fr\/lampadaire\/chloe-copia\/","title":{"rendered":"LAMPE POLYVALENTE CHLOE PLANT"},"content":{"rendered":"<section class=\"wpb-content-wrapper\"><p>[vc_row][vc_column][vc_column_text]<\/p>\n<p>LAMPE POLYVALENTE <strong>CHLOE PLANT<\/strong><\/p>\n<p>La lampe\u00a0solaire ajustable\u00a0<strong>Chloe Plant<\/strong>\u00a0est l&#8217;une des nouveaut\u00e9s les plus remarquables de chez\u00a0Newgarden.<br \/>\n<strong data-sanitized-data-mce-fragment=\"1\">Chloe Plant<\/strong>\u00a0est une lampe originale qui peut \u00eatre utilis\u00e9e comme\u00a0<span style=\"color: #808080;\"><strong>lampe \u00e0 piquer<\/strong><\/span>\u00a0ou\u00a0<span style=\"color: #808080;\"><strong>borne de jardin<\/strong><\/span>\u00a0car, gr\u00e2ce \u00e0 sa pique, elle peut \u00eatre plant\u00e9e dans n&#8217;importe quelle surface telle que l&#8217;herbe, la pelouse, le sable ou un pot de fleurs.<br \/>\nVous pouvez aussi l&#8217;utiliser comme n&#8217;importe quel\u00a0<span style=\"color: #808080;\"><strong>lampadaire<\/strong><\/span><span style=\"text-decoration: underline;\">\u00a0<\/span>ou\u00a0<span style=\"color: #808080;\"><strong>lampe \u00e0 poser<\/strong><\/span>\u00a0gr\u00e2ce \u00e0 son socle adapt\u00e9.<br \/>\nLe pied de la lampe est r\u00e9glable, ce qui permet de changer facilement la hauteur.<\/p>\n<p>Cette\u00a0<span style=\"color: #808080;\"><strong>lampe\u00a0polyvalente<\/strong><\/span>\u00a0vous laissera plusieurs options d&#8217;utilisation et de d\u00e9coration. Elle sera parfaite\u00a0pour tout type de jardin, espace ext\u00e9rieur comme int\u00e9rieur ou m\u00eame entreprise.<\/p>\n<p>Disponible en version\u00a0<strong>solaire+batterie<\/strong>\u00a0rechargeable avec une t\u00e9l\u00e9commande pour changer la couleur de la lumi\u00e8re led\u00a0entre 256 couleurs, ainsi que d&#8217;un chargeur pour pouvoir charger la batterie les jours nuageux o\u00f9 la lampe nous pourra pas charger correctement par simple charge solaire.<\/p>\n<p><em>Tous les produits Newgarden sont fabriqu\u00e9s en poly\u00e9thyl\u00e8ne, ils sont donc l\u00e9gers et tr\u00e8s r\u00e9sistants. Ils r\u00e9sistent aux variations extr\u00eames de temp\u00e9rature et sont r\u00e9sistants aux rayons UV, ce qui rend la dur\u00e9e de vie du produit presque illimit\u00e9e.<\/em><\/p>\n<p>&nbsp;<\/p>\n<ul class=\"tablaTech\">\n<li>\n<div class=\"boxContents no-border\">\n<div class=\"name\"><strong>TAILLE<\/strong><\/div>\n<div class=\"data\">\u00f843x 155,4 cm<\/div>\n<\/div>\n<\/li>\n<\/ul>\n<p>[\/vc_column_text][\/vc_column][\/vc_row][vc_row disable_element=&#8221;yes&#8221;][vc_column][vc_single_image image=&#8221;6566&#8243; img_size=&#8221;full&#8221;][\/vc_column][\/vc_row][vc_row][vc_column width=&#8221;1\/2&#8243;][vc_btn title=&#8221;Fiche technique&#8221; style=&#8221;custom&#8221; custom_background=&#8221;#009bc2&#8243; custom_text=&#8221;#ffffff&#8221; shape=&#8221;square&#8221; el_class=&#8221;btn_descargar_ficha&#8221; link=&#8221;url:%20https%3A%2F%2Fdeveloping.newgarden.es%2Fchloe%2F|&#8221;][\/vc_column][vc_column width=&#8221;1\/2&#8243;][vc_btn title=&#8221;Manuel d&#8217;instrutions&#8221; style=&#8221;custom&#8221; custom_background=&#8221;#009bc2&#8243; custom_text=&#8221;#ffffff&#8221; shape=&#8221;square&#8221; el_class=&#8221;btn_descargar_ficha&#8221; link=&#8221;&#8221;link=&#8221;url:https%3A%2F%2Fdeveloping.newgarden.es%2Finstrucciones%2F||target:%20_blank|&#8221;&#8221;&#8221;][\/vc_column][\/vc_row]<\/p>\n<\/section>","protected":false},"excerpt":{"rendered":"<h5 style=\"font-size: 12px;\"><strong>Lampe d&#8217;ext\u00e9rieur solaire polyvalente r\u00e9glable Chloe Plant<\/strong><\/h5>\n","protected":false},"featured_media":53136,"template":"","meta":[],"product_cat":[1695,651,654],"product_tag":[647,707,648],"class_list":{"0":"post-26233","1":"product","2":"type-product","3":"status-publish","4":"has-post-thumbnail","6":"product_cat-productos-fr","7":"product_cat-lightdeco-fr","8":"product_cat-lampadaire","9":"product_tag-cable-fr","10":"product_tag-sans-fil","11":"product_tag-solaire","13":"first","14":"instock","15":"taxable","16":"shipping-taxable","17":"purchasable","18":"product-type-variable"},"df_price":179.6,"df_sale_price":"","df_regular_price":179.6,"df_image_link":"https:\/\/developing.newgarden.es\/wp-content\/uploads\/2020\/02\/CHLOE_PLANT_BATTERY_1200X1200-11-300x300.jpg","_links":{"self":[{"href":"https:\/\/developing.newgarden.es\/fr\/wp-json\/wp\/v2\/product\/26233"}],"collection":[{"href":"https:\/\/developing.newgarden.es\/fr\/wp-json\/wp\/v2\/product"}],"about":[{"href":"https:\/\/developing.newgarden.es\/fr\/wp-json\/wp\/v2\/types\/product"}],"wp:featuredmedia":[{"embeddable":true,"href":"https:\/\/developing.newgarden.es\/fr\/wp-json\/wp\/v2\/media\/53136"}],"wp:attachment":[{"href":"https:\/\/developing.newgarden.es\/fr\/wp-json\/wp\/v2\/media?parent=26233"}],"wp:term":[{"taxonomy":"product_cat","embeddable":true,"href":"https:\/\/developing.newgarden.es\/fr\/wp-json\/wp\/v2\/product_cat?post=26233"},{"taxonomy":"product_tag","embeddable":true,"href":"https:\/\/developing.newgarden.es\/fr\/wp-json\/wp\/v2\/product_tag?post=26233"}],"curies":[{"name":"wp","href":"https:\/\/api.w.org\/{rel}","templated":true}]}}