{"id":26027,"date":"2020-02-19T12:17:17","date_gmt":"2020-02-19T11:17:21","guid":{"rendered":"https:\/\/newgarden.es\/?post_type=product&#038;p=26027"},"modified":"2024-06-11T09:50:48","modified_gmt":"2024-06-11T07:50:48","slug":"table-bora","status":"publish","type":"product","link":"https:\/\/developing.newgarden.es\/fr\/shop\/mobilier\/tables-et-tables-basses\/table-bora\/","title":{"rendered":"TABLE BORA AVEC LUMI\u00c8RE"},"content":{"rendered":"<section class=\"wpb-content-wrapper\"><p>[vc_row][vc_column el_class=&#8221;descripcion_producto&#8221;][vc_column_text]<br \/>\nLa petit table Bora est l&#8217;une des nouveaut\u00e9s phares de Newgarden.<\/p>\n<p>Sa forme cubique se combine dans n&#8217;importe quel espace ext\u00e9rieur ou int\u00e9rieur, jardin, commerce ou dans n&#8217;importe quel coin de notre maison.<\/p>\n<p>C&#8217;est un mod\u00e8le de table tr\u00e8s stable et modulable, vous pouvez le trouver avec le couvercle sup\u00e9rieur \u00e0 effet bambou ou \u00e0 effet marbre. De plus, il est disponible avec une option d&#8217;\u00e9clairage par c\u00e2ble \u00e0 lumi\u00e8re froide et blanc opaque.<\/p>\n<p><em>Le mod\u00e8le Bora est en poly\u00e9thyl\u00e8ne, ce qui le rend l\u00e9ger et tr\u00e8s r\u00e9sistant aux temp\u00e9ratures extr\u00eames. Il est \u00e9galement prot\u00e9g\u00e9 contre les rayons UV, ce qui rend la dur\u00e9e de vie du produit extr\u00eamement longue.<\/em><br \/>\n[\/vc_column_text][\/vc_column][\/vc_row][vc_row disable_element=&#8221;yes&#8221;][vc_column][vc_single_image image=&#8221;6566&#8243; img_size=&#8221;full&#8221;][\/vc_column][\/vc_row][vc_row][vc_column width=&#8221;1\/2&#8243;][vc_btn title=&#8221;Fiche technique&#8221; style=&#8221;custom&#8221; custom_background=&#8221;#009bc2&#8243; custom_text=&#8221;#ffffff&#8221; shape=&#8221;square&#8221; link=&#8221;url:https%3A%2F%2Fbit.ly%2F3tVZ84t|target:%20_blank|&#8221; el_class=&#8221;btn_descargar_ficha&#8221;][vc_btn title=&#8221;FICHA T\u00c9CNICA MARBLE&#8221; style=&#8221;custom&#8221; custom_background=&#8221;#009bc2&#8243; custom_text=&#8221;#ffffff&#8221; shape=&#8221;square&#8221; link=&#8221;url:https%3A%2F%2Fbit.ly%2F3ntNc6p|target:%20_blank|&#8221; el_class=&#8221;btn_descargar_ficha&#8221;][\/vc_column][vc_column width=&#8221;1\/2&#8243;][vc_btn title=&#8221;Manuel d&apos;instrutions&#8221; style=&#8221;custom&#8221; custom_background=&#8221;#009bc2&#8243; custom_text=&#8221;#ffffff&#8221; shape=&#8221;square&#8221; el_class=&#8221;btn_descargar_ficha&#8221; link=&#8221;url:https%3A%2F%2Fbit.ly%2F3OWTO8y|target:%20_blank|&#8221;][vc_btn title=&#8221;MANUAL DE INSTRUCCIONES MARBLE&#8221; style=&#8221;custom&#8221; custom_background=&#8221;#009bc2&#8243; custom_text=&#8221;#ffffff&#8221; shape=&#8221;square&#8221; el_class=&#8221;btn_descargar_ficha&#8221; link=&#8221;url:https%3A%2F%2Fbit.ly%2F3zRUMOT|target:%20_blank|&#8221;][\/vc_column][\/vc_row]<\/p>\n<\/section>","protected":false},"excerpt":{"rendered":"<h1 style=\"font-size: 12px;\">Table Bora avec lumi\u00e8re<\/h1>\n","protected":false},"featured_media":62435,"template":"","meta":[],"product_cat":[657,748],"product_tag":[647,707,648],"class_list":{"0":"post-26027","1":"product","2":"type-product","3":"status-publish","4":"has-post-thumbnail","6":"product_cat-mobilier","7":"product_cat-tables-et-tables-basses","8":"product_tag-cable-fr","9":"product_tag-sans-fil","10":"product_tag-solaire","12":"first","13":"instock","14":"taxable","15":"shipping-taxable","16":"purchasable","17":"product-type-variable"},"df_price":156.5,"df_sale_price":"","df_regular_price":156.5,"df_image_link":"https:\/\/developing.newgarden.es\/wp-content\/uploads\/2020\/02\/bora_1200x1200-5-300x300.jpg","_links":{"self":[{"href":"https:\/\/developing.newgarden.es\/fr\/wp-json\/wp\/v2\/product\/26027"}],"collection":[{"href":"https:\/\/developing.newgarden.es\/fr\/wp-json\/wp\/v2\/product"}],"about":[{"href":"https:\/\/developing.newgarden.es\/fr\/wp-json\/wp\/v2\/types\/product"}],"wp:featuredmedia":[{"embeddable":true,"href":"https:\/\/developing.newgarden.es\/fr\/wp-json\/wp\/v2\/media\/62435"}],"wp:attachment":[{"href":"https:\/\/developing.newgarden.es\/fr\/wp-json\/wp\/v2\/media?parent=26027"}],"wp:term":[{"taxonomy":"product_cat","embeddable":true,"href":"https:\/\/developing.newgarden.es\/fr\/wp-json\/wp\/v2\/product_cat?post=26027"},{"taxonomy":"product_tag","embeddable":true,"href":"https:\/\/developing.newgarden.es\/fr\/wp-json\/wp\/v2\/product_tag?post=26027"}],"curies":[{"name":"wp","href":"https:\/\/api.w.org\/{rel}","templated":true}]}}