{"id":19123,"date":"2019-04-25T16:39:07","date_gmt":"2019-10-21T11:36:57","guid":{"rendered":"https:\/\/newgarden.es\/shop\/sin%20categor\u00eda\/fredo-140\/"},"modified":"2022-02-02T13:20:30","modified_gmt":"2022-02-02T12:20:30","slug":"fredo-140","status":"publish","type":"product","link":"https:\/\/developing.newgarden.es\/fr\/shop\/lightdeco-fr\/lampadaire\/fredo-140\/","title":{"rendered":"LAMPADAIRE FREDO 140"},"content":{"rendered":"<p>LAMPADAIRE <strong>FREDO 140<\/strong><\/p>\n<p>Le lampadaire<strong>\u00a0Fredo 140<\/strong>\u00a0est un lampadaire au design moderne et graphique adapt\u00e9 aux espaces ext\u00e9rieurs, fabriqu\u00e9e en poly\u00e9thyl\u00e8ne.<br \/>\nCe mod\u00e8le existe en deux versions:\u00a0<strong>filaire<\/strong>(par c\u00e2ble d&#8217;alimentation) &#8211;\u00a0<strong>solaire+batterie<\/strong>\u00a0rechargeable<\/p>\n<p>Version\u00a0<strong>FILAIRE<\/strong>(alimentation par c\u00e2ble): Il vous suffit de brancher votre lampe sur secteur pour pouvoir l&#8217;allumer et de la d\u00e9brancher pour l&#8217;\u00e9teindre. Lumi\u00e8re led &#8211; blanc froid ou chaud.<br \/>\nVersion\u00a0<b>BATTERIE RECHARGEABLE\u00a0<\/b>led rgb:\u00a0Se recharge par c\u00e2ble. Utilisez sa t\u00e9l\u00e9commande pour pouvoir l\u2019allumer, l\u2019\u00e9teindre ou choisir la couleur d\u2019illumination que vous souhaitez \u00e0 distance.<\/p>\n<p><em>Tous les produits Newgarden sont fabriqu\u00e9s en poly\u00e9thyl\u00e8ne, ils sont donc l\u00e9gers et tr\u00e8s r\u00e9sistants aux temp\u00e9ratures extr\u00eames. Ils sont \u00e9galement\u00a0r\u00e9sistants aux rayons UV, ce qui rend la dur\u00e9e de vie du produit extraordinairement longue.<\/em><\/p>\n<p>&nbsp;<\/p>\n<ul class=\"tablaTech\">\n<li>\n<div class=\"boxContents no-border\">\n<div class=\"name\"><strong>TAILLE<\/strong><\/div>\n<div class=\"data\">\u00f838 x 140 cm<\/div>\n<\/div>\n<\/li>\n<\/ul>\n","protected":false},"excerpt":{"rendered":"<h5><strong>Lampadaire Fredo 140<\/strong><\/h5>\n","protected":false},"featured_media":64511,"template":"","meta":[],"product_cat":[1695,651,654],"product_tag":[647,707,648],"class_list":{"0":"post-19123","1":"product","2":"type-product","3":"status-publish","4":"has-post-thumbnail","6":"product_cat-productos-fr","7":"product_cat-lightdeco-fr","8":"product_cat-lampadaire","9":"product_tag-cable-fr","10":"product_tag-sans-fil","11":"product_tag-solaire","13":"first","14":"instock","15":"taxable","16":"shipping-taxable","17":"purchasable","18":"product-type-variable"},"df_price":161.6,"df_sale_price":"","df_regular_price":161.6,"df_image_link":"https:\/\/developing.newgarden.es\/wp-content\/uploads\/2019\/04\/FREDO_140_170_BATTERY_1200X1200-18-300x300.jpg","_links":{"self":[{"href":"https:\/\/developing.newgarden.es\/fr\/wp-json\/wp\/v2\/product\/19123"}],"collection":[{"href":"https:\/\/developing.newgarden.es\/fr\/wp-json\/wp\/v2\/product"}],"about":[{"href":"https:\/\/developing.newgarden.es\/fr\/wp-json\/wp\/v2\/types\/product"}],"wp:featuredmedia":[{"embeddable":true,"href":"https:\/\/developing.newgarden.es\/fr\/wp-json\/wp\/v2\/media\/64511"}],"wp:attachment":[{"href":"https:\/\/developing.newgarden.es\/fr\/wp-json\/wp\/v2\/media?parent=19123"}],"wp:term":[{"taxonomy":"product_cat","embeddable":true,"href":"https:\/\/developing.newgarden.es\/fr\/wp-json\/wp\/v2\/product_cat?post=19123"},{"taxonomy":"product_tag","embeddable":true,"href":"https:\/\/developing.newgarden.es\/fr\/wp-json\/wp\/v2\/product_tag?post=19123"}],"curies":[{"name":"wp","href":"https:\/\/api.w.org\/{rel}","templated":true}]}}