{"id":18889,"date":"2019-04-25T16:39:42","date_gmt":"2019-10-21T10:18:14","guid":{"rendered":"https:\/\/newgarden.es\/shop\/sin%20categor\u00eda\/konika-2\/"},"modified":"2022-02-04T09:21:18","modified_gmt":"2022-02-04T08:21:18","slug":"konika-2","status":"publish","type":"product","link":"https:\/\/developing.newgarden.es\/fr\/shop\/lightdeco-fr\/lampadaire\/konika-2\/","title":{"rendered":"LAMPADAIRE KONIKA"},"content":{"rendered":"<p>LAMPADAIRE <strong>KONIKA<\/strong><\/p>\n<p>Le lampadaire\u00a0<strong>Konika<\/strong>\u00a0se d\u00e9marque par son design. Moderne et graphique, il donnera la touche ultra moderne \u00e0 vos espaces. Fabriqu\u00e9 en poly\u00e9thyl\u00e8ne par Newgarden, Konika existe en deux versions;\u00a0<strong>filaire<\/strong>(par c\u00e2ble d&#8217;alimentation, lumi\u00e8re\u00a0blanche froide) &#8211;\u00a0<strong>batterie<\/strong>\u00a0rechargeable(lumi\u00e8re led rgb).<\/p>\n<p>Version\u00a0<strong>FILAIRE<\/strong>(alimentation par c\u00e2ble): Il vous suffit de brancher votre lampe sur secteur pour pouvoir l&#8217;allumer et de la d\u00e9brancher pour l&#8217;\u00e9teindre. Lumi\u00e8re led &#8211; blanc froid ou chaud.<br \/>\nVersion\u00a0<b data-sanitized-data-mce-fragment=\"1\">BATTERIE RECHARGEABLE\u00a0<\/b>led rgb:\u00a0Se recharge par c\u00e2ble \u00e9lectrique. Utilisez sa t\u00e9l\u00e9commande pour pouvoir l\u2019allumer, l\u2019\u00e9teindre ou choisir la couleur d\u2019illumination que vous souhaitez \u00e0 distance.<\/p>\n<p><em>Tous les produits Newgarden sont fabriqu\u00e9s en poly\u00e9thyl\u00e8ne, ils sont donc l\u00e9gers et tr\u00e8s r\u00e9sistants aux temp\u00e9ratures extr\u00eames. Ils sont \u00e9galement\u00a0r\u00e9sistants rayons UV, ce qui rend la dur\u00e9e de vie du produit extraordinairement longue.<\/em><\/p>\n<p>&nbsp;<\/p>\n<ul class=\"tablaTech\">\n<li>\n<div class=\"boxContents no-border\">\n<div class=\"name\"><strong>TAILLE<\/strong><\/div>\n<div class=\"data\">\u00f846&#215;170 cm<\/div>\n<\/div>\n<\/li>\n<\/ul>\n","protected":false},"excerpt":{"rendered":"<h1 style=\"font-size: 12px;\">Lampadaire Konika<\/h1>\n","protected":false},"featured_media":53346,"template":"","meta":[],"product_cat":[1695,651,654],"product_tag":[653,647],"class_list":{"0":"post-18889","1":"product","2":"type-product","3":"status-publish","4":"has-post-thumbnail","6":"product_cat-productos-fr","7":"product_cat-lightdeco-fr","8":"product_cat-lampadaire","9":"product_tag-batterie","10":"product_tag-cable-fr","12":"first","13":"instock","14":"taxable","15":"shipping-taxable","16":"purchasable","17":"product-type-variable"},"df_price":240.3,"df_sale_price":"","df_regular_price":240.3,"df_image_link":"https:\/\/developing.newgarden.es\/wp-content\/uploads\/2019\/04\/KONIKA_170_BATTERY_1200X1200-5-300x300.jpg","_links":{"self":[{"href":"https:\/\/developing.newgarden.es\/fr\/wp-json\/wp\/v2\/product\/18889"}],"collection":[{"href":"https:\/\/developing.newgarden.es\/fr\/wp-json\/wp\/v2\/product"}],"about":[{"href":"https:\/\/developing.newgarden.es\/fr\/wp-json\/wp\/v2\/types\/product"}],"wp:featuredmedia":[{"embeddable":true,"href":"https:\/\/developing.newgarden.es\/fr\/wp-json\/wp\/v2\/media\/53346"}],"wp:attachment":[{"href":"https:\/\/developing.newgarden.es\/fr\/wp-json\/wp\/v2\/media?parent=18889"}],"wp:term":[{"taxonomy":"product_cat","embeddable":true,"href":"https:\/\/developing.newgarden.es\/fr\/wp-json\/wp\/v2\/product_cat?post=18889"},{"taxonomy":"product_tag","embeddable":true,"href":"https:\/\/developing.newgarden.es\/fr\/wp-json\/wp\/v2\/product_tag?post=18889"}],"curies":[{"name":"wp","href":"https:\/\/api.w.org\/{rel}","templated":true}]}}