{"id":18874,"date":"2019-04-25T16:39:43","date_gmt":"2019-10-21T10:03:52","guid":{"rendered":"https:\/\/newgarden.es\/shop\/sin%20categor\u00eda\/cuby-20\/"},"modified":"2021-12-21T16:34:57","modified_gmt":"2021-12-21T15:34:57","slug":"cuby-20","status":"publish","type":"product","link":"https:\/\/developing.newgarden.es\/fr\/shop\/lightdeco-fr\/lampe-a-cote\/cuby-20\/","title":{"rendered":"CUBE LUMINEUX CUBY 20"},"content":{"rendered":"<section class=\"wpb-content-wrapper\"><p>[vc_row][vc_column el_class=&#8221;descripcion_producto&#8221;][vc_column_text]<\/p>\n<p>Lampe d\u00e9corative d&#8217;ext\u00e9rieur de forme cubique fabriqu\u00e9e en poly\u00e9thyl\u00e8ne de la <span style=\"text-decoration: underline;\">collection Cuby<\/span> de chez Newgarden.<br \/>\nCe cube polyvalent peut \u00eatre utilis\u00e9 comme une <strong>d\u00e9coration lumineuse,<\/strong> en <strong>table d&#8217;appoint<\/strong>, ou m\u00eame en tant que <strong>si\u00e8ge<\/strong>. Cr\u00e9ez des ambiances et des espaces adapt\u00e9s \u00e0 vos soir\u00e9es ou vos espaces, que ce soit en int\u00e9rieur ou ext\u00e9rieur.<\/p>\n<p>Ce cube illumin\u00e9 b\u00e9n\u00e9ficie d&#8217;un indice de protection \u00e9lev\u00e9 (IP65), qui le prot\u00e8ge des projections d&#8217;eau,\u00a0 il est donc parfaitement adapt\u00e9 \u00e0 une utilisation en zone humide et pourra \u00eatre install\u00e9 dans votre jardin comme sur votre terrasse. Il sera aussi r\u00e9sistants aux changements climatiques comme aux rayons UV.<\/p>\n<p>La <span style=\"text-decoration: underline;\">collection Cuby<\/span> se d\u00e9cline en diff\u00e9rentes versions et en plusieurs formats. Vous pourrez donc associer et cr\u00e9er des ensembles graphiques et personnalis\u00e9s.<\/p>\n<p><em>Tous les produits Newgarden sont fabriqu\u00e9s en poly\u00e9thyl\u00e8ne, ils sont donc l\u00e9gers et tr\u00e8s r\u00e9sistants aux temp\u00e9ratures extr\u00eames. Ils sont \u00e9galement r\u00e9sistants aux rayons UV, ce qui rend la dur\u00e9e de vie du produit extraordinairement longue.<\/em><\/p>\n<ul class=\"tablaTech\">\n<li>\n<div class=\"boxContents no-border\">\n<div class=\"name\"><strong>TAILLE CUBY 20<\/strong><\/div>\n<div class=\"data\">20 x 20 x 20 cm<\/div>\n<\/div>\n<\/li>\n<\/ul>\n<p>[\/vc_column_text][\/vc_column][\/vc_row][vc_row disable_element=&#8221;yes&#8221;][vc_column][vc_single_image image=&#8221;6566&#8243; img_size=&#8221;full&#8221;][\/vc_column][\/vc_row][vc_row][vc_column width=&#8221;1\/2&#8243;][vc_btn title=&#8221;Fiche technique&#8221; style=&#8221;custom&#8221; custom_background=&#8221;#009bc2&#8243; custom_text=&#8221;#ffffff&#8221; shape=&#8221;square&#8221; link=&#8221;url:https%3A%2F%2Fwww.newgarden.es%2Fwp-content%2Fuploads%2F2018%2F01%2FCuby.pdf|target:%20_blank|&#8221; el_class=&#8221;btn_descargar_ficha&#8221;][\/vc_column][vc_column width=&#8221;1\/2&#8243;][vc_btn title=&#8221;Manuel d&#8217;instrutions&#8221; style=&#8221;custom&#8221; custom_background=&#8221;#009bc2&#8243; custom_text=&#8221;#ffffff&#8221; shape=&#8221;square&#8221; link=&#8221;url:https%3A%2F%2Fdeveloping.newgarden.es%2Fwp-content%2Fuploads%2F2017%2F07%2Fmanual.pdf|target:%20_blank|&#8221; el_class=&#8221;btn_descargar_ficha&#8221;][\/vc_column][\/vc_row]<\/p>\n<\/section>","protected":false},"excerpt":{"rendered":"<h1 style=\"font-size: 12px;\">Cube lumineux Cuby 20<\/h1>\n","protected":false},"featured_media":57153,"template":"","meta":[],"product_cat":[1695,651,652,1584,1590],"product_tag":[647,707,648],"class_list":{"0":"post-18874","1":"product","2":"type-product","3":"status-publish","4":"has-post-thumbnail","6":"product_cat-productos-fr","7":"product_cat-lightdeco-fr","8":"product_cat-lampe-a-cote","9":"product_cat-boules-et-cubes","10":"product_cat-interieur-fr","11":"product_tag-cable-fr","12":"product_tag-sans-fil","13":"product_tag-solaire","15":"first","16":"instock","17":"taxable","18":"shipping-taxable","19":"purchasable","20":"product-type-variable"},"df_price":29.6,"df_sale_price":"","df_regular_price":29.6,"df_image_link":"https:\/\/developing.newgarden.es\/wp-content\/uploads\/2021\/07\/FAMILIA_CUBY_1200X1200-17-300x300.jpg","_links":{"self":[{"href":"https:\/\/developing.newgarden.es\/fr\/wp-json\/wp\/v2\/product\/18874"}],"collection":[{"href":"https:\/\/developing.newgarden.es\/fr\/wp-json\/wp\/v2\/product"}],"about":[{"href":"https:\/\/developing.newgarden.es\/fr\/wp-json\/wp\/v2\/types\/product"}],"wp:featuredmedia":[{"embeddable":true,"href":"https:\/\/developing.newgarden.es\/fr\/wp-json\/wp\/v2\/media\/57153"}],"wp:attachment":[{"href":"https:\/\/developing.newgarden.es\/fr\/wp-json\/wp\/v2\/media?parent=18874"}],"wp:term":[{"taxonomy":"product_cat","embeddable":true,"href":"https:\/\/developing.newgarden.es\/fr\/wp-json\/wp\/v2\/product_cat?post=18874"},{"taxonomy":"product_tag","embeddable":true,"href":"https:\/\/developing.newgarden.es\/fr\/wp-json\/wp\/v2\/product_tag?post=18874"}],"curies":[{"name":"wp","href":"https:\/\/api.w.org\/{rel}","templated":true}]}}