{"id":18696,"date":"2019-04-25T16:44:22","date_gmt":"2019-10-21T09:34:01","guid":{"rendered":"https:\/\/newgarden.es\/shop\/sin%20categor\u00eda\/palma-botellero-luz-2\/"},"modified":"2022-01-24T16:57:34","modified_gmt":"2022-01-24T15:57:34","slug":"palma-botellero-luz-2-2","status":"publish","type":"product","link":"https:\/\/developing.newgarden.es\/fr\/shop\/mobilier\/porte-bouteilles\/palma-botellero-luz-2-2\/","title":{"rendered":"SEAU \u00c0 BOUTEILLE PALMA AVEC LUMI\u00c8RE"},"content":{"rendered":"<section class=\"wpb-content-wrapper\"><p>[vc_row][vc_column el_class=&#8221;descripcion_producto&#8221;][vc_column_text]<\/p>\n<p style=\"text-align: justify;\">SEAU \u00c0 BOUTEILLE <strong>PALMA<\/strong> AVEC LUMI\u00c8RE:<\/p>\n<p>Seau \u00e0 boisson cylindrique lumineux de hauteur moyenne. Id\u00e9al pour donner une touche de design \u00e0 votre maison ou entreprise tout en gardant vos boissons au frais. Il int\u00e8gre deux poign\u00e9es confortables pour une meilleure maniabilit\u00e9.<br \/>\nEn version <strong>SOLAIRE+BATTERIE<\/strong> rechargeable.<\/p>\n<p><em>Tous les produits Newgarden sont fabriqu\u00e9s en poly\u00e9thyl\u00e8ne, ils sont donc l\u00e9gers et tr\u00e8s r\u00e9sistants aux temp\u00e9ratures extr\u00eames. Ils sont \u00e9galement r\u00e9sistants\u00a0aux\u00a0rayons UV, ce qui rend la dur\u00e9e de vie du produit extraordinairement longue.<\/em><\/p>\n<ul class=\"tablaTech\">\n<li>\n<div class=\"boxContents no-border\">\n<div class=\"name\"><strong>TAILLE<\/strong><\/div>\n<div class=\"data\">\u00f835 x 70 cm<\/div>\n<\/div>\n<\/li>\n<\/ul>\n<p>[\/vc_column_text][\/vc_column][\/vc_row][vc_row disable_element=&#8221;yes&#8221;][vc_column][vc_single_image image=&#8221;6566&#8243; img_size=&#8221;full&#8221;][\/vc_column][\/vc_row][vc_row][vc_column width=&#8221;1\/2&#8243;][vc_btn title=&#8221;Fiche technique&#8221; style=&#8221;custom&#8221; custom_background=&#8221;#009bc2&#8243; custom_text=&#8221;#ffffff&#8221; shape=&#8221;square&#8221; link=&#8221;url:https%3A%2F%2Fwww.newgarden.es%2Fwp-content%2Fuploads%2F2018%2F05%2FPalma-botellero.pdf|target:%20_blank|&#8221; el_class=&#8221;btn_descargar_ficha&#8221;][\/vc_column][vc_column width=&#8221;1\/2&#8243;][vc_btn title=&#8221;Manuel d&#8217;instrutions&#8221; style=&#8221;custom&#8221; custom_background=&#8221;#009bc2&#8243; custom_text=&#8221;#ffffff&#8221; shape=&#8221;square&#8221; link=&#8221;url:https%3A%2F%2Fdeveloping.newgarden.es%2Finstrucciones%2F||target:%20_blank|&#8221; el_class=&#8221;btn_descargar_ficha&#8221;][\/vc_column][\/vc_row]<\/p>\n<\/section>","protected":false},"excerpt":{"rendered":"<h1 style=\"font-size: 12px;\">Seau \u00e0 bouteille lumineux Palma<\/h1>\n","protected":false},"featured_media":64021,"template":"","meta":[],"product_cat":[651,657,1609],"product_tag":[707,648],"class_list":{"0":"post-18696","1":"product","2":"type-product","3":"status-publish","4":"has-post-thumbnail","6":"product_cat-lightdeco-fr","7":"product_cat-mobilier","8":"product_cat-porte-bouteilles","9":"product_tag-sans-fil","10":"product_tag-solaire","12":"first","13":"instock","14":"taxable","15":"shipping-taxable","16":"purchasable","17":"product-type-variable"},"df_price":123.6,"df_sale_price":"","df_regular_price":123.6,"df_image_link":"https:\/\/developing.newgarden.es\/wp-content\/uploads\/2019\/06\/PALMA_BOTELLERO_1200X1200-4-1-300x300.jpg","_links":{"self":[{"href":"https:\/\/developing.newgarden.es\/fr\/wp-json\/wp\/v2\/product\/18696"}],"collection":[{"href":"https:\/\/developing.newgarden.es\/fr\/wp-json\/wp\/v2\/product"}],"about":[{"href":"https:\/\/developing.newgarden.es\/fr\/wp-json\/wp\/v2\/types\/product"}],"wp:featuredmedia":[{"embeddable":true,"href":"https:\/\/developing.newgarden.es\/fr\/wp-json\/wp\/v2\/media\/64021"}],"wp:attachment":[{"href":"https:\/\/developing.newgarden.es\/fr\/wp-json\/wp\/v2\/media?parent=18696"}],"wp:term":[{"taxonomy":"product_cat","embeddable":true,"href":"https:\/\/developing.newgarden.es\/fr\/wp-json\/wp\/v2\/product_cat?post=18696"},{"taxonomy":"product_tag","embeddable":true,"href":"https:\/\/developing.newgarden.es\/fr\/wp-json\/wp\/v2\/product_tag?post=18696"}],"curies":[{"name":"wp","href":"https:\/\/api.w.org\/{rel}","templated":true}]}}