{"id":18686,"date":"2019-04-25T16:44:24","date_gmt":"2019-10-21T09:33:40","guid":{"rendered":"https:\/\/newgarden.es\/shop\/sin%20categor\u00eda\/sicilia-120-color\/"},"modified":"2024-06-13T09:50:17","modified_gmt":"2024-06-13T07:50:17","slug":"sicilia-120-color","status":"publish","type":"product","link":"https:\/\/developing.newgarden.es\/fr\/shop\/mobilier\/bars\/sicilia-120-color\/","title":{"rendered":"BAR \u00c0 DOUBLE HAUTEUR SICILIA 120 SANS LUMI\u00c8RE"},"content":{"rendered":"<section class=\"wpb-content-wrapper\"><p>[vc_row][vc_column el_class=&#8221;descripcion_producto&#8221;][vc_column_text]<\/p>\n<p style=\"text-align: justify;\">*SICILIA : Elle a la hauteur id\u00e9ale pour \u00eatre utilis\u00e9 comme bar ou comptoir de r\u00e9ception. Sa double hauteur offre une surface de travail stable. Le mod\u00e8le SICILIA 120 dispose d&#8217;une ouverture inf\u00e9rieure pr\u00e9par\u00e9e pour recevoir un casier \u00e0 bouteilles r\u00e9frig\u00e9r\u00e9 standard.<\/p>\n<p style=\"text-align: justify;\"><em>Tous les produits Newgarden sont fabriqu\u00e9s en poly\u00e9thyl\u00e8ne, ils sont donc l\u00e9gers et tr\u00e8s r\u00e9sistants aux temp\u00e9ratures extr\u00eames. Ils sont \u00e9galement prot\u00e9g\u00e9s contre les rayons UV, ce qui rend la dur\u00e9e de vie du produit extraordinairement longue. <\/em><\/p>\n<p>[\/vc_column_text][\/vc_column][\/vc_row][vc_row disable_element=&#8221;yes&#8221;][vc_column][vc_single_image image=&#8221;6566&#8243; img_size=&#8221;full&#8221;][\/vc_column][\/vc_row][vc_row][vc_column width=&#8221;1\/2&#8243;][vc_btn title=&#8221;Fiche technique&#8221; style=&#8221;custom&#8221; custom_background=&#8221;#009bc2&#8243; custom_text=&#8221;#ffffff&#8221; shape=&#8221;square&#8221; link=&#8221;url:https%3A%2F%2Fbit.ly%2F3QBcV9p|target:%20_blank|&#8221; el_class=&#8221;btn_descargar_ficha&#8221;][\/vc_column][vc_column width=&#8221;1\/2&#8243;][\/vc_column][\/vc_row]<\/p>\n<\/section>","protected":false},"excerpt":{"rendered":"<h1 style=\"font-size: 12px;\">Bar \u00e0 double hauteur Sicilia 120 de couleur opaque<\/h1>\n","protected":false},"featured_media":63996,"template":"","meta":[],"product_cat":[657,1614],"product_tag":[],"class_list":{"0":"post-18686","1":"product","2":"type-product","3":"status-publish","4":"has-post-thumbnail","6":"product_cat-mobilier","7":"product_cat-bars","9":"first","10":"instock","11":"taxable","12":"shipping-taxable","13":"purchasable","14":"product-type-variable"},"df_price":839,"df_sale_price":"","df_regular_price":839,"df_image_link":"https:\/\/developing.newgarden.es\/wp-content\/uploads\/2019\/04\/SICILIA_75_120_1200X1200-4-300x300.jpg","_links":{"self":[{"href":"https:\/\/developing.newgarden.es\/fr\/wp-json\/wp\/v2\/product\/18686"}],"collection":[{"href":"https:\/\/developing.newgarden.es\/fr\/wp-json\/wp\/v2\/product"}],"about":[{"href":"https:\/\/developing.newgarden.es\/fr\/wp-json\/wp\/v2\/types\/product"}],"wp:featuredmedia":[{"embeddable":true,"href":"https:\/\/developing.newgarden.es\/fr\/wp-json\/wp\/v2\/media\/63996"}],"wp:attachment":[{"href":"https:\/\/developing.newgarden.es\/fr\/wp-json\/wp\/v2\/media?parent=18686"}],"wp:term":[{"taxonomy":"product_cat","embeddable":true,"href":"https:\/\/developing.newgarden.es\/fr\/wp-json\/wp\/v2\/product_cat?post=18686"},{"taxonomy":"product_tag","embeddable":true,"href":"https:\/\/developing.newgarden.es\/fr\/wp-json\/wp\/v2\/product_tag?post=18686"}],"curies":[{"name":"wp","href":"https:\/\/api.w.org\/{rel}","templated":true}]}}