{"id":18277,"date":"2019-04-26T16:31:43","date_gmt":"2019-10-21T07:17:11","guid":{"rendered":"https:\/\/newgarden.es\/shop\/sin%20categor\u00eda\/tarida-tab-2\/"},"modified":"2024-06-13T09:44:49","modified_gmt":"2024-06-13T07:44:49","slug":"tarida-tab-2","status":"publish","type":"product","link":"https:\/\/developing.newgarden.es\/fr\/shop\/lightdeco-fr\/haut-parleurs\/tarida-tab-2\/","title":{"rendered":"TABLE BASSE TARIDA TAB SANS LUMI\u00c8RE"},"content":{"rendered":"<section class=\"wpb-content-wrapper\"><p>[vc_row][vc_column el_class=&#8221;descripcion_producto&#8221;][vc_column_text]<\/p>\n<p style=\"text-align: justify;\"><em>*TARIDA TAB: Mesita de centro rectangular que forma parte de la colecci\u00f3n TARIDA. Tiene una cavidad en su superficie para poder utilizarla como botellero, macetero, revistero&#8230; Tambi\u00e9n incluye un t<\/em><em>ablero de metacrilato para conseguir una mayor superficie en la base. Disponible en varios colores y acabados. La opci\u00f3n PLAY te permite disfrutar de tu m\u00fasica favorita conectando tu dispositivo por bluetooth. Y con el acabado SOLAR olv\u00eddate de cables. <\/em><\/p>\n<p style=\"text-align: justify;\"><em>\u00a0Comb\u00ednalo con <a href=\"https:\/\/developing.newgarden.es\/shop\/coleccion\/mobiliario\/tarida-sit\/\">TARIDA SIT<\/a> para crear ambientes chill out en tu hogar o negocio. <\/em><\/p>\n<p style=\"text-align: justify;\"><em>Todos los productos Newgarden est\u00e1n fabricados en polietileno, por lo que son ligeros y muy resistentes a temperaturas extremas. Tambi\u00e9n est\u00e1n protegidos contra los rayos UV, haciendo que la vida \u00fatil del producto sea extraordinariamente larga. \u00a0<\/em><\/p>\n<p><em>\u00a0\u00a0<\/em>[\/vc_column_text][\/vc_column][\/vc_row][vc_row disable_element=&#8221;yes&#8221;][vc_column][vc_single_image image=&#8221;6566&#8243; img_size=&#8221;full&#8221;][\/vc_column][\/vc_row][vc_row][vc_column width=&#8221;1\/2&#8243;][vc_btn title=&#8221;Fiche technique&#8221; style=&#8221;custom&#8221; custom_background=&#8221;#009bc2&#8243; custom_text=&#8221;#ffffff&#8221; shape=&#8221;square&#8221; link=&#8221;url:https%3A%2F%2Fbit.ly%2F3SLzQkk|target:%20_blank|&#8221; el_class=&#8221;btn_descargar_ficha&#8221;][vc_btn title=&#8221;Fiche technique&#8221; style=&#8221;custom&#8221; custom_background=&#8221;#009bc2&#8243; custom_text=&#8221;#ffffff&#8221; shape=&#8221;square&#8221; link=&#8221;url:https%3A%2F%2Fbit.ly%2F3xOwAuD|target:%20_blank|&#8221; el_class=&#8221;btn_descargar_ficha&#8221;][vc_btn title=&#8221;Fiche technique&#8221; style=&#8221;custom&#8221; custom_background=&#8221;#009bc2&#8243; custom_text=&#8221;#ffffff&#8221; shape=&#8221;square&#8221; link=&#8221;url:https%3A%2F%2Fbit.ly%2F3w1M0vE|target:%20_blank|&#8221; el_class=&#8221;btn_descargar_ficha&#8221;][\/vc_column][vc_column width=&#8221;1\/2&#8243;][vc_btn title=&#8221;Manuel d&apos;instrutions&#8221; style=&#8221;custom&#8221; custom_background=&#8221;#009bc2&#8243; custom_text=&#8221;#ffffff&#8221; shape=&#8221;square&#8221; link=&#8221;url:https%3A%2F%2Fbit.ly%2F3QJ7F3H|target:%20_blank|&#8221; el_class=&#8221;btn_descargar_ficha&#8221;][vc_btn title=&#8221;Manuel d&apos;instrutions&#8221; style=&#8221;custom&#8221; custom_background=&#8221;#009bc2&#8243; custom_text=&#8221;#ffffff&#8221; shape=&#8221;square&#8221; link=&#8221;url:https%3A%2F%2Fbit.ly%2F3Qo29DG|target:%20_blank|&#8221; el_class=&#8221;btn_descargar_ficha&#8221;][\/vc_column][\/vc_row]<\/p>\n<\/section>","protected":false},"excerpt":{"rendered":"<h1 style=\"font-size: 12px;\">Table basse Tarida Tab sans lumi\u00e8re couleur &#8211; blanc opaque \/ haut-parleur+lumi\u00e8re \/\u00a0avec lumi\u00e8re<\/h1>\n","protected":false},"featured_media":56434,"template":"","meta":[],"product_cat":[651,743,657],"product_tag":[707,648],"class_list":{"0":"post-18277","1":"product","2":"type-product","3":"status-publish","4":"has-post-thumbnail","6":"product_cat-lightdeco-fr","7":"product_cat-haut-parleurs","8":"product_cat-mobilier","9":"product_tag-sans-fil","10":"product_tag-solaire","12":"first","13":"instock","14":"taxable","15":"shipping-taxable","16":"purchasable","17":"product-type-variable"},"df_price":95.4,"df_sale_price":"","df_regular_price":95.4,"df_image_link":"https:\/\/developing.newgarden.es\/wp-content\/uploads\/2019\/04\/TARIDA-TAB_1200X1200-2-300x300.jpg","_links":{"self":[{"href":"https:\/\/developing.newgarden.es\/fr\/wp-json\/wp\/v2\/product\/18277"}],"collection":[{"href":"https:\/\/developing.newgarden.es\/fr\/wp-json\/wp\/v2\/product"}],"about":[{"href":"https:\/\/developing.newgarden.es\/fr\/wp-json\/wp\/v2\/types\/product"}],"wp:featuredmedia":[{"embeddable":true,"href":"https:\/\/developing.newgarden.es\/fr\/wp-json\/wp\/v2\/media\/56434"}],"wp:attachment":[{"href":"https:\/\/developing.newgarden.es\/fr\/wp-json\/wp\/v2\/media?parent=18277"}],"wp:term":[{"taxonomy":"product_cat","embeddable":true,"href":"https:\/\/developing.newgarden.es\/fr\/wp-json\/wp\/v2\/product_cat?post=18277"},{"taxonomy":"product_tag","embeddable":true,"href":"https:\/\/developing.newgarden.es\/fr\/wp-json\/wp\/v2\/product_tag?post=18277"}],"curies":[{"name":"wp","href":"https:\/\/api.w.org\/{rel}","templated":true}]}}