{"id":18192,"date":"2019-04-26T16:34:29","date_gmt":"2019-10-21T07:05:44","guid":{"rendered":"https:\/\/newgarden.es\/shop\/sin%20categor\u00eda\/plats-pour-pots-de-fleurs\/"},"modified":"2024-06-13T14:18:27","modified_gmt":"2024-06-13T12:18:27","slug":"plats-pour-pots-de-fleurs","status":"publish","type":"product","link":"https:\/\/developing.newgarden.es\/fr\/shop\/pot-de-fleur\/plats-pour-pots-de-fleurs\/","title":{"rendered":"PLAQUES POUR POTS DE FLEURS"},"content":{"rendered":"<section class=\"wpb-content-wrapper\"><p>[vc_row][vc_column el_class=&#8221;descripcion_producto&#8221;][vc_column_text]<\/p>\n<p style=\"text-align: justify;\"><em>*Plats pour Pots de Fleurs. Texturis\u00e9 en finition lisse. Disponible en diff\u00e9rentes finitions et couleurs.<\/em><\/p>\n<p><strong>Plat:<\/strong>40 carr\u00e9 : (41 cm int 50 cm ext) Valable pour les mod\u00e8les Melisa 40 Calendula 50 Melisa 30 Narcisse 35 Narcisse 40 Melisa 50.<br \/>\n<strong>Plats:<\/strong> carr\u00e9e 50 : (52 cm int615 cm ext) Valable pour le mod\u00e8le Narcisse 50.<br \/>\n<em><strong>Assiette ronde 30:<\/strong> ( \u00d8315 cm int,<\/em> \u00d837 cm ext<em>) Valable pour les mod\u00e8les Bamb\u00fa 90 Petunia 36 Bamb\u00fa 70, Magnolia 45, Rosa 45, Violeta 40, Girasol 45.<br \/>\n<strong>Plat 40 carr\u00e9:<\/strong> (41 cm int 50 cm ext) Valable pour les mod\u00e8les Rosa55, Gerbera 45, Violeta 55, Magnolia 60.<\/em><\/p>\n<p style=\"text-align: justify;\"><em>Tous les produits Newgarden sont fabriqu\u00e9s en poly\u00e9thyl\u00e8ne, ils sont donc l\u00e9gers et tr\u00e8s r\u00e9sistants aux temp\u00e9ratures extr\u00eames. Ils sont \u00e9galement prot\u00e9g\u00e9s contre les rayons UV, ce qui rend la dur\u00e9e de vie du produit extraordinairement longue.<\/em><\/p>\n<p>[\/vc_column_text][\/vc_column][\/vc_row][vc_row disable_element=&#8221;yes&#8221;][vc_column][vc_single_image image=&#8221;6566&#8243; img_size=&#8221;full&#8221;][\/vc_column][\/vc_row]<\/p>\n<\/section>","protected":false},"excerpt":{"rendered":"<h1 style=\"font-size: 12px;\">Plateau pour Pot de fleurs d&#8217;ext\u00e9rieur ronds et carr\u00e9s<\/h1>\n","protected":false},"featured_media":64406,"template":"","meta":[],"product_cat":[643],"product_tag":[],"class_list":{"0":"post-18192","1":"product","2":"type-product","3":"status-publish","4":"has-post-thumbnail","6":"product_cat-pot-de-fleur","8":"first","9":"instock","10":"taxable","11":"shipping-taxable","12":"purchasable","13":"product-type-variable"},"df_price":10.3,"df_sale_price":"","df_regular_price":10.3,"df_image_link":"https:\/\/developing.newgarden.es\/wp-content\/uploads\/2019\/04\/PLATOS_1200X1200-300x300.jpg","_links":{"self":[{"href":"https:\/\/developing.newgarden.es\/fr\/wp-json\/wp\/v2\/product\/18192"}],"collection":[{"href":"https:\/\/developing.newgarden.es\/fr\/wp-json\/wp\/v2\/product"}],"about":[{"href":"https:\/\/developing.newgarden.es\/fr\/wp-json\/wp\/v2\/types\/product"}],"wp:featuredmedia":[{"embeddable":true,"href":"https:\/\/developing.newgarden.es\/fr\/wp-json\/wp\/v2\/media\/64406"}],"wp:attachment":[{"href":"https:\/\/developing.newgarden.es\/fr\/wp-json\/wp\/v2\/media?parent=18192"}],"wp:term":[{"taxonomy":"product_cat","embeddable":true,"href":"https:\/\/developing.newgarden.es\/fr\/wp-json\/wp\/v2\/product_cat?post=18192"},{"taxonomy":"product_tag","embeddable":true,"href":"https:\/\/developing.newgarden.es\/fr\/wp-json\/wp\/v2\/product_tag?post=18192"}],"curies":[{"name":"wp","href":"https:\/\/api.w.org\/{rel}","templated":true}]}}