{"id":18079,"date":"2019-04-26T16:35:45","date_gmt":"2019-10-18T07:02:29","guid":{"rendered":"https:\/\/newgarden.es\/shop\/sin%20categor\u00eda\/woody-by-valerio-sommella-2\/"},"modified":"2022-01-24T16:59:30","modified_gmt":"2022-01-24T15:59:30","slug":"woody-by-valerio-sommella-2","status":"publish","type":"product","link":"https:\/\/developing.newgarden.es\/fr\/shop\/lightdeco-fr\/haut-parleurs\/woody-by-valerio-sommella-2\/","title":{"rendered":"SEAU \u00c0 BOUTEILLES LUMINEUX WOODY AVEC HAUT-PARLEUR\/ SANS HAUT-PARLEUR"},"content":{"rendered":"<section class=\"wpb-content-wrapper\"><p>&nbsp;<\/p>\n<p>[vc_row][vc_column el_class=&#8221;descripcion_producto&#8221;][vc_column_text]<\/p>\n<p>SEAU \u00c0 BOUTEILLES LUMINEUX <strong>WOODY<\/strong> AVEC HAUT-PARLEUR\/ SANS HAUT-PARLEUR:<br \/>\n<span style=\"text-decoration: underline;\"><em><br \/>\n<\/em><\/span>Il existe de nombreux seaux \u00e0 bouteilles sur le march\u00e9, mais en avez-vous trouv\u00e9 un capable de garder la fra\u00eecheur de vos boissons et de reproduire votre musique pr\u00e9f\u00e9r\u00e9e en m\u00eame temps ?<br \/>\nFabriqu\u00e9 en poly\u00e9thyl\u00e8ne avec la technique du rotomoulage, il s\u2019adapte parfaitement en ext\u00e9rieur et r\u00e9siste \u00e0 des temp\u00e9ratures de \u2013 45 \u00e0 +55\u00baC sans subir aucune alt\u00e9ration, que se soit sur sa forme ou sa couleur. Son proc\u00e9d\u00e9 de fabrication en fait un objet l\u00e9ger mais avec une grande r\u00e9sistance aux chocs.<\/p>\n<p>Existe en deux versions:\u00a0<strong data-sanitized-data-mce-fragment=\"1\">PLAY<\/strong><span data-sanitized-data-mce-fragment=\"1\">\u00a0batterie+haut-parleur &#8211;\u00a0<\/span><strong data-sanitized-data-mce-fragment=\"1\">solaire+charge batterie<\/strong><\/p>\n<p>Version\u00a0<strong>PLAY<\/strong>: Le seau\u00a0<span data-sanitized-data-mce-fragment=\"1\">se charge par batterie (chargeur fourni) en 4 \u00e0 6 heures pour une autonomie de 8 \u00e0 12 heures ! Il est \u00e9quip\u00e9 d&#8217;une t\u00e9l\u00e9commande (fournie) qui permet de choisir parmi 128 couleurs et blanc et de la technologie Bluetooth qui vous permet de l&#8217;utiliser comme haut-parleur sans fil. Cette version est int\u00e9gr\u00e9e d&#8217;un haut-parleur de 10W.<\/span><\/p>\n<p>Version\u00a0<strong>SOLAIRE+BATTERIE RECHARGEABLE<\/strong> led rgb Woody est \u00e9quip\u00e9 d&#8217;un capteur cr\u00e9pusculaire qui d\u00e9clenche automatiquement l&#8217;allumage \u00e0 la nuit tomb\u00e9e. Ce seau led rgb b\u00e9n\u00e9ficie de la technologie Newgarden solaire+charge batterie : il se charge par le soleil (8 \u00e0 12h) pour une autonomie de 2 \u00e0 6 heures ou par batterie (chargeur fourni) en 4 \u00e0 6 heures pour une autonomie de 12 \u00e0 36 heures ! Il est \u00e9quip\u00e9 d&#8217;une t\u00e9l\u00e9commande (fournie) qui permet de choisir parmi 128 couleurs et trois blancs.<\/p>\n<p>Pour faciliter son\u00a0transport, il dispose d\u2019une poign\u00e9e \u00e9l\u00e9gante et confortable en simili cuir r\u00e9sistant aux liquides et aux intemp\u00e9ries. Il est int\u00e9gr\u00e9 d&#8217;un\u00a0<strong>COOLER<\/strong> en aluminium (inoxydable) qui permet de conserver le froid.<\/p>\n<p><em>De la rencontre entre le prestigieux designer<span style=\"text-decoration: underline;\"> Valerio Sommella<\/span> et Newgarden na\u00eet une nouvelle gamme de produits lumineux et musicaux inspir\u00e9s de la M\u00e9diterran\u00e9e, qui viennent conqu\u00e9rir nos maisons et les impr\u00e9gner de l\u2019esprit Behappy.<\/em><\/p>\n<p><em>Tous les produits Newgarden sont fabriqu\u00e9s en poly\u00e9thyl\u00e8ne, ils sont donc l\u00e9gers et tr\u00e8s r\u00e9sistants aux temp\u00e9ratures extr\u00eames. Ils sont \u00e9galement r\u00e9sistants\u00a0aux\u00a0rayons UV, ce qui rend la dur\u00e9e de vie du produit extraordinairement longue.<\/em><\/p>\n<ul>\n<li class=\"name\"><strong>TAILLE<br \/>\n<\/strong>\u00f839 x 70 cm<\/li>\n<\/ul>\n<p>&nbsp;<\/p>\n<p>[\/vc_column_text][\/vc_column][\/vc_row][vc_row disable_element=&#8221;yes&#8221;][vc_column][vc_single_image image=&#8221;6566&#8243; img_size=&#8221;full&#8221;][\/vc_column][\/vc_row][vc_row][vc_column width=&#8221;1\/2&#8243;][vc_btn title=&#8221;Fiche technique&#8221; style=&#8221;custom&#8221; custom_background=&#8221;#009bc2&#8243; custom_text=&#8221;#ffffff&#8221; shape=&#8221;square&#8221; link=&#8221;url:https%3A%2F%2Fwww.newgarden.es%2Fwp-content%2Fuploads%2F2018%2F05%2FModelo-Play.pdf|target:%20_blank|&#8221; el_class=&#8221;btn_descargar_ficha&#8221;][\/vc_column][vc_column width=&#8221;1\/2&#8243;][vc_btn title=&#8221;Manuel d&#8217;instrutions&#8221; style=&#8221;custom&#8221; custom_background=&#8221;#009bc2&#8243; custom_text=&#8221;#ffffff&#8221; shape=&#8221;square&#8221; link=&#8221;url:https%3A%2F%2Fdeveloping.newgarden.es%2Finstrucciones%2F||target:%20_blank|&#8221; el_class=&#8221;btn_descargar_ficha&#8221;][\/vc_column][\/vc_row]<\/p>\n<\/section>","protected":false},"excerpt":{"rendered":"<h1 style=\"font-size: 12px;\">Seau \u00e0 boissons lumineux Woody avec haut-parleur \/ sans haut-parleur<\/h1>\n","protected":false},"featured_media":56399,"template":"","meta":[],"product_cat":[743,657],"product_tag":[653,707],"class_list":{"0":"post-18079","1":"product","2":"type-product","3":"status-publish","4":"has-post-thumbnail","6":"product_cat-haut-parleurs","7":"product_cat-mobilier","8":"product_tag-batterie","9":"product_tag-sans-fil","11":"first","12":"instock","13":"taxable","14":"shipping-taxable","15":"purchasable","16":"product-type-variable"},"df_price":155.9,"df_sale_price":"","df_regular_price":155.9,"df_image_link":"https:\/\/developing.newgarden.es\/wp-content\/uploads\/2019\/04\/WOODY_PLAY_SOLAR_1200X1200-3-300x300.png","_links":{"self":[{"href":"https:\/\/developing.newgarden.es\/fr\/wp-json\/wp\/v2\/product\/18079"}],"collection":[{"href":"https:\/\/developing.newgarden.es\/fr\/wp-json\/wp\/v2\/product"}],"about":[{"href":"https:\/\/developing.newgarden.es\/fr\/wp-json\/wp\/v2\/types\/product"}],"wp:featuredmedia":[{"embeddable":true,"href":"https:\/\/developing.newgarden.es\/fr\/wp-json\/wp\/v2\/media\/56399"}],"wp:attachment":[{"href":"https:\/\/developing.newgarden.es\/fr\/wp-json\/wp\/v2\/media?parent=18079"}],"wp:term":[{"taxonomy":"product_cat","embeddable":true,"href":"https:\/\/developing.newgarden.es\/fr\/wp-json\/wp\/v2\/product_cat?post=18079"},{"taxonomy":"product_tag","embeddable":true,"href":"https:\/\/developing.newgarden.es\/fr\/wp-json\/wp\/v2\/product_tag?post=18079"}],"curies":[{"name":"wp","href":"https:\/\/api.w.org\/{rel}","templated":true}]}}