{"id":18058,"date":"2019-04-26T16:36:25","date_gmt":"2019-10-18T06:57:33","guid":{"rendered":"https:\/\/newgarden.es\/shop\/sin%20categor\u00eda\/cooler-2\/"},"modified":"2021-12-17T09:44:52","modified_gmt":"2021-12-17T08:44:52","slug":"cooler-2","status":"publish","type":"product","link":"https:\/\/developing.newgarden.es\/fr\/shop\/mobilier\/cooler-2\/","title":{"rendered":"COOLER"},"content":{"rendered":"<section class=\"wpb-content-wrapper\"><p>[vc_row][vc_column][\/vc_column][\/vc_row][vc_row][vc_column][vc_column_text]<\/p>\n<p>[\/vc_column_text][\/vc_column][\/vc_row][vc_row][vc_column el_class=&#8221;descripcion_producto&#8221;][vc_column_text]<\/p>\n<p style=\"text-align: justify;\">SEAU RAFRAICHISSANT COOLER: Seau \u00e0 glace et\/ou boissons en aluminium, con\u00e7u et adapt\u00e9 au mod\u00e8le Palma et Bambu.<br \/>\nAluminium inoxydable. Ce seau a \u00e9t\u00e9 cr\u00e9e avec une chambre d&#8217;air interne entre le plastique et le m\u00e9tal qui favorise le refroidissement et maintient le froid plus de temps.<\/p>\n<p>[\/vc_column_text][\/vc_column][\/vc_row][vc_row disable_element=&#8221;yes&#8221;][vc_column][vc_single_image image=&#8221;6566&#8243; img_size=&#8221;full&#8221;][\/vc_column][\/vc_row][vc_row][vc_column width=&#8221;1\/2&#8243;][vc_btn title=&#8221;Fiche technique&#8221; style=&#8221;custom&#8221; custom_background=&#8221;#009bc2&#8243; custom_text=&#8221;#ffffff&#8221; shape=&#8221;square&#8221; link=&#8221;url:https%3A%2F%2Fwww.newgarden.es%2Fwp-content%2Fuploads%2F2018%2F05%2FCooler.pdf|target:%20_blank|&#8221; el_class=&#8221;btn_descargar_ficha&#8221;][\/vc_column][vc_column width=&#8221;1\/2&#8243;][vc_btn title=&#8221;Manuel d&#8217;instrutions&#8221; style=&#8221;custom&#8221; custom_background=&#8221;#009bc2&#8243; custom_text=&#8221;#ffffff&#8221; shape=&#8221;square&#8221; link=&#8221;url:https%3A%2F%2Fdeveloping.newgarden.es%2Finstrucciones%2F||target:%20_blank|&#8221; el_class=&#8221;btn_descargar_ficha&#8221;][\/vc_column][\/vc_row]<\/p>\n<\/section>","protected":false},"excerpt":{"rendered":"<h1 style=\"font-size: 12px;\">Accessoire Bouteille Aluminium Cooler<\/h1>\n","protected":false},"featured_media":64586,"template":"","meta":[],"product_cat":[657],"product_tag":[],"class_list":{"0":"post-18058","1":"product","2":"type-product","3":"status-publish","4":"has-post-thumbnail","6":"product_cat-mobilier","8":"first","9":"instock","10":"taxable","11":"shipping-taxable","12":"purchasable","13":"product-type-simple"},"df_price":33.2,"df_sale_price":"","df_regular_price":33.2,"df_image_link":"https:\/\/developing.newgarden.es\/wp-content\/uploads\/2019\/04\/COOLER_1200X1200-300x300.jpg","_links":{"self":[{"href":"https:\/\/developing.newgarden.es\/fr\/wp-json\/wp\/v2\/product\/18058"}],"collection":[{"href":"https:\/\/developing.newgarden.es\/fr\/wp-json\/wp\/v2\/product"}],"about":[{"href":"https:\/\/developing.newgarden.es\/fr\/wp-json\/wp\/v2\/types\/product"}],"wp:featuredmedia":[{"embeddable":true,"href":"https:\/\/developing.newgarden.es\/fr\/wp-json\/wp\/v2\/media\/64586"}],"wp:attachment":[{"href":"https:\/\/developing.newgarden.es\/fr\/wp-json\/wp\/v2\/media?parent=18058"}],"wp:term":[{"taxonomy":"product_cat","embeddable":true,"href":"https:\/\/developing.newgarden.es\/fr\/wp-json\/wp\/v2\/product_cat?post=18058"},{"taxonomy":"product_tag","embeddable":true,"href":"https:\/\/developing.newgarden.es\/fr\/wp-json\/wp\/v2\/product_tag?post=18058"}],"curies":[{"name":"wp","href":"https:\/\/api.w.org\/{rel}","templated":true}]}}