{"id":17981,"date":"2019-04-29T11:32:07","date_gmt":"2019-10-14T11:57:52","guid":{"rendered":"https:\/\/newgarden.es\/shop\/sin%20categor\u00eda\/norai-2\/"},"modified":"2023-03-14T11:27:13","modified_gmt":"2023-03-14T10:27:13","slug":"norai-2","status":"publish","type":"product","link":"https:\/\/developing.newgarden.es\/fr\/shop\/lightdeco-fr\/lampes-suspendues\/norai-2\/","title":{"rendered":"SUSPENSION D&#8217;EXT\u00c9RIEUR NORAI"},"content":{"rendered":"<section class=\"wpb-content-wrapper\"><p>[vc_row][vc_column][vc_column_text]<\/p>\n<p>[\/vc_column_text][\/vc_column][\/vc_row][vc_row][vc_column el_class=&#8221;descripcion_producto&#8221;][vc_column_text]<\/p>\n<p>SUSPENSION D&#8217;EXT\u00c9RIEUR <strong>NORAI<\/strong>:<\/p>\n<p>Suspension d&#8217;ext\u00e9rieur avec t\u00e9l\u00e9commande <strong>Norai<\/strong>, fabriqu\u00e9e par\u00a0<span style=\"text-decoration: underline;\">Newgarden<\/span>\u00a0est compos\u00e9e d&#8217;une corde (L1.5m) et d&#8217;un diffuseur de lumi\u00e8re en forme de boule stri\u00e9e en ABS. La suspension\u00a0<strong>Norai<\/strong>\u00a0est livr\u00e9e avec une batterie rechargeable par c\u00e2ble micro USB 1M (fourni mais sans adaptateur) et \u00e9galement une t\u00e9l\u00e9commande permettant de contr\u00f4ler \u00e0 distance votre luminaire.<br \/>\nGr\u00e2ce sa batterie rechargeable et sa grande autonomie (12h \u00e0 36h),\u00a0<strong>Norai<\/strong> pourra vous accompagner partout dans votre jardin. Elle dispose d&#8217;un variateur de couleurs (RGB) avec 128 couleurs de LED !<\/p>\n<p>La suspension\u00a0<strong>Norai<\/strong>\u00a0se recharge entre 6h et 8h, pour vous permettre de profiter de votre jardin chaque jour de l&#8217;\u00e9t\u00e9.<\/p>\n<p>Disponible en 3 couleurs : <strong>gris<\/strong>,\u00a0<strong>rose<\/strong>\u00a0ou\u00a0<strong>beige<\/strong>.<\/p>\n<p><em>Tous les produits Newgarden sont fabriqu\u00e9s en poly\u00e9thyl\u00e8ne, ils sont donc l\u00e9gers et tr\u00e8s r\u00e9sistants. Ils r\u00e9sistent aux variations extr\u00eames de temp\u00e9rature et sont prot\u00e9g\u00e9s contre les rayons UV, ce qui rend la dur\u00e9e de vie du produit presque illimit\u00e9e.<\/em><\/p>\n<p>&nbsp;<\/p>\n<ul class=\"tablaTech\">\n<li style=\"list-style-type: none;\">\n<ul class=\"tablaTech\">\n<li>\n<div class=\"boxContents no-border\">\n<div class=\"name\"><strong>TAILLE<\/strong><\/div>\n<div class=\"data\">\u00f824 cm<\/div>\n<\/div>\n<div><\/div>\n<\/li>\n<\/ul>\n<\/li>\n<\/ul>\n<p><iframe title=\"YouTube video player\" src=\"https:\/\/www.youtube.com\/embed\/-RqPgzIn9SI\" width=\"560\" height=\"315\" frameborder=\"0\" allowfullscreen=\"allowfullscreen\"><\/iframe><\/p>\n<\/section>","protected":false},"excerpt":{"rendered":"<h5 style=\"font-size: 12px;\"><strong>Suspension Norai\u00a0<\/strong><\/h5>\n","protected":false},"featured_media":55334,"template":"","meta":[],"product_cat":[651,1569,754,744,752],"product_tag":[653],"class_list":{"0":"post-17981","1":"product","2":"type-product","3":"status-publish","4":"has-post-thumbnail","6":"product_cat-lightdeco-fr","7":"product_cat-plafonniers-sans-fil","8":"product_cat-portables","9":"product_cat-lampes-suspendues","10":"product_cat-noel","11":"product_tag-batterie","13":"first","14":"instock","15":"taxable","16":"shipping-taxable","17":"purchasable","18":"product-type-variable"},"df_price":55,"df_sale_price":"","df_regular_price":55,"df_image_link":"https:\/\/developing.newgarden.es\/wp-content\/uploads\/2019\/04\/NORAI_25_HANG_1200X120013-300x300.jpg","_links":{"self":[{"href":"https:\/\/developing.newgarden.es\/fr\/wp-json\/wp\/v2\/product\/17981"}],"collection":[{"href":"https:\/\/developing.newgarden.es\/fr\/wp-json\/wp\/v2\/product"}],"about":[{"href":"https:\/\/developing.newgarden.es\/fr\/wp-json\/wp\/v2\/types\/product"}],"wp:featuredmedia":[{"embeddable":true,"href":"https:\/\/developing.newgarden.es\/fr\/wp-json\/wp\/v2\/media\/55334"}],"wp:attachment":[{"href":"https:\/\/developing.newgarden.es\/fr\/wp-json\/wp\/v2\/media?parent=17981"}],"wp:term":[{"taxonomy":"product_cat","embeddable":true,"href":"https:\/\/developing.newgarden.es\/fr\/wp-json\/wp\/v2\/product_cat?post=17981"},{"taxonomy":"product_tag","embeddable":true,"href":"https:\/\/developing.newgarden.es\/fr\/wp-json\/wp\/v2\/product_tag?post=17981"}],"curies":[{"name":"wp","href":"https:\/\/api.w.org\/{rel}","templated":true}]}}