{"id":17843,"date":"2019-05-06T09:36:01","date_gmt":"2019-10-14T11:24:40","guid":{"rendered":"https:\/\/newgarden.es\/shop\/sin%20categor\u00eda\/kaktus-lime-100\/"},"modified":"2022-02-02T16:20:35","modified_gmt":"2022-02-02T15:20:35","slug":"kaktus-lime-100","status":"publish","type":"product","link":"https:\/\/developing.newgarden.es\/fr\/shop\/lightdeco-fr\/lampadaire\/kaktus-lime-100\/","title":{"rendered":"LAMPE KAKTUS VERT CITRON"},"content":{"rendered":"<p>LAMPE <strong>KAKTUS VERT CITRON<\/strong><\/p>\n<p>La lampe\u00a0<strong>Kaktus<\/strong>\u00a0est inspir\u00e9e directement de la plante cactus. Ce mod\u00e8le est aussi disponible en couleur -blanc.<\/p>\n<p>Ce produit est int\u00e9gr\u00e9 d&#8217;un tube led rgb. Fonctionne gr\u00e2ce \u00e0 sa t\u00e9l\u00e9commande.<\/p>\n<p>Ce mod\u00e8le existe en deux versions:\u00a0<strong>filaire<\/strong>(par c\u00e2ble d&#8217;alimentation) &#8211;\u00a0<strong>batterie<\/strong>\u00a0rechargeable<\/p>\n<p>Version\u00a0<strong>FILAIRE<\/strong>(alimentation par c\u00e2ble): Il vous suffit de brancher votre lampe sur secteur pour pouvoir l&#8217;allumer et de la d\u00e9brancher pour l&#8217;\u00e9teindre. Lumi\u00e8re led &#8211; blanc froid ou chaud.<br \/>\nVersion\u00a0<b>BATTERIE RECHARGEABLE\u00a0<\/b>led rgb:\u00a0Se recharge par c\u00e2ble. Utilisez sa t\u00e9l\u00e9commande pour pouvoir l\u2019allumer, l\u2019\u00e9teindre ou choisir la couleur d\u2019illumination que vous souhaitez \u00e0 distance.<\/p>\n<p><em>Tous les produits Newgarden sont fabriqu\u00e9s en poly\u00e9thyl\u00e8ne, ils sont donc l\u00e9gers et tr\u00e8s r\u00e9sistants aux temp\u00e9ratures extr\u00eames. Ils sont \u00e9galement\u00a0r\u00e9sistants aux rayons UV, ce qui rend la dur\u00e9e de vie du produit extraordinairement longue.<\/em><\/p>\n<p>&nbsp;<\/p>\n<ul class=\"tablaTech\">\n<li>\n<div class=\"boxContents no-border\">\n<div class=\"name\"><strong>TAILLE<\/strong><\/div>\n<div class=\"data\">44 x 31 x 110 cm<\/div>\n<\/div>\n<\/li>\n<\/ul>\n","protected":false},"excerpt":{"rendered":"<h5><strong>Lampe Kaktus vert citron<\/strong><\/h5>\n","protected":false},"featured_media":53973,"template":"","meta":[],"product_cat":[1695,651,654,1254],"product_tag":[647],"class_list":{"0":"post-17843","1":"product","2":"type-product","3":"status-publish","4":"has-post-thumbnail","6":"product_cat-productos-fr","7":"product_cat-lightdeco-fr","8":"product_cat-lampadaire","9":"product_cat-indoor-floor-lamps-fr","10":"product_tag-cable-fr","12":"first","13":"instock","14":"taxable","15":"shipping-taxable","16":"purchasable","17":"product-type-variable"},"df_price":126,"df_sale_price":"","df_regular_price":126,"df_image_link":"https:\/\/developing.newgarden.es\/wp-content\/uploads\/2019\/05\/KAKTUS_100_CABLE_1200X1200-12.jpg","_links":{"self":[{"href":"https:\/\/developing.newgarden.es\/fr\/wp-json\/wp\/v2\/product\/17843"}],"collection":[{"href":"https:\/\/developing.newgarden.es\/fr\/wp-json\/wp\/v2\/product"}],"about":[{"href":"https:\/\/developing.newgarden.es\/fr\/wp-json\/wp\/v2\/types\/product"}],"wp:featuredmedia":[{"embeddable":true,"href":"https:\/\/developing.newgarden.es\/fr\/wp-json\/wp\/v2\/media\/53973"}],"wp:attachment":[{"href":"https:\/\/developing.newgarden.es\/fr\/wp-json\/wp\/v2\/media?parent=17843"}],"wp:term":[{"taxonomy":"product_cat","embeddable":true,"href":"https:\/\/developing.newgarden.es\/fr\/wp-json\/wp\/v2\/product_cat?post=17843"},{"taxonomy":"product_tag","embeddable":true,"href":"https:\/\/developing.newgarden.es\/fr\/wp-json\/wp\/v2\/product_tag?post=17843"}],"curies":[{"name":"wp","href":"https:\/\/api.w.org\/{rel}","templated":true}]}}