{"id":17613,"date":"2019-05-07T11:57:25","date_gmt":"2019-10-14T10:45:34","guid":{"rendered":"https:\/\/newgarden.es\/shop\/sin%20categor\u00eda\/pancho-140-lima\/"},"modified":"2022-02-04T09:49:34","modified_gmt":"2022-02-04T08:49:34","slug":"pancho-140-lima","status":"publish","type":"product","link":"https:\/\/developing.newgarden.es\/fr\/shop\/lightdeco-fr\/lampadaire\/pancho-140-lima\/","title":{"rendered":"LAMPADAIRE PANCHO VERT CITRON"},"content":{"rendered":"<p>LAMPADAIRE <strong>PANCHO<\/strong> VERT CITRON<\/p>\n<p>La cactus lumineux\u00a0<strong>Pancho<\/strong>, fabriqu\u00e9 par\u00a0<span style=\"text-decoration: underline;\">Newgarden<\/span>, est le lampadaire id\u00e9al pour donner une touche exotique \u00e0 vos soir\u00e9es.\u00a0<strong>Pancho<\/strong>\u00a0existe aussi en blanc. Il d\u00e9corera vos espaces sans m\u00eame \u00eatre allum\u00e9.<br \/>\nCe mod\u00e8le\u00a0<strong>Pancho<\/strong>\u00a0vert citron\u00a0est disponible en version\u00a0<strong>filaire<\/strong>(par c\u00e2ble d&#8217;alimentation, lumi\u00e8re blanche froide).<\/p>\n<p>Version\u00a0<strong data-sanitized-data-mce-fragment=\"1\">FILAIRE<\/strong>(alimentation par c\u00e2ble): Il vous suffit de brancher votre lampe sur secteur pour pouvoir l&#8217;allumer et de la d\u00e9brancher pour l&#8217;\u00e9teindre. Lumi\u00e8re led &#8211; blanc froid ou chaud.<\/p>\n<p><strong>Pancho<\/strong>\u00a0illuminera votre jardin et vous transportera jusqu&#8217;aux contr\u00e9es mexicaines !<\/p>\n<p><em>Tous les produits Newgarden sont fabriqu\u00e9s en poly\u00e9thyl\u00e8ne, ils sont donc l\u00e9gers et tr\u00e8s r\u00e9sistants aux temp\u00e9ratures extr\u00eames. Ils sont \u00e9galement\u00a0r\u00e9sistants aux rayons UV, ce qui rend la dur\u00e9e de vie du produit extraordinairement longue.<\/em><\/p>\n<p>&nbsp;<\/p>\n<ul class=\"tablaTech\">\n<li>\n<div class=\"boxContents no-border\">\n<div class=\"name\"><strong>TAILLE<\/strong><\/div>\n<div class=\"data\">43 x 61 x 140\u00a0cm<\/div>\n<\/div>\n<\/li>\n<\/ul>\n","protected":false},"excerpt":{"rendered":"<h1 style=\"font-size: 12px;\">Lampdaire Pancho vert citron<\/h1>\n","protected":false},"featured_media":53768,"template":"","meta":[],"product_cat":[1695,651,654],"product_tag":[647],"class_list":{"0":"post-17613","1":"product","2":"type-product","3":"status-publish","4":"has-post-thumbnail","6":"product_cat-productos-fr","7":"product_cat-lightdeco-fr","8":"product_cat-lampadaire","9":"product_tag-cable-fr","11":"first","12":"instock","13":"taxable","14":"shipping-taxable","15":"purchasable","16":"product-type-variable"},"df_price":253.6,"df_sale_price":"","df_regular_price":253.6,"df_image_link":"https:\/\/developing.newgarden.es\/wp-content\/uploads\/2019\/05\/PANCHO_140_BATTERY1200X1200-14.jpg","_links":{"self":[{"href":"https:\/\/developing.newgarden.es\/fr\/wp-json\/wp\/v2\/product\/17613"}],"collection":[{"href":"https:\/\/developing.newgarden.es\/fr\/wp-json\/wp\/v2\/product"}],"about":[{"href":"https:\/\/developing.newgarden.es\/fr\/wp-json\/wp\/v2\/types\/product"}],"wp:featuredmedia":[{"embeddable":true,"href":"https:\/\/developing.newgarden.es\/fr\/wp-json\/wp\/v2\/media\/53768"}],"wp:attachment":[{"href":"https:\/\/developing.newgarden.es\/fr\/wp-json\/wp\/v2\/media?parent=17613"}],"wp:term":[{"taxonomy":"product_cat","embeddable":true,"href":"https:\/\/developing.newgarden.es\/fr\/wp-json\/wp\/v2\/product_cat?post=17613"},{"taxonomy":"product_tag","embeddable":true,"href":"https:\/\/developing.newgarden.es\/fr\/wp-json\/wp\/v2\/product_tag?post=17613"}],"curies":[{"name":"wp","href":"https:\/\/api.w.org\/{rel}","templated":true}]}}