{"id":17571,"date":"2019-05-07T13:08:04","date_gmt":"2019-10-14T10:35:28","guid":{"rendered":"https:\/\/newgarden.es\/shop\/sin%20categor\u00eda\/fredo-170-2\/"},"modified":"2022-06-30T16:57:29","modified_gmt":"2022-06-30T14:57:29","slug":"fredo-170-2","status":"publish","type":"product","link":"https:\/\/developing.newgarden.es\/fr\/shop\/lightdeco-fr\/lampadaire\/fredo-170-2\/","title":{"rendered":"LAMPE D&#8217;EXT\u00c9RIEUR FREDO 170"},"content":{"rendered":"<section class=\"wpb-content-wrapper\"><p>[vc_row][vc_column el_class=&#8221;descripcion_producto&#8221;][vc_column_text]<\/p>\n<p>Lampadaire\u00a0<strong>Fredo<\/strong>\u00a0d&#8217;ext\u00e9rieur\u00a0<strong>170<\/strong>\u00a0r\u00e9alis\u00e9e en poly\u00e9thyl\u00e8ne de grand format. Ce mod\u00e8le est \u00e9quip\u00e9 d&#8217;un cordon d&#8217;alimentation noir d&#8217;une longueur de 4 m\u00e8tres avec prise de secteur.<br \/>\nCette lampe b\u00e9n\u00e9ficie d&#8217;un indice de protection \u00e9lev\u00e9 (<strong>IP65<\/strong>), qui la prot\u00e8ge des projections d&#8217;eau,\u00a0<strong>Fredo\u00a0<\/strong>est donc parfaitement adapt\u00e9 pour une utilisation en zone humide et pourra \u00eatre install\u00e9 dans votre jardin comme sur votre terrasse.<br \/>\nCe mod\u00e8le se d\u00e9cline en plusieurs format et en deux mod\u00e8les outdoor :\u00a0filaire\u00a0et sans fil, solaire + batterie rechargeable.<\/p>\n<p><em>Tous les produits\u00a0Newgarden\u00a0sont fabriqu\u00e9s en poly\u00e9thyl\u00e8ne, ils sont donc l\u00e9gers et tr\u00e8s r\u00e9sistants aux temp\u00e9ratures extr\u00eames. Ils sont \u00e9galement\u00a0r\u00e9sistants aux rayons UV, ce qui rend la dur\u00e9e de vie du produit extraordinairement longue.<\/em><\/p>\n<p>&nbsp;<\/p>\n<ul class=\"tablaTech\">\n<li>\n<div class=\"boxContents no-border\">\n<div class=\"name\"><strong>TAILLE<\/strong><\/div>\n<div class=\"data\">\u00f844&#215;170 cm<\/div>\n<\/div>\n<\/li>\n<\/ul>\n<p>[\/vc_column_text][\/vc_column][\/vc_row][vc_row disable_element=&#8221;yes&#8221;][vc_column][vc_single_image image=&#8221;6566&#8243; img_size=&#8221;full&#8221;][\/vc_column][\/vc_row][vc_row][vc_column width=&#8221;1\/2&#8243;][vc_btn title=&#8221;Fiche technique&#8221; style=&#8221;custom&#8221; custom_background=&#8221;#009bc2&#8243; custom_text=&#8221;#ffffff&#8221; shape=&#8221;square&#8221; link=&#8221;url:https%3A%2F%2Fwww.newgarden.es%2Fwp-content%2Fuploads%2F2018%2F05%2FFredo-140-170.pdf|target:%20_blank|&#8221; el_class=&#8221;btn_descargar_ficha&#8221;][\/vc_column][vc_column width=&#8221;1\/2&#8243;][vc_btn title=&#8221;Manuel d&#8217;instrutions&#8221; style=&#8221;custom&#8221; custom_background=&#8221;#009bc2&#8243; custom_text=&#8221;#ffffff&#8221; shape=&#8221;square&#8221; link=&#8221;url:https%3A%2F%2Fdeveloping.newgarden.es%2Finstrucciones%2F||target:%20_blank|&#8221; el_class=&#8221;btn_descargar_ficha&#8221;][\/vc_column][\/vc_row]<\/p>\n<\/section>","protected":false},"excerpt":{"rendered":"<h5>LAMPE D&#8217;EXT\u00c9RIEUR FREDO 170<\/h5>\n","protected":false},"featured_media":53216,"template":"","meta":[],"product_cat":[1695,651,654],"product_tag":[647,707,648],"class_list":{"0":"post-17571","1":"product","2":"type-product","3":"status-publish","4":"has-post-thumbnail","6":"product_cat-productos-fr","7":"product_cat-lightdeco-fr","8":"product_cat-lampadaire","9":"product_tag-cable-fr","10":"product_tag-sans-fil","11":"product_tag-solaire","13":"first","14":"instock","15":"taxable","16":"shipping-taxable","17":"purchasable","18":"product-type-variable"},"df_price":265.5,"df_sale_price":"","df_regular_price":265.5,"df_image_link":"https:\/\/developing.newgarden.es\/wp-content\/uploads\/2019\/05\/FREDO_140_170_BATTERY_1200X1200-12.jpg","_links":{"self":[{"href":"https:\/\/developing.newgarden.es\/fr\/wp-json\/wp\/v2\/product\/17571"}],"collection":[{"href":"https:\/\/developing.newgarden.es\/fr\/wp-json\/wp\/v2\/product"}],"about":[{"href":"https:\/\/developing.newgarden.es\/fr\/wp-json\/wp\/v2\/types\/product"}],"wp:featuredmedia":[{"embeddable":true,"href":"https:\/\/developing.newgarden.es\/fr\/wp-json\/wp\/v2\/media\/53216"}],"wp:attachment":[{"href":"https:\/\/developing.newgarden.es\/fr\/wp-json\/wp\/v2\/media?parent=17571"}],"wp:term":[{"taxonomy":"product_cat","embeddable":true,"href":"https:\/\/developing.newgarden.es\/fr\/wp-json\/wp\/v2\/product_cat?post=17571"},{"taxonomy":"product_tag","embeddable":true,"href":"https:\/\/developing.newgarden.es\/fr\/wp-json\/wp\/v2\/product_tag?post=17571"}],"curies":[{"name":"wp","href":"https:\/\/api.w.org\/{rel}","templated":true}]}}