{"id":17237,"date":"2019-05-27T11:28:24","date_gmt":"2019-10-14T09:26:19","guid":{"rendered":"https:\/\/newgarden.es\/shop\/sin%20categor\u00eda\/bambu-90-light\/"},"modified":"2022-01-12T16:38:53","modified_gmt":"2022-01-12T15:38:53","slug":"bambu-90-light","status":"publish","type":"product","link":"https:\/\/developing.newgarden.es\/fr\/shop\/pot-de-fleur\/maceteros-con-luz-fr\/bambu-90-light\/","title":{"rendered":"POT BAMB\u00da 90 AVEC LUMI\u00c8RE"},"content":{"rendered":"<section class=\"wpb-content-wrapper\"><p>[vc_row][vc_column el_class=&#8221;descripcion_producto&#8221;][vc_column_text]<\/p>\n<p style=\"text-align: justify;\">POT LUMINEUX BAMB\u00da 90 : C\u2019est un pot de fleurs cylindrique avec une large base. Sa hauteur et sa l\u00e9g\u00e8ret\u00e9 vous permettent d\u2019avoir un grand pot avec des performances in\u00e9gal\u00e9es.<br \/>\n<span data-sanitized-data-mce-fragment=\"1\">Disponible en diff\u00e9rentes tailles et finitions, en couleurs opaques non lumineux et lumineux.<\/span><\/p>\n<p>Existe en version\u00a0<strong>filaire<\/strong>(par c\u00e2ble) et\u00a0<strong>batterie<\/strong>\u00a0rechargeable.<\/p>\n<p>Version\u00a0<strong data-sanitized-data-mce-fragment=\"1\">FILAIRE\u00a0<\/strong>(alimentation par c\u00e2ble) Il vous suffit de brancher votre pot sur secteur pour pouvoir l&#8217;allumer et de la d\u00e9brancher pour l&#8217;\u00e9teindre. Lumi\u00e8re led &#8211; blanc froid.<\/p>\n<p>Version\u00a0<b>BATTERIE RECHARGEABLE\u00a0<\/b>led rgb:\u00a0<span data-sanitized-data-mce-fragment=\"1\">Se recharge par c\u00e2ble \u00e9lectrique. Utilisez sa t\u00e9l\u00e9commande pour pouvoir l\u2019allumer, l\u2019\u00e9teindre ou choisir la couleur d\u2019illumination que vous souhaitez \u00e0 distance.<\/span><\/p>\n<p><em>Tous les produits Newgarden sont fabriqu\u00e9s en poly\u00e9thyl\u00e8ne, ils sont donc l\u00e9gers et tr\u00e8s r\u00e9sistants aux temp\u00e9ratures extr\u00eames. Ils sont \u00e9galement prot\u00e9g\u00e9s contre les rayons UV, ce qui rend la dur\u00e9e de vie du produit extraordinairement longue.<\/em><\/p>\n<p>&nbsp;<\/p>\n<ul class=\"tablaTech\">\n<li>\n<div class=\"boxContents no-border\">\n<div class=\"name\"><strong>TAILLE<\/strong><\/div>\n<div class=\"data\">\u00f840 x 90 cm<\/div>\n<\/div>\n<\/li>\n<li>\n<div class=\"boxContents no-border\">\n<div class=\"name\"><strong>VOLUME DE PLANTATION<\/strong><\/div>\n<div class=\"data\">16 litres<\/div>\n<\/div>\n<\/li>\n<\/ul>\n<p>[\/vc_column_text][\/vc_column][\/vc_row][vc_row disable_element=&#8221;yes&#8221;][vc_column][vc_single_image image=&#8221;6566&#8243; img_size=&#8221;full&#8221;][\/vc_column][\/vc_row][vc_row][vc_column width=&#8221;1\/2&#8243;][vc_btn title=&#8221;Fiche technique&#8221; style=&#8221;custom&#8221; custom_background=&#8221;#009bc2&#8243; custom_text=&#8221;#ffffff&#8221; shape=&#8221;square&#8221; link=&#8221;url:https%3A%2F%2Fwww.newgarden.es%2Fwp-content%2Fuploads%2F2018%2F05%2FBambu-70-90.pdf|target:%20_blank|&#8221; el_class=&#8221;btn_descargar_ficha&#8221;][\/vc_column][vc_column width=&#8221;1\/2&#8243;][vc_btn title=&#8221;Manuel d&#8217;instrutions&#8221; style=&#8221;custom&#8221; custom_background=&#8221;#009bc2&#8243; custom_text=&#8221;#ffffff&#8221; shape=&#8221;square&#8221; link=&#8221;url:https%3A%2F%2Fdeveloping.newgarden.es%2Finstrucciones%2F||target:%20_blank|&#8221; el_class=&#8221;btn_descargar_ficha&#8221;][\/vc_column][\/vc_row]<\/p>\n<\/section>","protected":false},"excerpt":{"rendered":"<h1 style=\"font-size: 12px;\">Pot lumineux Bamb\u00fa 90<\/h1>\n","protected":false},"featured_media":65355,"template":"","meta":[],"product_cat":[643,646,1592],"product_tag":[653,647,707],"class_list":{"0":"post-17237","1":"product","2":"type-product","3":"status-publish","4":"has-post-thumbnail","6":"product_cat-pot-de-fleur","7":"product_cat-maceteros-con-luz-fr","8":"product_cat-pots-de-fleurs-ronds","9":"product_tag-batterie","10":"product_tag-cable-fr","11":"product_tag-sans-fil","13":"first","14":"instock","15":"taxable","16":"shipping-taxable","17":"purchasable","18":"product-type-variable"},"df_price":131.7,"df_sale_price":"","df_regular_price":131.7,"df_image_link":"https:\/\/developing.newgarden.es\/wp-content\/uploads\/2019\/05\/BAMBU_90_1200X1200-4-300x300.jpg","_links":{"self":[{"href":"https:\/\/developing.newgarden.es\/fr\/wp-json\/wp\/v2\/product\/17237"}],"collection":[{"href":"https:\/\/developing.newgarden.es\/fr\/wp-json\/wp\/v2\/product"}],"about":[{"href":"https:\/\/developing.newgarden.es\/fr\/wp-json\/wp\/v2\/types\/product"}],"wp:featuredmedia":[{"embeddable":true,"href":"https:\/\/developing.newgarden.es\/fr\/wp-json\/wp\/v2\/media\/65355"}],"wp:attachment":[{"href":"https:\/\/developing.newgarden.es\/fr\/wp-json\/wp\/v2\/media?parent=17237"}],"wp:term":[{"taxonomy":"product_cat","embeddable":true,"href":"https:\/\/developing.newgarden.es\/fr\/wp-json\/wp\/v2\/product_cat?post=17237"},{"taxonomy":"product_tag","embeddable":true,"href":"https:\/\/developing.newgarden.es\/fr\/wp-json\/wp\/v2\/product_tag?post=17237"}],"curies":[{"name":"wp","href":"https:\/\/api.w.org\/{rel}","templated":true}]}}