{"id":17153,"date":"2019-05-29T15:17:15","date_gmt":"2019-10-14T09:03:16","guid":{"rendered":"https:\/\/newgarden.es\/shop\/sin%20categor\u00eda\/violeta-55-light\/"},"modified":"2022-01-13T09:25:35","modified_gmt":"2022-01-13T08:25:35","slug":"violeta-55-light","status":"publish","type":"product","link":"https:\/\/developing.newgarden.es\/fr\/shop\/pot-de-fleur\/maceteros-con-luz-fr\/violeta-55-light\/","title":{"rendered":"POT DE FLEURS VIOLETA 55 AVEC LUMI\u00c8RE"},"content":{"rendered":"<section class=\"wpb-content-wrapper\"><p>[vc_row][vc_column el_class=&#8221;descripcion_producto&#8221;][vc_column_text]<\/p>\n<p style=\"text-align: justify;\">POT D\u00c9CORATIF CONIQUE LUMINEUX <strong>VIOLETA 55<\/strong> : C\u2019est un pot de fleurs avec une grande base de plantation. Lignes arrondies et texture lisse. Disponible en diff\u00e9rentes tailles, couleurs et finitions.<\/p>\n<p>Disponible en version\u00a0<strong>sans lumi\u00e8re\u00a0<\/strong>et\u00a0<strong>solaire+batterie<\/strong>\u00a0rechargeable.<\/p>\n<p>Version\u00a0<strong>SOLAIRE+BATTERIE RECHARGEABLE\u00a0<\/strong>led rgb\u00a0<b>Violeta\u00a0<\/b>est \u00e9quip\u00e9 d&#8217;un capteur cr\u00e9pusculaire qui d\u00e9clenche automatiquement l&#8217;allumage \u00e0 la nuit tomb\u00e9e. Ce pot led rgb b\u00e9n\u00e9ficie de la technologie\u00a0Newgarden\u00a0solaire+charge batterie : il se charge par le soleil (8 \u00e0 12h) pour une autonomie de 2 \u00e0 6 heures ou par batterie (chargeur fourni) en 4 \u00e0 6 heures pour une autonomie de 12 \u00e0 36 heures !\u00a0<strong>Violeta<\/strong>\u00a0est \u00e9quip\u00e9 d&#8217;une t\u00e9l\u00e9commande (fournie) qui permet de choisir parmi 128 couleurs et trois blancs.<\/p>\n<p style=\"text-align: justify;\"><em>Tous les produits Newgarden sont fabriqu\u00e9s en poly\u00e9thyl\u00e8ne, ils sont donc l\u00e9gers et tr\u00e8s r\u00e9sistants aux temp\u00e9ratures extr\u00eames. Ils sont \u00e9galement r\u00e9sistants\u00a0aux\u00a0rayons UV, ce qui rend la dur\u00e9e de vie du produit extraordinairement longue.<\/em><\/p>\n<ul class=\"tablaTech\">\n<li>\n<div class=\"boxContents no-border\">\n<div class=\"name\"><strong>TAILLE<\/strong><\/div>\n<div class=\"data\">\u00f840 x 43 cm<\/div>\n<\/div>\n<\/li>\n<li>\n<div class=\"boxContents no-border\">\n<div class=\"name\"><strong>VOLUME DE PLANTATION<\/strong><\/div>\n<div class=\"data\">15 litres<\/div>\n<\/div>\n<\/li>\n<\/ul>\n<p>[\/vc_column_text][\/vc_column][\/vc_row][vc_row disable_element=&#8221;yes&#8221;][vc_column][vc_single_image image=&#8221;6566&#8243; img_size=&#8221;full&#8221;][\/vc_column][\/vc_row][vc_row][vc_column width=&#8221;1\/2&#8243;][vc_btn title=&#8221;Fiche technique&#8221; style=&#8221;custom&#8221; custom_background=&#8221;#009bc2&#8243; custom_text=&#8221;#ffffff&#8221; shape=&#8221;square&#8221; link=&#8221;url:https%3A%2F%2Fwww.newgarden.es%2Fwp-content%2Fuploads%2F2018%2F05%2FVioleta.pdf|target:%20_blank|&#8221; el_class=&#8221;btn_descargar_ficha&#8221;][\/vc_column][vc_column width=&#8221;1\/2&#8243;][vc_btn title=&#8221;Manuel d&#8217;instrutions&#8221; style=&#8221;custom&#8221; custom_background=&#8221;#009bc2&#8243; custom_text=&#8221;#ffffff&#8221; shape=&#8221;square&#8221; link=&#8221;url:https%3A%2F%2Fdeveloping.newgarden.es%2Finstrucciones%2F||target:%20_blank|&#8221; el_class=&#8221;btn_descargar_ficha&#8221;][\/vc_column][\/vc_row]<\/p>\n<\/section>","protected":false},"excerpt":{"rendered":"<h1 style=\"font-size: 12px;\">Pot d\u00e9coratif lumineux conique Violeta 55<\/h1>\n","protected":false},"featured_media":59488,"template":"","meta":[],"product_cat":[643,646,1592],"product_tag":[647,707,648],"class_list":{"0":"post-17153","1":"product","2":"type-product","3":"status-publish","4":"has-post-thumbnail","6":"product_cat-pot-de-fleur","7":"product_cat-maceteros-con-luz-fr","8":"product_cat-pots-de-fleurs-ronds","9":"product_tag-cable-fr","10":"product_tag-sans-fil","11":"product_tag-solaire","13":"first","14":"instock","15":"taxable","16":"shipping-taxable","17":"purchasable","18":"product-type-variable"},"df_price":176.3,"df_sale_price":"","df_regular_price":176.3,"df_image_link":"https:\/\/developing.newgarden.es\/wp-content\/uploads\/2019\/05\/VIOLETA_55_FW-1-300x300.jpg","_links":{"self":[{"href":"https:\/\/developing.newgarden.es\/fr\/wp-json\/wp\/v2\/product\/17153"}],"collection":[{"href":"https:\/\/developing.newgarden.es\/fr\/wp-json\/wp\/v2\/product"}],"about":[{"href":"https:\/\/developing.newgarden.es\/fr\/wp-json\/wp\/v2\/types\/product"}],"wp:featuredmedia":[{"embeddable":true,"href":"https:\/\/developing.newgarden.es\/fr\/wp-json\/wp\/v2\/media\/59488"}],"wp:attachment":[{"href":"https:\/\/developing.newgarden.es\/fr\/wp-json\/wp\/v2\/media?parent=17153"}],"wp:term":[{"taxonomy":"product_cat","embeddable":true,"href":"https:\/\/developing.newgarden.es\/fr\/wp-json\/wp\/v2\/product_cat?post=17153"},{"taxonomy":"product_tag","embeddable":true,"href":"https:\/\/developing.newgarden.es\/fr\/wp-json\/wp\/v2\/product_tag?post=17153"}],"curies":[{"name":"wp","href":"https:\/\/api.w.org\/{rel}","templated":true}]}}