{"id":17055,"date":"2019-06-03T11:45:19","date_gmt":"2019-10-14T08:24:59","guid":{"rendered":"https:\/\/newgarden.es\/shop\/sin%20categor\u00eda\/tarida-sit-light\/"},"modified":"2022-01-11T11:09:45","modified_gmt":"2022-01-11T10:09:45","slug":"tarida-sit-light","status":"publish","type":"product","link":"https:\/\/developing.newgarden.es\/fr\/shop\/mobilier\/sieges\/tarida-sit-light\/","title":{"rendered":"SI\u00c8GE TARIDA SIT AVEC LUMI\u00c8RE"},"content":{"rendered":"<section class=\"wpb-content-wrapper\"><p>[vc_row][vc_column el_class=&#8221;descripcion_producto&#8221;][vc_column_text]<\/p>\n<p style=\"text-align: justify;\">SI\u00c8GE <strong>TARIDA SIT<\/strong> AVEC LUMI\u00c8RE: Assise confortable aux lignes droites. Le si\u00e8ge <strong>Tarida sit<\/strong> a \u00e9t\u00e9 con\u00e7u pour pouvoir\u00a0 combiner plusieurs si\u00e8ges entre eux et cr\u00e9er une multitude de compositions. Disponible en diff\u00e9rentes couleurs et finitions.<\/p>\n<p>Combinez-le avec <strong><a href=\"https:\/\/developing.newgarden.es\/fr\/shop\/collection\/tarida-tab-2\/\"><span style=\"text-decoration: underline;\">TARIDA TAB<\/span><\/a><\/strong> ou le <strong><span style=\"text-decoration: underline;\">TARIDA SIT ARMS<\/span><\/strong> en <a href=\"https:\/\/developing.newgarden.es\/fr\/shop\/collection\/siege-en-couleurs-opaques-tarida-sit-arms\/\"><strong>version<\/strong> couleur<\/a> ou <strong><a href=\"https:\/\/developing.newgarden.es\/fr\/shop\/collection\/siege-lumineux-tarida-sit-arms\/\">lumineuse<\/a> <\/strong>pour cr\u00e9er des ambiances relaxantes et modernes dans vos espaces personnels ou votre entreprise. Coussin en simili cuir inclus.<\/p>\n<p style=\"text-align: justify;\"><em>Tous les produits Newgarden sont fabriqu\u00e9s en poly\u00e9thyl\u00e8ne, ils sont donc l\u00e9gers et tr\u00e8s r\u00e9sistants aux temp\u00e9ratures extr\u00eames. Ils sont \u00e9galement\u00a0r\u00e9sistants aux\u00a0rayons UV, ce qui rend la dur\u00e9e de vie du produit extraordinairement longue.<\/em><\/p>\n<ul class=\"tablaTech\">\n<li>\n<div class=\"boxContents no-border\">\n<div class=\"name\"><strong>TAILLE<\/strong><\/div>\n<div class=\"data\">77 x 59 x 66 cm<\/div>\n<\/div>\n<\/li>\n<\/ul>\n<p><em>N&#8217;h\u00e9sitez pas \u00e0 contacter nos \u00e9quipes pour toutes informations suppl\u00e9mentaires!<\/em> [\/vc_column_text][\/vc_column][\/vc_row][vc_row disable_element=&#8221;yes&#8221;][vc_column][vc_single_image image=&#8221;6566&#8243; img_size=&#8221;full&#8221;][\/vc_column][\/vc_row][vc_row][vc_column width=&#8221;1\/2&#8243;][vc_btn title=&#8221;Fiche technique&#8221; style=&#8221;custom&#8221; custom_background=&#8221;#009bc2&#8243; custom_text=&#8221;#ffffff&#8221; shape=&#8221;square&#8221; link=&#8221;url:https%3A%2F%2Fwww.newgarden.es%2Fwp-content%2Fuploads%2F2018%2F05%2Ftarida-sit.pdf|target:%20_blank|&#8221; el_class=&#8221;btn_descargar_ficha&#8221;][\/vc_column][vc_column width=&#8221;1\/2&#8243;][vc_btn title=&#8221;Manuel d&#8217;instrutions&#8221; style=&#8221;custom&#8221; custom_background=&#8221;#009bc2&#8243; custom_text=&#8221;#ffffff&#8221; shape=&#8221;square&#8221; link=&#8221;url:https%3A%2F%2Fdeveloping.newgarden.es%2Finstrucciones%2F||target:%20_blank|&#8221; el_class=&#8221;btn_descargar_ficha&#8221;][\/vc_column][\/vc_row]<\/p>\n<\/section>","protected":false},"excerpt":{"rendered":"<h1 style=\"font-size: 12px;\">Si\u00e8ge lumineux Tarida sit<\/h1>\n","protected":false},"featured_media":62754,"template":"","meta":[],"product_cat":[657,658],"product_tag":[707,648],"class_list":{"0":"post-17055","1":"product","2":"type-product","3":"status-publish","4":"has-post-thumbnail","6":"product_cat-mobilier","7":"product_cat-sieges","8":"product_tag-sans-fil","9":"product_tag-solaire","11":"first","12":"instock","13":"taxable","14":"shipping-taxable","15":"purchasable","16":"product-type-variable"},"df_price":240.3,"df_sale_price":"","df_regular_price":240.3,"df_image_link":"https:\/\/developing.newgarden.es\/wp-content\/uploads\/2019\/06\/TARIDA_SIT_1200X1200-1-300x300.jpg","_links":{"self":[{"href":"https:\/\/developing.newgarden.es\/fr\/wp-json\/wp\/v2\/product\/17055"}],"collection":[{"href":"https:\/\/developing.newgarden.es\/fr\/wp-json\/wp\/v2\/product"}],"about":[{"href":"https:\/\/developing.newgarden.es\/fr\/wp-json\/wp\/v2\/types\/product"}],"wp:featuredmedia":[{"embeddable":true,"href":"https:\/\/developing.newgarden.es\/fr\/wp-json\/wp\/v2\/media\/62754"}],"wp:attachment":[{"href":"https:\/\/developing.newgarden.es\/fr\/wp-json\/wp\/v2\/media?parent=17055"}],"wp:term":[{"taxonomy":"product_cat","embeddable":true,"href":"https:\/\/developing.newgarden.es\/fr\/wp-json\/wp\/v2\/product_cat?post=17055"},{"taxonomy":"product_tag","embeddable":true,"href":"https:\/\/developing.newgarden.es\/fr\/wp-json\/wp\/v2\/product_tag?post=17055"}],"curies":[{"name":"wp","href":"https:\/\/api.w.org\/{rel}","templated":true}]}}