{"id":16842,"date":"2019-06-03T11:50:46","date_gmt":"2019-10-11T11:17:50","guid":{"rendered":"https:\/\/newgarden.es\/shop\/sin%20categor\u00eda\/capri-40-light\/"},"modified":"2022-01-27T12:46:59","modified_gmt":"2022-01-27T11:46:59","slug":"capri-40-light","status":"publish","type":"product","link":"https:\/\/developing.newgarden.es\/fr\/shop\/mobilier\/tables-et-tables-basses\/capri-40-light\/","title":{"rendered":"TABLE BASSE CAPRI 40 AVEC LUMI\u00c8RE"},"content":{"rendered":"<section class=\"wpb-content-wrapper\"><p>[vc_row][vc_column el_class=&#8221;descripcion_producto&#8221;][vc_column_text]TABLE BASSE<strong> CAPRI 40<\/strong> AVEC LUMI\u00c8RE<\/p>\n<p>Table basse ronde et blanche d&#8217;ext\u00e9rieur de la collection\u00a0<strong>Capri<\/strong>\u00a0fabriqu\u00e9e par\u00a0<span style=\"text-decoration: underline;\">Newgarden<\/span>\u00a0en poly\u00e9thyl\u00e8ne,<\/p>\n<p>Graphique et original, ce mod\u00e8le poss\u00e8de un indice de protection important (IP65) qui prot\u00e8ge la table contre les projections d&#8217;eau,\u00a0<strong>Capri<\/strong>\u00a0pourra donc \u00eatre install\u00e9 en toute s\u00e9curit\u00e9 dans un espace ext\u00e9rieur.<\/p>\n<p>Version\u00a0<strong>Solaire+Batterie\u00a0<\/strong>rechargeable.<\/p>\n<p>Table basse lumineuse d&#8217;ext\u00e9rieur\u00a0led rgb\u00a0solaire et rechargeable de la collection\u00a0<strong>Capri<\/strong>\u00a0fabriqu\u00e9e par\u00a0<span style=\"text-decoration: underline;\">Newgarden<\/span>\u00a0compos\u00e9 d&#8217;un diffuseur en poly\u00e9thyl\u00e8ne,\u00a0<strong>Capri<\/strong>\u00a0est \u00e9quip\u00e9e d&#8217;un capteur cr\u00e9pusculaire qui d\u00e9clenche automatiquement l&#8217;allumage \u00e0 la nuit tomb\u00e9e.<br \/>\nCette table\u00a0led rgb b\u00e9n\u00e9ficie de la technologie\u00a0<span style=\"text-decoration: underline;\">Newgarden\u00a0<\/span><strong>solaire+charge<\/strong>\u00a0batterie\u00a0: elle se charge par le soleil (8 \u00e0 12h) pour une autonomie de 2 \u00e0 6 heures ou par batterie (chargeur fourni) en 4 \u00e0 6 heures pour une autonomie de 12 \u00e0 36 heures ! Elle est \u00e9quip\u00e9e d&#8217;une t\u00e9l\u00e9commande qui permet de choisir parmi 128 couleurs et trois blancs.<\/p>\n<p>Graphique et original, ce mod\u00e8le poss\u00e8de\u00a0un indice de protection important (IP65) qui prot\u00e8ge la table des projections d&#8217;eau,\u00a0<strong>Capri<\/strong>\u00a0pourra donc \u00eatre install\u00e9 en toute s\u00e9curit\u00e9 dans un espace ext\u00e9rieur.<\/p>\n<p><em>Tous les produits Newgarden sont fabriqu\u00e9s en poly\u00e9thyl\u00e8ne, ils sont donc l\u00e9gers et tr\u00e8s r\u00e9sistants. Ils r\u00e9sistent aux variations extr\u00eames de temp\u00e9rature et sont prot\u00e9g\u00e9s contre les rayons UV, ce qui rend la dur\u00e9e de vie du produit presque illimit\u00e9e.<\/em><\/p>\n<p>&nbsp;<\/p>\n<ul class=\"tablaTech\">\n<li>\n<div class=\"boxContents no-border\">\n<div class=\"name\"><strong>TAILLE<\/strong><\/div>\n<div class=\"data\">\u00f858 x 39 cm<\/div>\n<\/div>\n<\/li>\n<\/ul>\n<p>[\/vc_column_text][\/vc_column][\/vc_row][vc_row disable_element=&#8221;yes&#8221;][vc_column][vc_single_image image=&#8221;6566&#8243; img_size=&#8221;full&#8221;][\/vc_column][\/vc_row][vc_row][vc_column width=&#8221;1\/2&#8243;][vc_btn title=&#8221;Fiche technique&#8221; style=&#8221;custom&#8221; custom_background=&#8221;#009bc2&#8243; custom_text=&#8221;#ffffff&#8221; shape=&#8221;square&#8221; link=&#8221;url:https%3A%2F%2Fdrive.google.com%2Fdrive%2Ffolders%2F16_rPBA3w1dwIufZNoZ-40eoff8Mbkmyl||target:%20_blank|&#8221; el_class=&#8221;btn_descargar_ficha&#8221;][\/vc_column][vc_column width=&#8221;1\/2&#8243;][vc_btn title=&#8221;Manuel d&#8217;instrutions&#8221; style=&#8221;custom&#8221; custom_background=&#8221;#009bc2&#8243; custom_text=&#8221;#ffffff&#8221; shape=&#8221;square&#8221; link=&#8221;url:https%3A%2F%2Fdeveloping.newgarden.es%2Finstrucciones%2F||target:%20_blank|&#8221; el_class=&#8221;btn_descargar_ficha&#8221;][\/vc_column][\/vc_row]<\/p>\n<\/section>","protected":false},"excerpt":{"rendered":"<h5 style=\"font-size: 12px;\"><strong>Table basse Capri 40 avec lumi\u00e8re<\/strong><\/h5>\n","protected":false},"featured_media":64091,"template":"","meta":[],"product_cat":[657,748],"product_tag":[707,648],"class_list":{"0":"post-16842","1":"product","2":"type-product","3":"status-publish","4":"has-post-thumbnail","6":"product_cat-mobilier","7":"product_cat-tables-et-tables-basses","8":"product_tag-sans-fil","9":"product_tag-solaire","11":"first","12":"instock","13":"taxable","14":"shipping-taxable","15":"purchasable","16":"product-type-variable"},"df_price":169.1,"df_sale_price":"","df_regular_price":169.1,"df_image_link":"https:\/\/developing.newgarden.es\/wp-content\/uploads\/2019\/06\/CAPRI_40_SOLAR_OPACO_1200X1200-3-1-300x300.jpg","_links":{"self":[{"href":"https:\/\/developing.newgarden.es\/fr\/wp-json\/wp\/v2\/product\/16842"}],"collection":[{"href":"https:\/\/developing.newgarden.es\/fr\/wp-json\/wp\/v2\/product"}],"about":[{"href":"https:\/\/developing.newgarden.es\/fr\/wp-json\/wp\/v2\/types\/product"}],"wp:featuredmedia":[{"embeddable":true,"href":"https:\/\/developing.newgarden.es\/fr\/wp-json\/wp\/v2\/media\/64091"}],"wp:attachment":[{"href":"https:\/\/developing.newgarden.es\/fr\/wp-json\/wp\/v2\/media?parent=16842"}],"wp:term":[{"taxonomy":"product_cat","embeddable":true,"href":"https:\/\/developing.newgarden.es\/fr\/wp-json\/wp\/v2\/product_cat?post=16842"},{"taxonomy":"product_tag","embeddable":true,"href":"https:\/\/developing.newgarden.es\/fr\/wp-json\/wp\/v2\/product_tag?post=16842"}],"curies":[{"name":"wp","href":"https:\/\/api.w.org\/{rel}","templated":true}]}}