{"id":16827,"date":"2019-06-03T11:51:05","date_gmt":"2019-10-11T11:09:52","guid":{"rendered":"https:\/\/newgarden.es\/shop\/sin%20categor\u00eda\/aruba-light\/"},"modified":"2022-02-07T16:05:27","modified_gmt":"2022-02-07T15:05:27","slug":"aruba-luz-2","status":"publish","type":"product","link":"https:\/\/developing.newgarden.es\/fr\/shop\/mobilier\/sieges\/aruba-luz-2\/","title":{"rendered":"FAUTEUIL D&#8217;EXT\u00c9RIEUR ARUBA AVEC LUMI\u00c8RE"},"content":{"rendered":"<section class=\"wpb-content-wrapper\"><p>[vc_row][vc_column el_class=&#8221;descripcion_producto&#8221;][vc_column_text]<\/p>\n<p style=\"text-align: justify;\">FAUTEUIL LUMINEUX D&#8217;EXT\u00c9RIEUR <strong>ARUBA<\/strong>:<\/p>\n<p>Fauteuil lumineux d&#8217;ext\u00e9rieur led rgb solaire et rechargeable de la collection <strong>Aruba<\/strong> fabriqu\u00e9e par <span style=\"text-decoration: underline;\">Newgarden<\/span> compos\u00e9 d&#8217;un diffuseur en poly\u00e9thyl\u00e8ne par la technique du roto-moulage. <strong>Aruba<\/strong> est \u00e9quip\u00e9e d&#8217;un capteur cr\u00e9pusculaire qui d\u00e9clenche automatiquement l&#8217;allumage \u00e0 la nuit tomb\u00e9e.<br \/>\nCe fauteuil led rgb b\u00e9n\u00e9ficie de la technologie <span style=\"text-decoration: underline;\">Newgarden<\/span> solaire+charge batterie : il se charge par le soleil (8 \u00e0 12h) pour une autonomie de 2 \u00e0 6 heures ou par batterie (chargeur fourni) en 4 \u00e0 6 heures pour une autonomie de 12 \u00e0 36 heures ! Il est \u00e9quip\u00e9 d&#8217;une t\u00e9l\u00e9commande (fournie) qui permet de choisir parmi 128 couleurs et trois blancs.<br \/>\nGraphique et original avec ses lignes galb\u00e9es, ce fauteuil poss\u00e8de un indice de protection important (<strong>IP65<\/strong>) qui le garantit contre les projections d&#8217;eau. <strong>Aruba<\/strong> pourra donc \u00eatre install\u00e9 en toute s\u00e9curit\u00e9 dans un espace ext\u00e9rieur.<\/p>\n<p style=\"text-align: justify;\"><em>Tous les produits Newgarden sont fabriqu\u00e9s en poly\u00e9thyl\u00e8ne, ils sont donc l\u00e9gers et tr\u00e8s r\u00e9sistants aux temp\u00e9ratures extr\u00eames. Ils sont \u00e9galement r\u00e9sistants aux rayons UV, ce qui rend la dur\u00e9e de vie du produit extraordinairement longue. <\/em><\/p>\n<p>[\/vc_column_text][\/vc_column][\/vc_row][vc_row disable_element=&#8221;yes&#8221;][vc_column][vc_single_image image=&#8221;6566&#8243; img_size=&#8221;full&#8221;][\/vc_column][\/vc_row][vc_row][vc_column width=&#8221;1\/2&#8243;][vc_btn title=&#8221;Fiche technique&#8221; style=&#8221;custom&#8221; custom_background=&#8221;#009bc2&#8243; custom_text=&#8221;#ffffff&#8221; shape=&#8221;square&#8221; link=&#8221;url:https%3A%2F%2Fwww.newgarden.es%2Fwp-content%2Fuploads%2F2018%2F02%2FAruba-3.pdf|target:%20_blank|&#8221; el_class=&#8221;btn_descargar_ficha&#8221;][\/vc_column][vc_column width=&#8221;1\/2&#8243;][vc_btn title=&#8221;Manuel d&#8217;instrutions&#8221; style=&#8221;custom&#8221; custom_background=&#8221;#009bc2&#8243; custom_text=&#8221;#ffffff&#8221; shape=&#8221;square&#8221; link=&#8221;url:https%3A%2F%2Fdeveloping.newgarden.es%2Finstrucciones%2F||target:%20_blank|&#8221; el_class=&#8221;btn_descargar_ficha&#8221;][\/vc_column][\/vc_row]<\/p>\n<\/section>","protected":false},"excerpt":{"rendered":"<h5>Fauteuil lumineux d&#8217;ext\u00e9rieur Aruba<\/h5>\n","protected":false},"featured_media":62535,"template":"","meta":[],"product_cat":[657,658],"product_tag":[707,648],"class_list":{"0":"post-16827","1":"product","2":"type-product","3":"status-publish","4":"has-post-thumbnail","6":"product_cat-mobilier","7":"product_cat-sieges","8":"product_tag-sans-fil","9":"product_tag-solaire","11":"first","12":"instock","13":"taxable","14":"shipping-taxable","15":"purchasable","16":"product-type-variable"},"df_price":338.1,"df_sale_price":"","df_regular_price":338.1,"df_image_link":"https:\/\/developing.newgarden.es\/wp-content\/uploads\/2019\/06\/ARUBA_1200X1200-6-300x300.jpg","_links":{"self":[{"href":"https:\/\/developing.newgarden.es\/fr\/wp-json\/wp\/v2\/product\/16827"}],"collection":[{"href":"https:\/\/developing.newgarden.es\/fr\/wp-json\/wp\/v2\/product"}],"about":[{"href":"https:\/\/developing.newgarden.es\/fr\/wp-json\/wp\/v2\/types\/product"}],"wp:featuredmedia":[{"embeddable":true,"href":"https:\/\/developing.newgarden.es\/fr\/wp-json\/wp\/v2\/media\/62535"}],"wp:attachment":[{"href":"https:\/\/developing.newgarden.es\/fr\/wp-json\/wp\/v2\/media?parent=16827"}],"wp:term":[{"taxonomy":"product_cat","embeddable":true,"href":"https:\/\/developing.newgarden.es\/fr\/wp-json\/wp\/v2\/product_cat?post=16827"},{"taxonomy":"product_tag","embeddable":true,"href":"https:\/\/developing.newgarden.es\/fr\/wp-json\/wp\/v2\/product_tag?post=16827"}],"curies":[{"name":"wp","href":"https:\/\/api.w.org\/{rel}","templated":true}]}}