{"id":55655,"date":"2024-05-17T11:56:26","date_gmt":"2024-05-17T09:56:26","guid":{"rendered":"https:\/\/newgarden.es\/professionnels\/"},"modified":"2024-06-21T13:19:01","modified_gmt":"2024-06-21T11:19:01","slug":"professionnels","status":"publish","type":"page","link":"https:\/\/developing.newgarden.es\/fr\/professionnels\/","title":{"rendered":"Professionnels"},"content":{"rendered":"<section class=\"wpb-content-wrapper\"><p>[vc_row full_width=&#8221;stretch_row&#8221; css=&#8221;.vc_custom_1698147221031{padding-top: 20px !important;padding-bottom: 90px !important;background-position: center !important;background-repeat: no-repeat !important;background-size: cover !important;}&#8221;][vc_column css=&#8221;.vc_custom_1533364400397{margin-bottom: 0px !important;}&#8221;][vc_custom_heading text=&#8221;Professionnels&#8221; font_container=&#8221;tag:h1|font_size:60px|text_align:center|color:%23ada699|line_height:1em&#8221; use_theme_fonts=&#8221;yes&#8221;][\/vc_column][\/vc_row][vc_row full_width=&#8221;stretch_row_content_no_spaces&#8221; css=&#8221;.vc_custom_1718717886741{padding-top: 20px !important;padding-bottom: 90px !important;background-position: center !important;background-repeat: no-repeat !important;background-size: cover !important;}&#8221;][vc_column width=&#8221;1\/2&#8243; css=&#8221;.vc_custom_1718717898277{margin-bottom: 0px !important;}&#8221;][vc_custom_heading text=&#8221;Newgarden Europa&#8221; font_container=&#8221;tag:h2|font_size:30px|text_align:center|color:%23222222|line_height:1em&#8221; use_theme_fonts=&#8221;yes&#8221; css=&#8221;.vc_custom_1718718167150{margin-bottom: 13px !important;}&#8221;][vc_text_separator title=&#8221;Europa&#8221;][vc_column_text css_animation=&#8221;none&#8221;]<\/p>\n<p style=\"text-align: left; color: #555;\">+34 968 97 88 06<br \/>\ninfo@newgarden.es<\/p>\n<h5>NEWGARDEN SPAIN<br \/>\nAvenida de Francia 5-15<br \/>\nPol\u00edgono Industrial Las Salinas<br \/>\nCP: 30840 Alhama de Murcia (Murcia)<br \/>\nEspa\u00f1a<\/h5>\n<p>[\/vc_column_text][\/vc_column][vc_column width=&#8221;1\/2&#8243;][vc_custom_heading text=&#8221;Newgarden Europa&#8221; font_container=&#8221;tag:h2|font_size:30px|text_align:center|color:%23222222|line_height:1em&#8221; use_theme_fonts=&#8221;yes&#8221; css=&#8221;.vc_custom_1718718210911{margin-bottom: 13px !important;}&#8221;][vc_text_separator title=&#8221;Am\u00e9rica&#8221;][vc_column_text css_animation=&#8221;none&#8221; css=&#8221;.vc_custom_1718717948499{margin-bottom: 15px !important;}&#8221;]<\/p>\n<p style=\"text-align: left; color: #555;\">+52 442 688 94 83<br \/>\ninfomx@newgarden.es<\/p>\n<h5>NEWGARDEN MEXICO<br \/>\nAv. Pirineos 535-Bodega 7,<br \/>\nBenito Ju\u00e1rez,<br \/>\n76089 Santiago de Quer\u00e9taro,<br \/>\nQro., M\u00e9xico<\/h5>\n<p>[\/vc_column_text][\/vc_column][\/vc_row][vc_row full_width=&#8221;stretch_row&#8221; css=&#8221;.vc_custom_1698147272973{padding-top: 60px !important;padding-bottom: 60px !important;background-color: #f5f2ef !important;}&#8221;][vc_column css=&#8221;.vc_custom_1533364400397{margin-bottom: 0px !important;}&#8221;][vc_custom_heading text=&#8221;Contactez l&apos;un de nos experts pour les professionnels&#8221; font_container=&#8221;tag:h6|font_size:30px|text_align:left|color:%23ada699|line_height:1em&#8221; use_theme_fonts=&#8221;yes&#8221; css=&#8221;.vc_custom_1698147882399{margin-bottom: 30px !important;padding-top: 30px !important;}&#8221;][vc_empty_space height=&#8221;35px&#8221;]\n<div class=\"wpcf7 no-js\" id=\"wpcf7-f56118-o1\" lang=\"fr-FR\" dir=\"ltr\" data-wpcf7-id=\"56118\">\n<div class=\"screen-reader-response\"><p role=\"status\" aria-live=\"polite\" aria-atomic=\"true\"><\/p> <ul><\/ul><\/div>\n<form action=\"\/fr\/wp-json\/wp\/v2\/pages\/55655#wpcf7-f56118-o1\" method=\"post\" class=\"wpcf7-form init\" aria-label=\"Formulaire de contact\" novalidate=\"novalidate\" data-status=\"init\">\n<div style=\"display: none;\">\n<input type=\"hidden\" name=\"_wpcf7\" value=\"56118\" \/>\n<input type=\"hidden\" name=\"_wpcf7_version\" value=\"6.0.6\" \/>\n<input type=\"hidden\" name=\"_wpcf7_locale\" value=\"fr_FR\" \/>\n<input type=\"hidden\" name=\"_wpcf7_unit_tag\" value=\"wpcf7-f56118-o1\" \/>\n<input type=\"hidden\" name=\"_wpcf7_container_post\" value=\"0\" \/>\n<input type=\"hidden\" name=\"_wpcf7_posted_data_hash\" value=\"\" \/>\n<input type=\"hidden\" name=\"_wpcf7_recaptcha_response\" value=\"\" \/>\n<\/div>\n<p><label> Votre nom*<br \/>\n<span class=\"wpcf7-form-control-wrap\" data-name=\"your-name\"><input size=\"40\" maxlength=\"400\" class=\"wpcf7-form-control wpcf7-text wpcf7-validates-as-required\" aria-required=\"true\" aria-invalid=\"false\" value=\"\" type=\"text\" name=\"your-name\" \/><\/span> <\/label>\n<\/p>\n<p><label> Votre Email *<br \/>\n<span class=\"wpcf7-form-control-wrap\" data-name=\"your-email\"><input size=\"40\" maxlength=\"400\" class=\"wpcf7-form-control wpcf7-email wpcf7-validates-as-required wpcf7-text wpcf7-validates-as-email\" aria-required=\"true\" aria-invalid=\"false\" value=\"\" type=\"email\" name=\"your-email\" \/><\/span> <\/label>\n<\/p>\n<p><label> Sujet<br \/>\n<span class=\"wpcf7-form-control-wrap\" data-name=\"your-subject\"><input size=\"40\" maxlength=\"400\" class=\"wpcf7-form-control wpcf7-text\" aria-invalid=\"false\" value=\"\" type=\"text\" name=\"your-subject\" \/><\/span> <\/label>\n<\/p>\n<p><label> Votre message<br \/>\n<span class=\"wpcf7-form-control-wrap\" data-name=\"your-message\"><textarea cols=\"40\" rows=\"10\" maxlength=\"2000\" class=\"wpcf7-form-control wpcf7-textarea\" aria-invalid=\"false\" name=\"your-message\"><\/textarea><\/span> <\/label>\n<\/p>\n<p><label>NEWGARDEN SPAIN, S.L. traitera vos donn\u00e9es personnelles pour g\u00e9rer votre inscription en tant qu'utilisateur, g\u00e9rer l'achat de produits, r\u00e9pondre \u00e0 vos questions, ainsi que, si vous le souhaitez, pour vous envoyer nos communications personnalis\u00e9es. Vous pouvez exercer vos droits d'acc\u00e8s, de rectification, d'effacement et de portabilit\u00e9 de vos donn\u00e9es, de limitation et d'opposition \u00e0 leur traitement, ainsi que de ne pas faire l'objet de d\u00e9cisions fond\u00e9es uniquement sur le traitement automatis\u00e9 de vos donn\u00e9es, le cas \u00e9ch\u00e9ant, \u00e0 l'adresse \u00e9lectronique info@newgarden.es.<br \/>\nNous vous recommandons de lire la politique de confidentialit\u00e9 avant de nous fournir vos donn\u00e9es personnelles.<br \/>\n<\/label>\n<\/p>\n<p><span class=\"wpcf7-form-control-wrap\" data-name=\"Politicaprivacidad\"><span class=\"wpcf7-form-control wpcf7-checkbox wpcf7-validates-as-required\"><span class=\"wpcf7-list-item first last\"><input type=\"checkbox\" name=\"Politicaprivacidad[]\" value=\"J&#039;ai lu et j&#039;accepte les termes et conditions de la politique de confidentialit\u00e9.\" \/><span class=\"wpcf7-list-item-label\">J&#039;ai lu et j&#039;accepte les termes et conditions de la politique de confidentialit\u00e9.<\/span><\/span><\/span><\/span>\n<\/p>\n<p><input class=\"wpcf7-form-control wpcf7-submit has-spinner\" type=\"submit\" value=\"Envoyer\" \/>\n<\/p><div class=\"wpcf7-response-output\" aria-hidden=\"true\"><\/div>\n<\/form>\n<\/div>\n[\/vc_column][\/vc_row][vc_row full_width=&#8221;stretch_row&#8221; css=&#8221;.vc_custom_1698147361570{padding-top: 120px !important;padding-bottom: 120px !important;background-color: #8b949d !important;}&#8221;][vc_column css=&#8221;.vc_custom_1533364400397{margin-bottom: 0px !important;}&#8221;][vc_custom_heading text=&#8221;Vous avez un magasin d&apos;\u00e9clairage, de d\u00e9coration ou de jardinage? Vous \u00eates architecte, d\u00e9corateur ou installateur? Vous \u00eates h\u00f4telier \/ horeca?&#8221; font_container=&#8221;tag:h6|font_size:18px|text_align:center|color:%23d1d7db|line_height:2em&#8221; use_theme_fonts=&#8221;yes&#8221; css=&#8221;.vc_custom_1698148489763{margin-bottom: 30px !important;}&#8221;][vc_empty_space height=&#8221;20px&#8221;][vc_custom_heading text=&#8221;Inscrivez-vous maintenant et commandez en ligne en tant que professionnel :&#8221; font_container=&#8221;tag:h2|font_size:48px|text_align:center|color:%23ffffff|line_height:1em&#8221; use_theme_fonts=&#8221;yes&#8221; css=&#8221;.vc_custom_1698148510988{margin-top: 13px !important;margin-bottom: 13px !important;}&#8221;][vc_empty_space height=&#8221;60px&#8221;][vc_btn title=&#8221;JE SUIS D\u00c9CORATEUR, ARCHITECTE, INSTALLATEUR, J&apos;AI UN PROJET DE D\u00c9CORATION.&#8221; style=&#8221;flat&#8221; shape=&#8221;square&#8221; color=&#8221;inverse&#8221; align=&#8221;center&#8221; link=&#8221;url:https%3A%2F%2Fnewgardenshop.fr%2Fpages%2Fregister|&#8221;][vc_btn title=&#8221;J&apos;AI UN MAGASIN D&apos;\u00c9CLAIRAGE, DE D\u00c9CORATION OU DE JARDINAGE&#8221; style=&#8221;flat&#8221; shape=&#8221;square&#8221; color=&#8221;inverse&#8221; align=&#8221;center&#8221; link=&#8221;url:https%3A%2F%2Fnewgardenpro.com%2Faccount%2Flogin|&#8221;][vc_btn title=&#8221;JE SUIS H\u00d4TELIER \/ HORECA &#8221; style=&#8221;flat&#8221; shape=&#8221;square&#8221; color=&#8221;inverse&#8221; align=&#8221;center&#8221; link=&#8221;url:https%3A%2F%2Fnewgardenshop.fr%2Fpages%2Fregister|&#8221;][\/vc_column][\/vc_row][vc_row full_width=&#8221;stretch_row_content&#8221; css=&#8221;.vc_custom_1698148864315{background-image: url(https:\/\/developing.newgarden.es\/wp-content\/uploads\/2023\/09\/rasa3.jpg?id=48326) !important;background-position: center !important;background-repeat: no-repeat !important;background-size: cover !important;}&#8221;][vc_column offset=&#8221;vc_hidden-xs&#8221;][vc_empty_space height=&#8221;800px&#8221;][\/vc_column][\/vc_row][vc_row full_width=&#8221;stretch_row_content&#8221; css=&#8221;.vc_custom_1698148864315{background-image: url(https:\/\/developing.newgarden.es\/wp-content\/uploads\/2023\/09\/rasa3.jpg?id=48326) !important;background-position: center !important;background-repeat: no-repeat !important;background-size: cover !important;}&#8221;][vc_column offset=&#8221;vc_hidden-lg vc_hidden-md vc_hidden-sm&#8221;][vc_empty_space height=&#8221;300px&#8221;][\/vc_column][\/vc_row]<\/p>\n<\/section>","protected":false},"excerpt":{"rendered":"<p>[vc_row full_width=&#8221;stretch_row&#8221; css=&#8221;.vc_custom_1698147221031{padding-top: 20px !important;padding-bottom: 90px !important;background-position: center !important;background-repeat: no-repeat !important;background-size: cover !important;}&#8221;][vc_column css=&#8221;.vc_custom_1533364400397{margin-bottom: 0px !important;}&#8221;][vc_custom_heading text=&#8221;Professionnels&#8221; font_container=&#8221;tag:h1|font_size:60px|text_align:center|color:%23ada699|line_height:1em&#8221; use_theme_fonts=&#8221;yes&#8221;][\/vc_column][\/vc_row][vc_row full_width=&#8221;stretch_row_content_no_spaces&#8221; css=&#8221;.vc_custom_1718717886741{padding-top: 20px !important;padding-bottom: 90px !important;background-position: center !important;background-repeat: no-repeat !important;background-size: cover<\/p>\n","protected":false},"author":1,"featured_media":48320,"parent":0,"menu_order":0,"comment_status":"closed","ping_status":"closed","template":"","meta":{"footnotes":""},"class_list":["post-55655","page","type-page","status-publish","has-post-thumbnail","hentry"],"_links":{"self":[{"href":"https:\/\/developing.newgarden.es\/fr\/wp-json\/wp\/v2\/pages\/55655"}],"collection":[{"href":"https:\/\/developing.newgarden.es\/fr\/wp-json\/wp\/v2\/pages"}],"about":[{"href":"https:\/\/developing.newgarden.es\/fr\/wp-json\/wp\/v2\/types\/page"}],"author":[{"embeddable":true,"href":"https:\/\/developing.newgarden.es\/fr\/wp-json\/wp\/v2\/users\/1"}],"replies":[{"embeddable":true,"href":"https:\/\/developing.newgarden.es\/fr\/wp-json\/wp\/v2\/comments?post=55655"}],"version-history":[{"count":7,"href":"https:\/\/developing.newgarden.es\/fr\/wp-json\/wp\/v2\/pages\/55655\/revisions"}],"predecessor-version":[{"id":66021,"href":"https:\/\/developing.newgarden.es\/fr\/wp-json\/wp\/v2\/pages\/55655\/revisions\/66021"}],"wp:featuredmedia":[{"embeddable":true,"href":"https:\/\/developing.newgarden.es\/fr\/wp-json\/wp\/v2\/media\/48320"}],"wp:attachment":[{"href":"https:\/\/developing.newgarden.es\/fr\/wp-json\/wp\/v2\/media?parent=55655"}],"curies":[{"name":"wp","href":"https:\/\/api.w.org\/{rel}","templated":true}]}}