{"id":19497,"date":"2019-10-23T12:28:38","date_gmt":"2019-10-23T10:28:38","guid":{"rendered":"https:\/\/newgarden.es\/a-propos-de-nous\/"},"modified":"2024-06-21T13:20:56","modified_gmt":"2024-06-21T11:20:56","slug":"a-propos-de-nous","status":"publish","type":"page","link":"https:\/\/developing.newgarden.es\/fr\/a-propos-de-nous\/","title":{"rendered":"A propos de nous"},"content":{"rendered":"<section class=\"wpb-content-wrapper\"><p>[vc_row][vc_column el_class=&#8221;wrap_imagen_empresa&#8221;][vc_column_text]<\/p>\n<div style=\"position: relative; padding-bottom: 56.25%; padding-top: 30px; height: 0; overflow: hidden;\"><iframe style=\"position: absolute; top: 0; left: 0; width: 100%; height: 100%;\" src=\"https:\/\/www.youtube.com\/embed\/CazOI0f6eh8?autoplay=1&amp;mute=1\" width=\"560\" height=\"315\" frameborder=\"0\" allowfullscreen=\"allowfullscreen\"><\/iframe><\/div>\n<p>[\/vc_column_text][\/vc_column][\/vc_row][vc_row][vc_column][vc_empty_space][vc_custom_heading text=&#8221;NEWGARDEN&#8221; font_container=&#8221;tag:h2|font_size:36|text_align:center|color:%231a8bac&#8221; google_fonts=&#8221;font_family:Lato%3A100%2C100italic%2C300%2C300italic%2Cregular%2Citalic%2C700%2C700italic%2C900%2C900italic|font_style:900%20bold%20regular%3A900%3Anormal&#8221;][vc_empty_space height=&#8221;25px&#8221;][\/vc_column][\/vc_row][vc_row][vc_column width=&#8221;1\/2&#8243;][vc_column_text]<\/p>\n<p style=\"text-align: justify;\">Nous avons commenc\u00e9 par lancer une gamme de <strong>pots de fleurs<\/strong> d&#8217;ext\u00e9rieur en <strong>poly\u00e9thyl\u00e8ne<\/strong>, avec un large spectre de <strong>couleurs et de textures<\/strong>tendance. Apr\u00e8s le succ\u00e8s de la campagne, et apr\u00e8s avoir confirm\u00e9 les nombreuses qualit\u00e9s de ce plastique, nous parions sur l&#8217;ouverture d&#8217;un nouveau march\u00e9 dans le monde de l&#8217;\u00e9clairage de jardin.<\/p>\n<p style=\"text-align: justify;\">L&#8217;apport du <strong>design<\/strong>combin\u00e9 aux propri\u00e9t\u00e9s fantastiques du plastique et \u00e0 la comp\u00e9titivit\u00e9 des prix, nous ont positionn\u00e9s comme l&#8217;un des <strong>distributeurs nationaux<\/strong>les plus importants du secteur.<\/p>\n<p>[\/vc_column_text][\/vc_column][vc_column width=&#8221;1\/2&#8243;][vc_column_text]<\/p>\n<p style=\"text-align: justify;\">Pendant ce temps, l&#8217;entreprise a poursuivi sa croissance et sa consolidation dans <strong>plus de 18 pays<\/strong>, ce qui nous a permis de renforcer nos objectifs. Nous avons \u00e9largi notre catalogue avec une nouvelle <strong>gamme de mobilier<\/strong>d&#8217;ext\u00e9rieur, optant pour une ligne technologique du futur.<\/p>\n<p style=\"text-align: justify;\">Aujourd&#8217;hui, il y a un avenir enthousiaste, plein de projets passionnants et plein de <strong>nouveaux objectifs<\/strong>. Avec une \u00e9quipe solide et engag\u00e9e qui travaille pour cr\u00e9er des produits adapt\u00e9s au client, en inventant dans notre vocabulaire le terme &#8220;<strong>mobilier \u00e9motionnel<\/strong>&#8220;<em> <\/em>et en faisant du design et de la technologie notre marque de fabrique.<\/p>\n<p>[\/vc_column_text][\/vc_column][\/vc_row][vc_row][vc_column][vc_empty_space height=&#8221;50px&#8221;][vc_column_text el_class=&#8221;titulo_line&#8221;]INSPIR\u00c9, CON\u00c7U ET FABRIQU\u00c9 EN ESPAGNE.[\/vc_column_text][\/vc_column][\/vc_row][vc_row][vc_column width=&#8221;1\/4&#8243;][vc_single_image image=&#8221;7292&#8243; img_size=&#8221;full&#8221;][\/vc_column][vc_column width=&#8221;1\/4&#8243;][vc_single_image image=&#8221;7293&#8243; img_size=&#8221;full&#8221;][\/vc_column][vc_column width=&#8221;1\/4&#8243;][vc_single_image image=&#8221;7294&#8243; img_size=&#8221;full&#8221;][\/vc_column][vc_column width=&#8221;1\/4&#8243;][vc_single_image image=&#8221;7295&#8243; img_size=&#8221;full&#8221;][\/vc_column][\/vc_row]<\/p>\n<\/section>","protected":false},"excerpt":{"rendered":"<p>[vc_row][vc_column el_class=&#8221;wrap_imagen_empresa&#8221;][vc_column_text] [\/vc_column_text][\/vc_column][\/vc_row][vc_row][vc_column][vc_empty_space][vc_custom_heading text=&#8221;NEWGARDEN&#8221; font_container=&#8221;tag:h2|font_size:36|text_align:center|color:%231a8bac&#8221; google_fonts=&#8221;font_family:Lato%3A100%2C100italic%2C300%2C300italic%2Cregular%2Citalic%2C700%2C700italic%2C900%2C900italic|font_style:900%20bold%20regular%3A900%3Anormal&#8221;][vc_empty_space height=&#8221;25px&#8221;][\/vc_column][\/vc_row][vc_row][vc_column width=&#8221;1\/2&#8243;][vc_column_text] Nous avons commenc\u00e9 par lancer une gamme de pots de fleurs d&#8217;ext\u00e9rieur en poly\u00e9thyl\u00e8ne, avec un large spectre de couleurs et de<\/p>\n","protected":false},"author":1,"featured_media":0,"parent":0,"menu_order":0,"comment_status":"closed","ping_status":"closed","template":"","meta":{"footnotes":""},"class_list":["post-19497","page","type-page","status-publish","hentry"],"_links":{"self":[{"href":"https:\/\/developing.newgarden.es\/fr\/wp-json\/wp\/v2\/pages\/19497"}],"collection":[{"href":"https:\/\/developing.newgarden.es\/fr\/wp-json\/wp\/v2\/pages"}],"about":[{"href":"https:\/\/developing.newgarden.es\/fr\/wp-json\/wp\/v2\/types\/page"}],"author":[{"embeddable":true,"href":"https:\/\/developing.newgarden.es\/fr\/wp-json\/wp\/v2\/users\/1"}],"replies":[{"embeddable":true,"href":"https:\/\/developing.newgarden.es\/fr\/wp-json\/wp\/v2\/comments?post=19497"}],"version-history":[{"count":9,"href":"https:\/\/developing.newgarden.es\/fr\/wp-json\/wp\/v2\/pages\/19497\/revisions"}],"predecessor-version":[{"id":24758,"href":"https:\/\/developing.newgarden.es\/fr\/wp-json\/wp\/v2\/pages\/19497\/revisions\/24758"}],"wp:attachment":[{"href":"https:\/\/developing.newgarden.es\/fr\/wp-json\/wp\/v2\/media?parent=19497"}],"curies":[{"name":"wp","href":"https:\/\/api.w.org\/{rel}","templated":true}]}}