{"id":19411,"date":"2019-10-23T10:40:27","date_gmt":"2019-10-23T08:40:27","guid":{"rendered":"https:\/\/newgarden.es\/durabilite\/"},"modified":"2024-06-21T13:21:14","modified_gmt":"2024-06-21T11:21:14","slug":"bien-durable","status":"publish","type":"page","link":"https:\/\/developing.newgarden.es\/fr\/bien-durable\/","title":{"rendered":"Durable et responsable"},"content":{"rendered":"<section class=\"wpb-content-wrapper\"><p>&nbsp;[vc_row full_width=&#8221;stretch_row&#8221; css=&#8221;.vc_custom_1696861599859{padding-top: 60px !important;padding-bottom: 60px !important;background-image: url(https:\/\/developing.newgarden.es\/wp-content\/uploads\/2023\/10\/fondo-4.png?id=48759) !important;}&#8221;][vc_column][vc_empty_space height=&#8221;60px&#8221;][vc_custom_heading text=&#8221;La M\u00e9diterran\u00e9e doit rester la M\u00e9diterran\u00e9e&#8221; font_container=&#8221;tag:h2|font_size:52px|text_align:center|color:%238b949d&#8221; use_theme_fonts=&#8221;yes&#8221; css=&#8221;.vc_custom_1696859157661{margin-bottom: 10px !important;}&#8221;][vc_empty_space height=&#8221;30px&#8221;][vc_column_text]<\/p>\n<p style=\"text-align: justify;\"><span style=\"color: #a39f98;\">Chez Newgarden, nous travaillons chaque jour \u00e0 l&#8217;am\u00e9lioration de nos processus afin de prot\u00e9ger et de prendre soin de notre environnement.<\/span><\/p>\n<p style=\"text-align: justify;\"><span style=\"color: #a39f98;\">Et nous ne nous contentons pas du fait que tous nos produits sont recyclables, nous voulons aller plus loin car notre environnement a besoin de nous. Chez Newgarden, nous avons d\u00e9velopp\u00e9 plusieurs collections de lampes fabriqu\u00e9es \u00e0 partir de mat\u00e9riaux recycl\u00e9s provenant de la mer. Et nous ne nous sommes pas arr\u00eat\u00e9s l\u00e0.<\/span><\/p>\n<p style=\"text-align: justify;\"><span style=\"color: #a39f98;\">La mer M\u00e9diterran\u00e9e a fa\u00e7onn\u00e9 notre fa\u00e7on de vivre et de profiter de la vie. Il est temps de lui rendre tout ce qu&#8217;elle nous a donn\u00e9. Pouvez-vous nous aider ?<\/span><\/p>\n<p>&nbsp;[\/vc_column_text][vc_empty_space height=&#8221;120px&#8221;][\/vc_column][\/vc_row][vc_row full_width=&#8221;stretch_row&#8221; css=&#8221;.vc_custom_1695720674665{background-image: url(https:\/\/developing.newgarden.es\/wp-content\/uploads\/2023\/09\/shutterstock_2170457007-baja-sat.jpg?id=48520) !important;background-position: center !important;background-repeat: no-repeat !important;background-size: cover !important;}&#8221;][vc_column][vc_empty_space height=&#8221;700px&#8221;][\/vc_column][\/vc_row][vc_row full_width=&#8221;stretch_row&#8221; content_placement=&#8221;middle&#8221; css=&#8221;.vc_custom_1696859343495{padding-top: 200px !important;padding-bottom: 200px !important;background-color: #a49c8f !important;}&#8221;][vc_column width=&#8221;1\/2&#8243;][vc_single_image image=&#8221;48478&#8243; img_size=&#8221;large&#8221; alignment=&#8221;center&#8221;][\/vc_column][vc_column width=&#8221;1\/2&#8243;][vc_custom_heading text=&#8221;La fabrication en Espagne nous permet de r\u00e9duire les \u00e9missions dues au transport et de cr\u00e9er des emplois locaux de qualit\u00e9.&#8221; font_container=&#8221;tag:h2|font_size:52px|text_align:left|color:%23ffffff&#8221; use_theme_fonts=&#8221;yes&#8221; css=&#8221;.vc_custom_1696859538279{margin-bottom: 10px !important;}&#8221;][vc_empty_space height=&#8221;30px&#8221;][vc_column_text]<span style=\"color: #dbd7d3;\">L&#8217;usine Newgarden est situ\u00e9e \u00e0 Alhama de Murcia dans la r\u00e9gion de Murcie (sud-est de l&#8217;Espagne). Nous aimons notre terre et notre mode de vie particulier.<\/span>[\/vc_column_text][\/vc_column][\/vc_row][vc_row full_width=&#8221;stretch_row&#8221; css=&#8221;.vc_custom_1695720700113{background-image: url(https:\/\/developing.newgarden.es\/wp-content\/uploads\/2023\/09\/shutterstock_1230809935.jpg?id=48530) !important;background-position: center !important;background-repeat: no-repeat !important;background-size: cover !important;}&#8221;][vc_column][vc_empty_space height=&#8221;700px&#8221;][\/vc_column][\/vc_row][vc_row full_width=&#8221;stretch_row&#8221; content_placement=&#8221;middle&#8221; css=&#8221;.vc_custom_1696862397164{padding-top: 200px !important;padding-bottom: 120px !important;background: #3f4c5b url(https:\/\/developing.newgarden.es\/wp-content\/uploads\/2023\/10\/fondo2-1.png?id=48770) !important;}&#8221;][vc_column width=&#8221;2\/5&#8243;][vc_single_image image=&#8221;48431&#8243; img_size=&#8221;large&#8221; alignment=&#8221;center&#8221;][\/vc_column][vc_column width=&#8221;1\/5&#8243;][\/vc_column][vc_column width=&#8221;2\/5&#8243;][vc_custom_heading text=&#8221;Nous m\u00e9ritons tous une seconde chance. Lampes en plastique recycl\u00e9. &#8221; font_container=&#8221;tag:h2|font_size:52px|text_align:left|color:%23ffffff&#8221; use_theme_fonts=&#8221;yes&#8221; css=&#8221;.vc_custom_1696859662698{margin-bottom: 10px !important;}&#8221;][vc_empty_space height=&#8221;30px&#8221;][vc_column_text]<\/p>\n<p style=\"text-align: justify;\"><span style=\"color: #879aad;\">Nous disposons de diff\u00e9rentes collections de produits fabriqu\u00e9s \u00e0 partir de plastique recycl\u00e9. Pour chaque lampe que nous fabriquons, nous contribuons \u00e0 donner une seconde vie aux plastiques collect\u00e9s dans la mer et les oc\u00e9ans.<\/span><\/p>\n<p>&nbsp;[\/vc_column_text][vc_empty_space height=&#8221;30px&#8221;][\/vc_column][\/vc_row][vc_row full_width=&#8221;stretch_row&#8221; css=&#8221;.vc_custom_1696862504620{padding-top: 60px !important;padding-bottom: 200px !important;background: #3f4c5b url(https:\/\/developing.newgarden.es\/wp-content\/uploads\/2023\/10\/fondo3.png?id=48775) !important;}&#8221;][vc_column width=&#8221;2\/5&#8243;][vc_custom_heading text=&#8221;Des produits durables qui contribuent \u00e0 r\u00e9duire la consommation et son impact.&#8221; font_container=&#8221;tag:h2|font_size:52|text_align:right|color:%23ffffff&#8221; use_theme_fonts=&#8221;yes&#8221; css=&#8221;.vc_custom_1696925975957{margin-bottom: 10px !important;}&#8221;][vc_empty_space height=&#8221;30px&#8221;][vc_column_text]<\/p>\n<p style=\"text-align: right;\"><span style=\"color: #879aad;\">Le processus de<strong> fabrication par rotomoulage<\/strong> nous permet d&#8217;obtenir des produits ayant une longue dur\u00e9e de vie et une grande r\u00e9sistance aux agents ext\u00e9rieurs (pluie, neige, soleil&#8230;). Nous contribuons ainsi \u00e0 la r\u00e9duction des d\u00e9chets et \u00e0 la promotion d&#8217;habitudes de consommation responsables.<\/span><\/p>\n<p>&nbsp;[\/vc_column_text][vc_empty_space height=&#8221;30px&#8221;][\/vc_column][vc_column width=&#8221;1\/5&#8243;][\/vc_column][vc_column width=&#8221;2\/5&#8243;][vc_single_image image=&#8221;48548&#8243; img_size=&#8221;large&#8221; alignment=&#8221;center&#8221;][\/vc_column][\/vc_row][vc_row full_width=&#8221;stretch_row&#8221; css=&#8221;.vc_custom_1695720738715{background-image: url(https:\/\/developing.newgarden.es\/wp-content\/uploads\/2023\/09\/shutterstock_374229883.jpg?id=48551) !important;background-position: center !important;background-repeat: no-repeat !important;background-size: cover !important;}&#8221;][vc_column][vc_empty_space height=&#8221;700px&#8221;][\/vc_column][\/vc_row][vc_row full_width=&#8221;stretch_row&#8221; css=&#8221;.vc_custom_1696862621457{padding-top: 60px !important;padding-bottom: 60px !important;background-color: #e9e7da !important;}&#8221;][vc_column][vc_empty_space height=&#8221;60px&#8221;][vc_custom_heading text=&#8221;Fabriqu\u00e9 \u00e0 la main, naturellement&#8221; font_container=&#8221;tag:h2|font_size:52px|text_align:center|color:%238f8b85&#8243; use_theme_fonts=&#8221;yes&#8221; css=&#8221;.vc_custom_1696862647555{margin-bottom: 10px !important;}&#8221;][vc_empty_space height=&#8221;30px&#8221;][vc_column_text]<\/p>\n<p style=\"text-align: justify;\"><span style=\"color: #b2aa9d;\">Les fibres naturelles telles que le chanvre ou le bambou sont tr\u00e8s pr\u00e9sentes dans nos collections. Fabriqu\u00e9es \u00e0 la main, elles sont capables de nous transporter dans la nature et la M\u00e9diterran\u00e9e rien qu&#8217;en les regardant. Nous collaborons avec des producteurs locaux, aidant ainsi l&#8217;\u00e9conomie de leur r\u00e9gion \u00e0 se d\u00e9velopper et soutenant le d\u00e9veloppement de leur habitat.<\/span><\/p>\n<p>[\/vc_column_text][vc_empty_space height=&#8221;30px&#8221;][vc_single_image image=&#8221;48607&#8243; img_size=&#8221;large&#8221; alignment=&#8221;center&#8221; css=&#8221;.vc_custom_1695886305371{margin-top: 20px !important;margin-bottom: 20px !important;}&#8221;][vc_empty_space height=&#8221;120px&#8221;][\/vc_column][\/vc_row][vc_row full_width=&#8221;stretch_row&#8221; css=&#8221;.vc_custom_1695885558741{background-image: url(https:\/\/developing.newgarden.es\/wp-content\/uploads\/2023\/09\/NEWGARDEN-RECURSOS-VIDEO-257.jpg?id=48610) !important;background-position: center !important;background-repeat: no-repeat !important;background-size: cover !important;}&#8221;][vc_column][vc_empty_space height=&#8221;700px&#8221;][\/vc_column][\/vc_row][vc_row full_width=&#8221;stretch_row&#8221; css=&#8221;.vc_custom_1696862854971{padding-top: 60px !important;padding-bottom: 60px !important;}&#8221;][vc_column width=&#8221;2\/5&#8243;][vc_empty_space height=&#8221;60px&#8221;][vc_single_image image=&#8221;48617&#8243; img_size=&#8221;large&#8221; alignment=&#8221;center&#8221; css=&#8221;.vc_custom_1695886297376{margin-top: 20px !important;margin-bottom: 20px !important;}&#8221;][vc_empty_space height=&#8221;60px&#8221;][\/vc_column][vc_column width=&#8221;1\/5&#8243;][\/vc_column][vc_column width=&#8221;2\/5&#8243;][vc_empty_space height=&#8221;60px&#8221;][vc_custom_heading text=&#8221;Le soleil est notre \u00e9nergie pr\u00e9f\u00e9r\u00e9e&#8221; font_container=&#8221;tag:h2|font_size:52px|text_align:left|color:%238b949d&#8221; use_theme_fonts=&#8221;yes&#8221; css=&#8221;.vc_custom_1696862931364{margin-bottom: 10px !important;}&#8221;][vc_empty_space height=&#8221;30px&#8221;][vc_column_text]<\/p>\n<p style=\"text-align: justify;\"><span style=\"color: #a9b1b7;\">La puissance du soleil est inimaginable. Il peut g\u00e9n\u00e9rer la vie, inspirer notre personnalit\u00e9 ou changer notre humeur en quelques secondes.\u00a0<\/span><\/p>\n<p style=\"text-align: justify;\"><span style=\"color: #a9b1b7;\">Nous connaissons son pouvoir et c&#8217;est pourquoi l&#8217;\u00e9nergie solaire est pr\u00e9sente dans nos collections depuis les d\u00e9buts de Newgarden. La plupart de nos produits sont disponibles avec une recharge solaire, utilisant une \u00e9nergie 100% verte et durable.<\/span><\/p>\n<p>&nbsp;[\/vc_column_text][\/vc_column][\/vc_row][vc_row full_width=&#8221;stretch_row_content_no_spaces&#8221;][vc_column][vc_single_image image=&#8221;48633&#8243; img_size=&#8221;full&#8221; alignment=&#8221;center&#8221;][\/vc_column][\/vc_row]&nbsp;<\/p>\n<\/section>","protected":false},"excerpt":{"rendered":"<p>&nbsp;[vc_row full_width=&#8221;stretch_row&#8221; css=&#8221;.vc_custom_1696861599859{padding-top: 60px !important;padding-bottom: 60px !important;background-image: url(https:\/\/developing.newgarden.es\/wp-content\/uploads\/2023\/10\/fondo-4.png?id=48759) !important;}&#8221;][vc_column][vc_empty_space height=&#8221;60px&#8221;][vc_custom_heading text=&#8221;La M\u00e9diterran\u00e9e doit rester la M\u00e9diterran\u00e9e&#8221; font_container=&#8221;tag:h2|font_size:52px|text_align:center|color:%238b949d&#8221; use_theme_fonts=&#8221;yes&#8221; css=&#8221;.vc_custom_1696859157661{margin-bottom: 10px !important;}&#8221;][vc_empty_space height=&#8221;30px&#8221;][vc_column_text] Chez Newgarden, nous travaillons chaque jour \u00e0 l&#8217;am\u00e9lioration<\/p>\n","protected":false},"author":1,"featured_media":48514,"parent":0,"menu_order":0,"comment_status":"closed","ping_status":"closed","template":"","meta":{"footnotes":""},"class_list":["post-19411","page","type-page","status-publish","has-post-thumbnail","hentry"],"_links":{"self":[{"href":"https:\/\/developing.newgarden.es\/fr\/wp-json\/wp\/v2\/pages\/19411"}],"collection":[{"href":"https:\/\/developing.newgarden.es\/fr\/wp-json\/wp\/v2\/pages"}],"about":[{"href":"https:\/\/developing.newgarden.es\/fr\/wp-json\/wp\/v2\/types\/page"}],"author":[{"embeddable":true,"href":"https:\/\/developing.newgarden.es\/fr\/wp-json\/wp\/v2\/users\/1"}],"replies":[{"embeddable":true,"href":"https:\/\/developing.newgarden.es\/fr\/wp-json\/wp\/v2\/comments?post=19411"}],"version-history":[{"count":7,"href":"https:\/\/developing.newgarden.es\/fr\/wp-json\/wp\/v2\/pages\/19411\/revisions"}],"predecessor-version":[{"id":55671,"href":"https:\/\/developing.newgarden.es\/fr\/wp-json\/wp\/v2\/pages\/19411\/revisions\/55671"}],"wp:featuredmedia":[{"embeddable":true,"href":"https:\/\/developing.newgarden.es\/fr\/wp-json\/wp\/v2\/media\/48514"}],"wp:attachment":[{"href":"https:\/\/developing.newgarden.es\/fr\/wp-json\/wp\/v2\/media?parent=19411"}],"curies":[{"name":"wp","href":"https:\/\/api.w.org\/{rel}","templated":true}]}}