{"id":19244,"date":"2019-10-23T09:45:34","date_gmt":"2019-10-23T07:45:34","guid":{"rendered":"https:\/\/newgarden.es\/catalogue\/"},"modified":"2024-06-21T13:17:52","modified_gmt":"2024-06-21T11:17:52","slug":"catalogue","status":"publish","type":"page","link":"https:\/\/developing.newgarden.es\/fr\/catalogue\/","title":{"rendered":"Catalogue"},"content":{"rendered":"<section class=\"wpb-content-wrapper\"><p>[vc_row][vc_column][vc_custom_heading text=&#8221;CATALOGUE&#8221; font_container=&#8221;tag:h2|font_size:24px|text_align:left|color:%23222222|line_height:1em&#8221; use_theme_fonts=&#8221;yes&#8221; css=&#8221;.vc_custom_1563174098543{margin-bottom: 13px !important;}&#8221;][\/vc_column][\/vc_row][vc_row][vc_column width=&#8221;1\/2&#8243;][banner type=&#8221;3&#8243; image_opacity=&#8221;1&#8243; image_opacity_on_hover=&#8221;1&#8243; img=&#8221;13359&#8243; img_size=&#8221;500&#215;300&#8243; link=&#8221;url:%20https%3A%2F%2Fdeveloping.newgarden.es%2Fwp-content%2Fuploads%2F2019%2F05%2FNewgarden_Catalogue.pdf|||&#8221;][\/banner][\/vc_column][vc_column width=&#8221;1\/2&#8243;][vc_column_text css=&#8221;.vc_custom_1563185684075{margin-bottom: 33px !important;}&#8221;]<\/p>\n<h1>T\u00e9l\u00e9chargez notre catalogue pour d\u00e9couvrir tous les produits Newgarden.<\/h1>\n<p>[\/vc_column_text][vc_btn title=&#8221;VOIR COLLECTION &gt;&#8221; shape=&#8221;square&#8221; color=&#8221;black&#8221; align=&#8221;left&#8221; link=&#8221;url:%20https%3A%2F%2Fdeveloping.newgarden.es%2Fwp-content%2Fuploads%2F2019%2F05%2FNewgarden_Catalogue.pdf|target:%20_blank|&#8221;][\/vc_column][\/vc_row][vc_row][vc_column][\/vc_column][\/vc_row]<\/p>\n<\/section>","protected":false},"excerpt":{"rendered":"<p>[vc_row][vc_column][vc_custom_heading text=&#8221;CATALOGUE&#8221; font_container=&#8221;tag:h2|font_size:24px|text_align:left|color:%23222222|line_height:1em&#8221; use_theme_fonts=&#8221;yes&#8221; css=&#8221;.vc_custom_1563174098543{margin-bottom: 13px !important;}&#8221;][\/vc_column][\/vc_row][vc_row][vc_column width=&#8221;1\/2&#8243;][banner type=&#8221;3&#8243; image_opacity=&#8221;1&#8243; image_opacity_on_hover=&#8221;1&#8243; img=&#8221;13359&#8243; img_size=&#8221;500&#215;300&#8243; link=&#8221;url:%20https%3A%2F%2Fdeveloping.newgarden.es%2Fwp-content%2Fuploads%2F2019%2F05%2FNewgarden_Catalogue.pdf|||&#8221;][\/banner][\/vc_column][vc_column width=&#8221;1\/2&#8243;][vc_column_text css=&#8221;.vc_custom_1563185684075{margin-bottom: 33px !important;}&#8221;] T\u00e9l\u00e9chargez notre catalogue pour d\u00e9couvrir tous les produits Newgarden. [\/vc_column_text][vc_btn title=&#8221;VOIR COLLECTION<\/p>\n","protected":false},"author":1,"featured_media":0,"parent":0,"menu_order":0,"comment_status":"closed","ping_status":"closed","template":"","meta":{"footnotes":""},"class_list":["post-19244","page","type-page","status-publish","hentry"],"_links":{"self":[{"href":"https:\/\/developing.newgarden.es\/fr\/wp-json\/wp\/v2\/pages\/19244"}],"collection":[{"href":"https:\/\/developing.newgarden.es\/fr\/wp-json\/wp\/v2\/pages"}],"about":[{"href":"https:\/\/developing.newgarden.es\/fr\/wp-json\/wp\/v2\/types\/page"}],"author":[{"embeddable":true,"href":"https:\/\/developing.newgarden.es\/fr\/wp-json\/wp\/v2\/users\/1"}],"replies":[{"embeddable":true,"href":"https:\/\/developing.newgarden.es\/fr\/wp-json\/wp\/v2\/comments?post=19244"}],"version-history":[{"count":3,"href":"https:\/\/developing.newgarden.es\/fr\/wp-json\/wp\/v2\/pages\/19244\/revisions"}],"predecessor-version":[{"id":19249,"href":"https:\/\/developing.newgarden.es\/fr\/wp-json\/wp\/v2\/pages\/19244\/revisions\/19249"}],"wp:attachment":[{"href":"https:\/\/developing.newgarden.es\/fr\/wp-json\/wp\/v2\/media?parent=19244"}],"curies":[{"name":"wp","href":"https:\/\/api.w.org\/{rel}","templated":true}]}}