{"id":16186,"date":"2019-04-23T10:19:42","date_gmt":"2019-04-23T10:19:42","guid":{"rendered":"https:\/\/newgarden.es\/mon-compte\/"},"modified":"2024-06-21T13:18:40","modified_gmt":"2024-06-21T11:18:40","slug":"mon-compte","status":"publish","type":"page","link":"https:\/\/developing.newgarden.es\/fr\/mon-compte\/","title":{"rendered":"Mon Compte"},"content":{"rendered":"<section class=\"wpb-content-wrapper\"><p>[vc_row][vc_column offset=&#8221;vc_hidden-md vc_hidden-sm vc_hidden-xs&#8221;][vc_column_text]<\/p>\r\n<\/p>\r\n<p style=\"text-align: center;\"><img decoding=\"async\" class=\"size-full wp-image-41572 aligncenter\" title=\"logo registro\" src=\"https:\/\/developing.newgarden.es\/wp-content\/uploads\/2022\/02\/logo-registro.png\" alt=\"logo registro\" width=\"50\" height=\"51\" srcset=\"https:\/\/developing.newgarden.es\/wp-content\/uploads\/2022\/02\/logo-registro.png 50w, https:\/\/developing.newgarden.es\/wp-content\/uploads\/2022\/02\/logo-registro-1x1.png 1w, https:\/\/developing.newgarden.es\/wp-content\/uploads\/2022\/02\/logo-registro-10x10.png 10w\" sizes=\"(max-width: 50px) 100vw, 50px\" \/><\/p>\r\n<p style=\"text-align: center;\">Faites vos achats\u00a0<strong>en un temps record en tant que professionnel<\/strong>, et b\u00e9n\u00e9ficiez de\u00a0<strong>votre remise directe<\/strong>:<\/p>\r\n<p style=\"text-align: center;\"><a class=\"btn big black\" href=\"https:\/\/newgardenshop.fr\/pages\/register\" target=\"_self\" rel=\"noopener noreferrer\">Je suis H\u00d4TELIER \/ HORECA &gt;<\/a>\u00a0 \u00a0 \u00a0 \u00a0 \u00a0 <a class=\"btn big black\" href=\"https:\/\/newgardenshop.fr\/pages\/register\" target=\"_self\" rel=\"noopener noreferrer\">Je suis d\u00e9corateur, architecte, installateur, CONTRACT &gt;<\/a><\/p>\r\n<h6 style=\"text-align: center;\">Vous \u00eates un particulier? <a href=\"https:\/\/newgardenshop.fr\/\">Cliquez ici<\/a> pour acheter en tant que particulier<\/h6>\r\n<p>\r\n<p>[\/vc_column_text][\/vc_column][\/vc_row][vc_row][vc_column offset=&#8221;vc_hidden-lg&#8221;][vc_column_text]<\/p>\r\n<\/p>\r\n<p style=\"text-align: center;\"><img decoding=\"async\" class=\"size-full wp-image-41572 aligncenter\" title=\"logo registro\" src=\"https:\/\/developing.newgarden.es\/wp-content\/uploads\/2022\/02\/logo-registro.png\" alt=\"logo registro\" width=\"50\" height=\"51\" srcset=\"https:\/\/developing.newgarden.es\/wp-content\/uploads\/2022\/02\/logo-registro.png 50w, https:\/\/developing.newgarden.es\/wp-content\/uploads\/2022\/02\/logo-registro-1x1.png 1w, https:\/\/developing.newgarden.es\/wp-content\/uploads\/2022\/02\/logo-registro-10x10.png 10w\" sizes=\"(max-width: 50px) 100vw, 50px\" \/><\/p>\r\n<p style=\"text-align: center;\">Faites vos achats\u00a0<strong>en un temps record en tant que professionnel<\/strong>, et b\u00e9n\u00e9ficiez de\u00a0<strong>votre remise directe<\/strong>:<\/p>\r\n<p style=\"text-align: center;\"><a class=\"btn big black\" href=\"https:\/\/newgardenshop.fr\/pages\/register\" target=\"_self\" rel=\"noopener noreferrer\">Je suis H\u00d4TELIER \/ HORECA &gt;<\/a><\/p>\r\n<p style=\"text-align: center;\"><a class=\"btn big black\" href=\"https:\/\/newgardenshop.fr\/pages\/register\" target=\"_self\" rel=\"noopener noreferrer\">Je suis d\u00e9corateur, architecte, installateur, CONTRACT &gt;<\/a><\/p>\r\n<h6 style=\"text-align: center;\">Vous \u00eates un particulier? <a href=\"https:\/\/newgardenshop.fr\/\">Cliquez ici<\/a> pour acheter en tant que particulier<\/h6>\r\n<p>\r\n<p>[\/vc_column_text][\/vc_column][\/vc_row][vc_row][vc_column][vc_separator el_width=&#8221;20&#8243;][\/vc_column][\/vc_row][vc_row content_placement=&#8221;middle&#8221;][vc_column][vc_column_text css=&#8221;.vc_custom_1644578729929{padding-top: 20px !important;padding-right: 20px !important;padding-bottom: 10px !important;padding-left: 20px !important;background-color: #7a7a7a !important;}&#8221;]<\/p>\r\n<\/p>\r\n<p style=\"text-align: center;\"><strong>Si vous \u00eates un REVENDEUR, vous avez un MAGASIN D&#8217;\u00c9CLAIRAGE, de D\u00c9CORATION ou de JARDIN,<\/strong> Inscrivez-vous dans le formulaire suivant et <span style=\"color: #99ccff;\">achetez aussi en une minute avec votre remise directe :<\/span><\/p>\r\n<p>\r\n<p>[\/vc_column_text][\/vc_column][\/vc_row][vc_row][vc_column][vc_separator el_width=&#8221;20&#8243;][vc_column_text]<\/p>\r\n\r\n<p>[\/vc_column_text][\/vc_column][\/vc_row][vc_row][vc_column][vc_column_text]<\/p>\r\n<div class=\"woocommerce\"><\/div>\n<p>[\/vc_column_text][\/vc_column][\/vc_row]<\/p><\/section>","protected":false},"excerpt":{"rendered":"<p>[vc_row][vc_column offset=&#8221;vc_hidden-md vc_hidden-sm vc_hidden-xs&#8221;][vc_column_text] [\/vc_column_text][\/vc_column][\/vc_row][vc_row][vc_column offset=&#8221;vc_hidden-lg&#8221;][vc_column_text] [\/vc_column_text][\/vc_column][\/vc_row][vc_row][vc_column][vc_separator el_width=&#8221;20&#8243;][\/vc_column][\/vc_row][vc_row content_placement=&#8221;middle&#8221;][vc_column][vc_column_text css=&#8221;.vc_custom_1644578729929{padding-top: 20px !important;padding-right: 20px !important;padding-bottom: 10px !important;padding-left: 20px !important;background-color: #7a7a7a !important;}&#8221;] [\/vc_column_text][\/vc_column][\/vc_row][vc_row][vc_column][vc_separator el_width=&#8221;20&#8243;][vc_column_text] [\/vc_column_text][\/vc_column][\/vc_row][vc_row][vc_column][vc_column_text] [\/vc_column_text][\/vc_column][\/vc_row]<\/p>\n","protected":false},"author":1,"featured_media":0,"parent":0,"menu_order":0,"comment_status":"closed","ping_status":"closed","template":"","meta":{"footnotes":""},"class_list":["post-16186","page","type-page","status-publish","hentry"],"_links":{"self":[{"href":"https:\/\/developing.newgarden.es\/fr\/wp-json\/wp\/v2\/pages\/16186"}],"collection":[{"href":"https:\/\/developing.newgarden.es\/fr\/wp-json\/wp\/v2\/pages"}],"about":[{"href":"https:\/\/developing.newgarden.es\/fr\/wp-json\/wp\/v2\/types\/page"}],"author":[{"embeddable":true,"href":"https:\/\/developing.newgarden.es\/fr\/wp-json\/wp\/v2\/users\/1"}],"replies":[{"embeddable":true,"href":"https:\/\/developing.newgarden.es\/fr\/wp-json\/wp\/v2\/comments?post=16186"}],"version-history":[{"count":15,"href":"https:\/\/developing.newgarden.es\/fr\/wp-json\/wp\/v2\/pages\/16186\/revisions"}],"predecessor-version":[{"id":41610,"href":"https:\/\/developing.newgarden.es\/fr\/wp-json\/wp\/v2\/pages\/16186\/revisions\/41610"}],"wp:attachment":[{"href":"https:\/\/developing.newgarden.es\/fr\/wp-json\/wp\/v2\/media?parent=16186"}],"curies":[{"name":"wp","href":"https:\/\/api.w.org\/{rel}","templated":true}]}}