{"id":46876,"date":"2023-02-21T12:24:46","date_gmt":"2023-02-21T11:24:49","guid":{"rendered":"https:\/\/newgarden.es\/?post_type=product&#038;p=46876"},"modified":"2024-05-31T09:01:18","modified_gmt":"2024-05-31T07:01:18","slug":"sardinia-30-wireless-decorative-lamp","status":"publish","type":"product","link":"https:\/\/developing.newgarden.es\/en\/shop\/lightdeco-en\/table-lamps\/sardinia-30-wireless-decorative-lamp\/","title":{"rendered":"SARDINIA 30 WIRELESS DECORATIVE LAMP"},"content":{"rendered":"<section class=\"wpb-content-wrapper\"><p>[vc_row][vc_column][vc_column_text][\/vc_column_text][\/vc_column][\/vc_row][vc_row][vc_column el_class=&#8221;descripcion_producto&#8221;][vc_column_text]Sardinia 30 battery has everything to become the perfect table lamp, you can place it on a table, on a desk or in a bedroom, because with a height of 28 cm it adapts to any space. To adjust its intensity, just press the top button. The battery life can last up to 20 hours (depending on the intensity of light during use). You can combine it with the other lamp in the family: Sardinia 40.<\/p>\n<p>Sardinia 30 Battery int\u00e8gre une tige de hauteur suppl\u00e9mentaire pour r\u00e9duire sa taille jusqu&#8217;\u00e0 16 cm de hauteur, ce qui vous permet de profiter de 2 lampes en 1.<\/p>\n<p>Sardinia 30 est une lampe de table sans fil, elle est r\u00e9alis\u00e9e en fer peint et est disponible en deux couleurs diff\u00e9rentes : Blanc ou anthracite. Son design aux lignes simples et arrondies s&#8217;inspire de la c\u00f4te de la Sardaigne.<br \/>\n[\/vc_column_text][\/vc_column][\/vc_row][vc_row][vc_column width=&#8221;1\/2&#8243;][vc_btn title=&#8221;DATA SHEET ANTHRACITE&#8221; style=&#8221;custom&#8221; custom_background=&#8221;#009bc2&#8243; custom_text=&#8221;#ffffff&#8221; shape=&#8221;square&#8221; link=&#8221;url:https%3A%2F%2Fbit.ly%2F3EnXQ7e|target:%20_blank|rel:nofollow|&#8221; el_class=&#8221;btn_descargar_ficha&#8221;][vc_btn title=&#8221;DATA SHEET WHITE&#8221; style=&#8221;custom&#8221; custom_background=&#8221;#009bc2&#8243; custom_text=&#8221;#ffffff&#8221; shape=&#8221;square&#8221; link=&#8221;url:https%3A%2F%2Fbit.ly%2F3k9csRn|target:%20_blank|rel:nofollow|&#8221; el_class=&#8221;btn_descargar_ficha&#8221;][\/vc_column][vc_column width=&#8221;1\/2&#8243;][vc_btn title=&#8221;INSTRUCTIONS MANUAL&#8221; style=&#8221;custom&#8221; custom_background=&#8221;#009bc2&#8243; custom_text=&#8221;#ffffff&#8221; shape=&#8221;square&#8221; link=&#8221;url:https%3A%2F%2Fbit.ly%2F3XPDevR|target:%20_blank|&#8221; el_class=&#8221;btn_descargar_ficha&#8221;][vc_btn title=&#8221;INSTRUCTIONS MANUAL&#8221; style=&#8221;custom&#8221; custom_background=&#8221;#009bc2&#8243; custom_text=&#8221;#ffffff&#8221; shape=&#8221;square&#8221; link=&#8221;url:https%3A%2F%2Fbit.ly%2F3ZaUi02|target:%20_blank|&#8221; el_class=&#8221;btn_descargar_ficha&#8221;][\/vc_column][vc_column][\/vc_column][\/vc_row]<\/p>\n<\/section>","protected":false},"excerpt":{"rendered":"<h1 style=\"font-size: 12px;\">SARDINIA 30 wireless decorative lamp<\/h1>\n","protected":false},"featured_media":60374,"template":"","meta":[],"product_cat":[1694,514,517,1587],"product_tag":[],"class_list":{"0":"post-46876","1":"product","2":"type-product","3":"status-publish","4":"has-post-thumbnail","6":"product_cat-products","7":"product_cat-lightdeco-en","8":"product_cat-table-lamps","9":"product_cat-indoor-en-en","11":"first","12":"instock","13":"taxable","14":"shipping-taxable","15":"purchasable","16":"product-type-variable"},"df_price":29,"df_sale_price":"","df_regular_price":29,"df_image_link":"https:\/\/developing.newgarden.es\/wp-content\/uploads\/2023\/02\/SARDINIA_30_BATTERY_1200X1200-1-300x300.jpg","_links":{"self":[{"href":"https:\/\/developing.newgarden.es\/en\/wp-json\/wp\/v2\/product\/46876"}],"collection":[{"href":"https:\/\/developing.newgarden.es\/en\/wp-json\/wp\/v2\/product"}],"about":[{"href":"https:\/\/developing.newgarden.es\/en\/wp-json\/wp\/v2\/types\/product"}],"wp:featuredmedia":[{"embeddable":true,"href":"https:\/\/developing.newgarden.es\/en\/wp-json\/wp\/v2\/media\/60374"}],"wp:attachment":[{"href":"https:\/\/developing.newgarden.es\/en\/wp-json\/wp\/v2\/media?parent=46876"}],"wp:term":[{"taxonomy":"product_cat","embeddable":true,"href":"https:\/\/developing.newgarden.es\/en\/wp-json\/wp\/v2\/product_cat?post=46876"},{"taxonomy":"product_tag","embeddable":true,"href":"https:\/\/developing.newgarden.es\/en\/wp-json\/wp\/v2\/product_tag?post=46876"}],"curies":[{"name":"wp","href":"https:\/\/api.w.org\/{rel}","templated":true}]}}