{"id":43708,"date":"2022-04-13T15:06:44","date_gmt":"2022-04-13T13:06:51","guid":{"rendered":"https:\/\/newgarden.es\/?post_type=product&#038;p=43708"},"modified":"2024-06-03T08:50:06","modified_gmt":"2024-06-03T06:50:06","slug":"table-lamp-norai-slim-30","status":"publish","type":"product","link":"https:\/\/developing.newgarden.es\/en\/shop\/lightdeco-en\/table-lamps\/table-lamp-norai-slim-30\/","title":{"rendered":"TABLE LAMP NORAI SLIM 30"},"content":{"rendered":"<section class=\"wpb-content-wrapper\"><p>[vc_row][vc_column][vc_column_text][\/vc_column_text][\/vc_column][\/vc_row][vc_row][vc_column el_class=&#8221;descripcion_producto&#8221;][vc_column_text]La l\u00e1mpara de mesa Norai Slim 30 (\u00f811&#215;35 cm) puede convertirse en un indispensable dentro de tu hogar. Es ideal para cualquier rinc\u00f3n de tu hogar, zonas infantiles o habitaciones. Debido a su peque\u00f1o tama\u00f1o es perfecta para decorar e iluminar mesas de restaurantes, bares, terrazas, hoteles o negocios. Dispone de un bot\u00f3n con encendido t\u00e1ctil, con el cual tambi\u00e9n podremos regular el nivel de intensidad de la luz.<\/p>\n<p>El cuerpo de la l\u00e1mpara est\u00e1 fabricado en metal y est\u00e1 disponible en cinco colores diferentes.<\/p>\n<ul class=\"tablaTech\">\n<li>\n<div class=\"boxContents no-border\">\n<div class=\"name\"><strong>TAMA\u00d1O<\/strong><\/div>\n<div class=\"data\">\u00f811,5 x 35 cm<\/div>\n<\/div>\n<\/li>\n<\/ul>\n<p>[\/vc_column_text][\/vc_column][\/vc_row][vc_row][vc_column width=&#8221;1\/2&#8243;][vc_btn title=&#8221;DATA SHEET&#8221; style=&#8221;custom&#8221; custom_background=&#8221;#009bc2&#8243; custom_text=&#8221;#ffffff&#8221; shape=&#8221;square&#8221; link=&#8221;url:https%3A%2F%2Fbit.ly%2F3zPFFFT|target:%20_blank|rel:nofollow|&#8221; el_class=&#8221;btn_descargar_ficha&#8221;][\/vc_column][vc_column width=&#8221;1\/2&#8243;][vc_btn title=&#8221;MANUAL&#8221; style=&#8221;custom&#8221; custom_background=&#8221;#009bc2&#8243; custom_text=&#8221;#ffffff&#8221; shape=&#8221;square&#8221; link=&#8221;url:https%3A%2F%2Fbit.ly%2F3Bxbi8r|target:%20_blank|&#8221; el_class=&#8221;btn_descargar_ficha&#8221;][\/vc_column][vc_column][\/vc_column][\/vc_row]<\/p>\n<\/section>","protected":false},"excerpt":{"rendered":"<h1 style=\"font-size: 12px;\">TABLE LAMP NORAI SLIM 30<\/h1>\n","protected":false},"featured_media":61070,"template":"","meta":[],"product_cat":[1694,514,517,1587],"product_tag":[],"class_list":{"0":"post-43708","1":"product","2":"type-product","3":"status-publish","4":"has-post-thumbnail","6":"product_cat-products","7":"product_cat-lightdeco-en","8":"product_cat-table-lamps","9":"product_cat-indoor-en-en","11":"first","12":"instock","13":"taxable","14":"shipping-taxable","15":"purchasable","16":"product-type-variable"},"df_price":33.6,"df_sale_price":"","df_regular_price":33.6,"df_image_link":"https:\/\/developing.newgarden.es\/wp-content\/uploads\/2022\/04\/NORAI_SLIM_35_BATTERY_1200X1200-1-300x300.jpg","_links":{"self":[{"href":"https:\/\/developing.newgarden.es\/en\/wp-json\/wp\/v2\/product\/43708"}],"collection":[{"href":"https:\/\/developing.newgarden.es\/en\/wp-json\/wp\/v2\/product"}],"about":[{"href":"https:\/\/developing.newgarden.es\/en\/wp-json\/wp\/v2\/types\/product"}],"wp:featuredmedia":[{"embeddable":true,"href":"https:\/\/developing.newgarden.es\/en\/wp-json\/wp\/v2\/media\/61070"}],"wp:attachment":[{"href":"https:\/\/developing.newgarden.es\/en\/wp-json\/wp\/v2\/media?parent=43708"}],"wp:term":[{"taxonomy":"product_cat","embeddable":true,"href":"https:\/\/developing.newgarden.es\/en\/wp-json\/wp\/v2\/product_cat?post=43708"},{"taxonomy":"product_tag","embeddable":true,"href":"https:\/\/developing.newgarden.es\/en\/wp-json\/wp\/v2\/product_tag?post=43708"}],"curies":[{"name":"wp","href":"https:\/\/api.w.org\/{rel}","templated":true}]}}