{"id":38183,"date":"2021-09-28T14:57:35","date_gmt":"2021-09-28T12:57:37","guid":{"rendered":"https:\/\/newgarden.es\/?post_type=product&#038;p=38183"},"modified":"2022-08-30T15:33:06","modified_gmt":"2022-08-30T13:33:06","slug":"cordless-decorative-lamp-sisine-30-indoor-use","status":"publish","type":"product","link":"https:\/\/developing.newgarden.es\/en\/shop\/lightdeco-en\/table-lamps\/cordless-decorative-lamp-sisine-30-indoor-use\/","title":{"rendered":"CORDLESS DECORATIVE LAMP SISINE 30 | INDOOR USE"},"content":{"rendered":"<section class=\"wpb-content-wrapper\"><p>[vc_row][vc_column][vc_column_text][\/vc_column_text][\/vc_column][\/vc_row][vc_row][vc_column][vc_column_text]La L\u00e1mpara decorativa Saona 30 est\u00e1 trenzada a mano con fibras naturales. Est\u00e1 l\u00e1mpara es el complemento perfecto para iluminar cualquier espacio de a tu hogar o jard\u00edn aport\u00e1ndole un toque natural.<\/p>\n<p>Est\u00e1 lampara forma parte de la familia SAONA, y se puede combinar con una l\u00e1mpara colgante.[\/vc_column_text][vc_video link=&#8221;&#8221;][\/vc_column][\/vc_row][vc_row][vc_column width=&#8221;1\/2&#8243;][vc_btn title=&#8221;DATA SHEET&#8221; style=&#8221;custom&#8221; custom_background=&#8221;#009bc2&#8243; custom_text=&#8221;#ffffff&#8221; shape=&#8221;square&#8221; el_class=&#8221;btn_descargar_ficha&#8221; link=&#8221;url:https%3A%2F%2Fdrive.google.com%2Fdrive%2Ffolders%2F1JVnI_7SVey0KPt4IJROrekfbVxAq559A|target:%20_blank|&#8221;][\/vc_column][vc_column width=&#8221;1\/2&#8243;][vc_btn title=&#8221;MANUAL&#8221; style=&#8221;custom&#8221; custom_background=&#8221;#009bc2&#8243; custom_text=&#8221;#ffffff&#8221; shape=&#8221;square&#8221; el_class=&#8221;btn_descargar_ficha&#8221; link=&#8221;target:%20_blank|&#8221;][\/vc_column][\/vc_row]<\/p>\n<\/section>","protected":false},"excerpt":{"rendered":"<p>[vc_row][vc_column][vc_column_text][\/vc_column_text][\/vc_column][\/vc_row][vc_row][vc_column][vc_column_text]La L\u00e1mpara decorativa Saona 30 est\u00e1 trenzada a mano con fibras naturales. Est\u00e1 l\u00e1mpara es el complemento perfecto para iluminar cualquier espacio de a tu hogar o jard\u00edn aport\u00e1ndole un<\/p>\n","protected":false},"featured_media":58663,"template":"","meta":[],"product_cat":[1694,514,517,1221,1587],"product_tag":[524,1222,596],"class_list":{"0":"post-38183","1":"product","2":"type-product","3":"status-publish","4":"has-post-thumbnail","6":"product_cat-products","7":"product_cat-lightdeco-en","8":"product_cat-table-lamps","9":"product_cat-indoor-en","10":"product_cat-indoor-en-en","11":"product_tag-battery","12":"product_tag-indoor-en","13":"product_tag-wireless","15":"first","16":"instock","17":"taxable","18":"shipping-taxable","19":"purchasable","20":"product-type-variable"},"df_price":51.5,"df_sale_price":"","df_regular_price":51.5,"df_image_link":"https:\/\/developing.newgarden.es\/wp-content\/uploads\/2021\/09\/SISINE_30_CABLE_1200X1200-6-300x300.jpg","_links":{"self":[{"href":"https:\/\/developing.newgarden.es\/en\/wp-json\/wp\/v2\/product\/38183"}],"collection":[{"href":"https:\/\/developing.newgarden.es\/en\/wp-json\/wp\/v2\/product"}],"about":[{"href":"https:\/\/developing.newgarden.es\/en\/wp-json\/wp\/v2\/types\/product"}],"wp:featuredmedia":[{"embeddable":true,"href":"https:\/\/developing.newgarden.es\/en\/wp-json\/wp\/v2\/media\/58663"}],"wp:attachment":[{"href":"https:\/\/developing.newgarden.es\/en\/wp-json\/wp\/v2\/media?parent=38183"}],"wp:term":[{"taxonomy":"product_cat","embeddable":true,"href":"https:\/\/developing.newgarden.es\/en\/wp-json\/wp\/v2\/product_cat?post=38183"},{"taxonomy":"product_tag","embeddable":true,"href":"https:\/\/developing.newgarden.es\/en\/wp-json\/wp\/v2\/product_tag?post=38183"}],"curies":[{"name":"wp","href":"https:\/\/api.w.org\/{rel}","templated":true}]}}