{"id":30336,"date":"2019-10-14T11:52:15","date_gmt":"2020-08-06T08:21:03","guid":{"rendered":"https:\/\/newgarden.es\/?post_type=product&#038;p=30336"},"modified":"2024-06-11T09:54:36","modified_gmt":"2024-06-11T07:54:36","slug":"rocket-20","status":"publish","type":"product","link":"https:\/\/developing.newgarden.es\/en\/shop\/lightdeco-en\/table-lamps\/rocket-20\/","title":{"rendered":"ROCKET 20"},"content":{"rendered":"<section class=\"wpb-content-wrapper\"><p>[vc_row][vc_column][vc_column_text]<span style=\"color: #ff0000;\">3 UNIDADES DE ROCKET 20<\/span><\/p>\n<p>La l\u00e1mpara de Mesa ROCKET 20, es una de las <a href=\"https:\/\/developing.newgarden.es\/categoria-producto\/novedades\/\">Novedades<\/a> de Newgarden. Es ideal para cualquier rinc\u00f3n de tu hogar, zonas infantiles o habitaciones. Debido a su peque\u00f1o tama\u00f1o es perfecta para decorar e iluminar mesas de restaurantes, bares, terrazas, hoteles o negocios.<\/p>\n<p>La l\u00e1mpara Rocket 20 permite hasta 3 intensidades de luz que se activan mediante pulsador t\u00e1ctil. Con una autonom\u00eda de 4 a 20 horas de duraci\u00f3n seg\u00fan el modo de intensidad.[\/vc_column_text][\/vc_column][\/vc_row][vc_row][vc_column width=&#8221;1\/2&#8243;][vc_btn title=&#8221;DATA SHEET&#8221; style=&#8221;custom&#8221; custom_background=&#8221;#009bc2&#8243; custom_text=&#8221;#ffffff&#8221; el_class=&#8221;btn_descargar_ficha&#8221; link=&#8221;url:https%3A%2F%2Fbit.ly%2F3Of6Fn0|target:%20_blank|&#8221;][\/vc_column][vc_column width=&#8221;1\/2&#8243;][vc_btn title=&#8221;MANUAL&#8221; style=&#8221;custom&#8221; custom_background=&#8221;#009bc2&#8243; custom_text=&#8221;#ffffff&#8221; link=&#8221;url:https%3A%2F%2Fbit.ly%2F3bmQLsz|target:%20_blank|&#8221; el_class=&#8221;btn_descargar_ficha&#8221;][\/vc_column][\/vc_row]<\/p>\n<\/section>","protected":false},"excerpt":{"rendered":"<h5><strong>TOUCH TABLE LAMP ROCKET 20<\/strong><\/h5>\n","protected":false},"featured_media":62399,"template":"","meta":[],"product_cat":[1694,514,517,1587],"product_tag":[],"class_list":{"0":"post-30336","1":"product","2":"type-product","3":"status-publish","4":"has-post-thumbnail","6":"product_cat-products","7":"product_cat-lightdeco-en","8":"product_cat-table-lamps","9":"product_cat-indoor-en-en","11":"first","12":"instock","13":"taxable","14":"shipping-taxable","15":"purchasable","16":"product-type-variable","17":"has-default-attributes"},"df_price":66,"df_sale_price":"","df_regular_price":66,"df_image_link":"https:\/\/developing.newgarden.es\/wp-content\/uploads\/2019\/10\/ROCKET_20_BATTERY_1200X1200-5-300x300.jpg","_links":{"self":[{"href":"https:\/\/developing.newgarden.es\/en\/wp-json\/wp\/v2\/product\/30336"}],"collection":[{"href":"https:\/\/developing.newgarden.es\/en\/wp-json\/wp\/v2\/product"}],"about":[{"href":"https:\/\/developing.newgarden.es\/en\/wp-json\/wp\/v2\/types\/product"}],"wp:featuredmedia":[{"embeddable":true,"href":"https:\/\/developing.newgarden.es\/en\/wp-json\/wp\/v2\/media\/62399"}],"wp:attachment":[{"href":"https:\/\/developing.newgarden.es\/en\/wp-json\/wp\/v2\/media?parent=30336"}],"wp:term":[{"taxonomy":"product_cat","embeddable":true,"href":"https:\/\/developing.newgarden.es\/en\/wp-json\/wp\/v2\/product_cat?post=30336"},{"taxonomy":"product_tag","embeddable":true,"href":"https:\/\/developing.newgarden.es\/en\/wp-json\/wp\/v2\/product_tag?post=30336"}],"curies":[{"name":"wp","href":"https:\/\/api.w.org\/{rel}","templated":true}]}}