{"id":30327,"date":"2020-02-13T15:23:22","date_gmt":"2020-08-06T08:12:16","guid":{"rendered":"https:\/\/newgarden.es\/?post_type=product&#038;p=30327"},"modified":"2024-06-06T13:01:57","modified_gmt":"2024-06-06T11:01:57","slug":"green-panchito","status":"publish","type":"product","link":"https:\/\/developing.newgarden.es\/en\/shop\/lightdeco-en\/table-lamps\/green-panchito\/","title":{"rendered":"GREEN PANCHITO UNITS"},"content":{"rendered":"<section class=\"wpb-content-wrapper\"><p>[vc_row][vc_column][vc_column_text]La l\u00e1mpara de Mesa Panchito, es una de las Novedades de Newgarden. Es ideal para cualquier rinc\u00f3n de tu hogar y habitaciones. Debido a su peque\u00f1o tama\u00f1o es ideal para decorar e iluminar mesas de restaurantes, bares, terrazas, hoteles o y todo tipo negocios.<\/p>\n<p>Caracter\u00edsticas t\u00e9cnicas:<\/p>\n<p>-Tecnolog\u00eda LED<br \/>\n-IP43 Uso exterior e interior<br \/>\n-Bater\u00eda Recargable<br \/>\n-Tama\u00f1o: 20 x 16 cm.<br \/>\n-Acabado Lima<br \/>\n-Luz Blanca[\/vc_column_text][\/vc_column][\/vc_row][vc_row][vc_column width=&#8221;1\/2&#8243;][vc_btn title=&#8221;DATA SHEET&#8221; style=&#8221;custom&#8221; custom_background=&#8221;#009bc2&#8243; custom_text=&#8221;#ffffff&#8221; link=&#8221;url:https%3A%2F%2Fbit.ly%2F3xK8ZLI|target:%20_blank|&#8221; el_class=&#8221;btn_descargar_ficha&#8221;][\/vc_column][vc_column width=&#8221;1\/2&#8243;][vc_btn title=&#8221;MANUAL&#8221; style=&#8221;custom&#8221; custom_background=&#8221;#009bc2&#8243; custom_text=&#8221;#ffffff&#8221; link=&#8221;url:https%3A%2F%2Fbit.ly%2F3da2zyP|target:%20_blank|&#8221; el_class=&#8221;btn_descargar_ficha&#8221;][\/vc_column][\/vc_row]<\/p>\n<\/section>","protected":false},"excerpt":{"rendered":"<h5><strong>TABLE LAMP PANCHITO<\/strong><\/h5>\n","protected":false},"featured_media":62387,"template":"","meta":[],"product_cat":[1694,514,517,1587],"product_tag":[],"class_list":{"0":"post-30327","1":"product","2":"type-product","3":"status-publish","4":"has-post-thumbnail","6":"product_cat-products","7":"product_cat-lightdeco-en","8":"product_cat-table-lamps","9":"product_cat-indoor-en-en","11":"first","12":"instock","13":"taxable","14":"shipping-taxable","15":"purchasable","16":"product-type-variable"},"df_price":66,"df_sale_price":"","df_regular_price":66,"df_image_link":"https:\/\/developing.newgarden.es\/wp-content\/uploads\/2020\/02\/PANCHITO_1200X1200-2-300x300.jpg","_links":{"self":[{"href":"https:\/\/developing.newgarden.es\/en\/wp-json\/wp\/v2\/product\/30327"}],"collection":[{"href":"https:\/\/developing.newgarden.es\/en\/wp-json\/wp\/v2\/product"}],"about":[{"href":"https:\/\/developing.newgarden.es\/en\/wp-json\/wp\/v2\/types\/product"}],"wp:featuredmedia":[{"embeddable":true,"href":"https:\/\/developing.newgarden.es\/en\/wp-json\/wp\/v2\/media\/62387"}],"wp:attachment":[{"href":"https:\/\/developing.newgarden.es\/en\/wp-json\/wp\/v2\/media?parent=30327"}],"wp:term":[{"taxonomy":"product_cat","embeddable":true,"href":"https:\/\/developing.newgarden.es\/en\/wp-json\/wp\/v2\/product_cat?post=30327"},{"taxonomy":"product_tag","embeddable":true,"href":"https:\/\/developing.newgarden.es\/en\/wp-json\/wp\/v2\/product_tag?post=30327"}],"curies":[{"name":"wp","href":"https:\/\/api.w.org\/{rel}","templated":true}]}}