{"id":30234,"date":"2019-10-11T08:50:15","date_gmt":"2020-08-05T09:28:18","guid":{"rendered":"https:\/\/newgarden.es\/?post_type=product&#038;p=30234"},"modified":"2024-06-10T08:52:28","modified_gmt":"2024-06-10T06:52:28","slug":"bossa","status":"publish","type":"product","link":"https:\/\/developing.newgarden.es\/en\/shop\/lightdeco-en\/pendants\/bossa\/","title":{"rendered":"PENDANT LAMP\u00a0BOSSA HANG"},"content":{"rendered":"<section class=\"wpb-content-wrapper\"><p>[vc_row][vc_column][vc_column_text]La L\u00e1mpara Colgante Bossa es una de las novedades de NEWGARDEN. Es perfecta tanto para uso interior en tu hogar como para cualquier rinc\u00f3n de exterior, jard\u00edn, terrazas o negocios, adem\u00e1s es ideal para eventos y fiestas, ya que no necesita instalaci\u00f3n.<\/p>\n<p>Se puede combinar con con los modelos colgantes Nature <a href=\"https:\/\/developing.newgarden.es\/shop\/coleccion\/lightdeco\/reona-sisine\/\">Sisine<\/a>, <a href=\"https:\/\/developing.newgarden.es\/shop\/coleccion\/lightdeco\/reona\/\">Reona<\/a> y <a href=\"https:\/\/developing.newgarden.es\/shop\/coleccion\/lightdeco\/calobra\/\">Calobra<\/a> para crear composiciones realmente sorprendentes.<\/p>\n<p>La l\u00e1mpara Nature Bossa incluye cuerda de 3 metros, tulipa y la bombilla con 3 intensidades hasta 500 l\u00famenes de Luz y una <strong>autonom\u00eda de 6 a 20 horas<\/strong>.[\/vc_column_text][\/vc_column][\/vc_row][vc_row][vc_column width=&#8221;1\/2&#8243;][vc_btn title=&#8221;DATA SHEET&#8221; style=&#8221;custom&#8221; custom_background=&#8221;#009bc2&#8243; custom_text=&#8221;#ffffff&#8221; link=&#8221;url:https%3A%2F%2Fbit.ly%2F3b9BlHr|target:%20_blank|&#8221; el_class=&#8221;btn_descargar_ficha&#8221;][\/vc_column][vc_column width=&#8221;1\/2&#8243;][vc_btn title=&#8221;MANUAL&#8221; style=&#8221;custom&#8221; custom_background=&#8221;#009bc2&#8243; custom_text=&#8221;#ffffff&#8221; link=&#8221;url:https%3A%2F%2Fbit.ly%2F3Jvxodk|target:%20_blank|&#8221; el_class=&#8221;btn_descargar_ficha&#8221;][\/vc_column][\/vc_row]<\/p>\n<\/section>","protected":false},"excerpt":{"rendered":"<h5 style=\"text-align: left;\"><strong>PENDANT LAMP\u00a0BOSSA NATURE<\/strong><\/h5>\n","protected":false},"featured_media":57718,"template":"","meta":[],"product_cat":[514,1565,623],"product_tag":[],"class_list":{"0":"post-30234","1":"product","2":"type-product","3":"status-publish","4":"has-post-thumbnail","6":"product_cat-lightdeco-en","7":"product_cat-wireless-ceiling-lights","8":"product_cat-pendants","10":"first","11":"instock","12":"taxable","13":"shipping-taxable","14":"purchasable","15":"product-type-variable"},"df_price":56.1,"df_sale_price":"","df_regular_price":56.1,"df_image_link":"https:\/\/developing.newgarden.es\/wp-content\/uploads\/2019\/10\/BOSSA_HANG_BATTERY_1200X1200-6-1-300x300.jpg","_links":{"self":[{"href":"https:\/\/developing.newgarden.es\/en\/wp-json\/wp\/v2\/product\/30234"}],"collection":[{"href":"https:\/\/developing.newgarden.es\/en\/wp-json\/wp\/v2\/product"}],"about":[{"href":"https:\/\/developing.newgarden.es\/en\/wp-json\/wp\/v2\/types\/product"}],"wp:featuredmedia":[{"embeddable":true,"href":"https:\/\/developing.newgarden.es\/en\/wp-json\/wp\/v2\/media\/57718"}],"wp:attachment":[{"href":"https:\/\/developing.newgarden.es\/en\/wp-json\/wp\/v2\/media?parent=30234"}],"wp:term":[{"taxonomy":"product_cat","embeddable":true,"href":"https:\/\/developing.newgarden.es\/en\/wp-json\/wp\/v2\/product_cat?post=30234"},{"taxonomy":"product_tag","embeddable":true,"href":"https:\/\/developing.newgarden.es\/en\/wp-json\/wp\/v2\/product_tag?post=30234"}],"curies":[{"name":"wp","href":"https:\/\/api.w.org\/{rel}","templated":true}]}}