{"id":29770,"date":"2020-07-14T11:15:04","date_gmt":"2020-07-14T09:15:11","guid":{"rendered":"https:\/\/newgarden.es\/?post_type=product&#038;p=29770"},"modified":"2024-06-13T11:50:25","modified_gmt":"2024-06-13T09:50:25","slug":"rond-pot-colour-hortensia-50","status":"publish","type":"product","link":"https:\/\/developing.newgarden.es\/en\/shop\/flowerpots\/flowerpots-without-lighting\/rond-pot-colour-hortensia-50\/","title":{"rendered":"ROND POT COLOUR HORTENSIA 50"},"content":{"rendered":"<section class=\"wpb-content-wrapper\"><p>[vc_row][vc_column el_class=&#8221;descripcion_producto&#8221;][vc_column_text]<\/p>\n<p style=\"text-align: justify;\">Hortensia 50 es una de las <a href=\"https:\/\/developing.newgarden.es\/categoria-producto\/novedades\/\">Novedades<\/a> dentro de la gama de maceteros de Newgarden. Es un macetero redondo con una gran base de plantaci\u00f3n. L\u00edneas redondeadas y texturizado en acabado liso.<\/p>\n<p style=\"text-align: justify;\">Es un modelo perfecto para cualquier rinc\u00f3n de tu jard\u00edn, exterior, terrazas o negocios. El modelo Hortensia 40 es el macetero ideal para darle ese toque de dise\u00f1o a tu jard\u00edn ya que combina en cualquier ambiente.<\/p>\n<p>Est\u00e1 disponible en varios tama\u00f1os (30, 40, 50 y 80) y acabados (blanco, bronce, negro, gris, topo, rosa soft y verde soft).<\/p>\n<p style=\"text-align: justify;\"><em>El Macetero Hortensia est\u00e1 fabricado en polietileno, por lo que es ligero y muy resistente a temperaturas extremas. Tambi\u00e9n est\u00e1n protegidos contra los rayos UV, haciendo que la vida \u00fatil del producto sea extraordinariamente larga. \u00a0<\/em><\/p>\n<p>[\/vc_column_text][\/vc_column][\/vc_row][vc_row disable_element=&#8221;yes&#8221;][vc_column][vc_single_image image=&#8221;6566&#8243; img_size=&#8221;full&#8221;][\/vc_column][\/vc_row][vc_row][vc_column width=&#8221;1\/2&#8243;][vc_btn title=&#8221;DATA SHEET&#8221; style=&#8221;custom&#8221; custom_background=&#8221;#009bc2&#8243; custom_text=&#8221;#ffffff&#8221; shape=&#8221;square&#8221; link=&#8221;url:https%3A%2F%2Fbit.ly%2F3QDzQSe|target:%20_blank|&#8221; el_class=&#8221;btn_descargar_ficha&#8221;][\/vc_column][\/vc_row]<\/p>\n<\/section>","protected":false},"excerpt":{"rendered":"<h1 style=\"font-size: 12px;\">ROND POT COLOUR HORTENSIA 50<\/h1>\n","protected":false},"featured_media":61360,"template":"","meta":[],"product_cat":[604,620,1591],"product_tag":[],"class_list":{"0":"post-29770","1":"product","2":"type-product","3":"status-publish","4":"has-post-thumbnail","6":"product_cat-flowerpots","7":"product_cat-flowerpots-without-lighting","8":"product_cat-round-flowerpots","10":"first","11":"instock","12":"taxable","13":"shipping-taxable","14":"purchasable","15":"product-type-variable"},"df_price":79.7,"df_sale_price":"","df_regular_price":79.7,"df_image_link":"https:\/\/developing.newgarden.es\/wp-content\/uploads\/2020\/07\/HORTENSIA_30_40_50_80_OPACOS_1200X1200-32-300x300.jpg","_links":{"self":[{"href":"https:\/\/developing.newgarden.es\/en\/wp-json\/wp\/v2\/product\/29770"}],"collection":[{"href":"https:\/\/developing.newgarden.es\/en\/wp-json\/wp\/v2\/product"}],"about":[{"href":"https:\/\/developing.newgarden.es\/en\/wp-json\/wp\/v2\/types\/product"}],"wp:featuredmedia":[{"embeddable":true,"href":"https:\/\/developing.newgarden.es\/en\/wp-json\/wp\/v2\/media\/61360"}],"wp:attachment":[{"href":"https:\/\/developing.newgarden.es\/en\/wp-json\/wp\/v2\/media?parent=29770"}],"wp:term":[{"taxonomy":"product_cat","embeddable":true,"href":"https:\/\/developing.newgarden.es\/en\/wp-json\/wp\/v2\/product_cat?post=29770"},{"taxonomy":"product_tag","embeddable":true,"href":"https:\/\/developing.newgarden.es\/en\/wp-json\/wp\/v2\/product_tag?post=29770"}],"curies":[{"name":"wp","href":"https:\/\/api.w.org\/{rel}","templated":true}]}}