{"id":26510,"date":"2020-02-26T09:25:38","date_gmt":"2020-02-26T08:25:41","guid":{"rendered":"https:\/\/newgarden.es\/?post_type=product&#038;p=26510"},"modified":"2023-09-26T14:50:02","modified_gmt":"2023-09-26T12:50:02","slug":"lola-slim-copia-copia-copia","status":"publish","type":"product","link":"https:\/\/developing.newgarden.es\/en\/shop\/lightdeco-en\/foot-lamp\/lola-slim-copia-copia-copia\/","title":{"rendered":"SOLAR STREET LIGHT PAQUITA"},"content":{"rendered":"<section class=\"wpb-content-wrapper\"><p>[vc_row][vc_column el_class=&#8221;descripcion_producto&#8221;][vc_column_text]<\/p>\n<p style=\"text-align: justify;\">La serie Paquita Family es una de las Novedades m\u00e1s destacadas de Newgarden, por su dise\u00f1o elegante y funcionalidad.<\/p>\n<p style=\"text-align: justify;\">Paquita Farola combina dentro de cualquier espacio sin romper la est\u00e9tica del mismo, es perfecta para iluminar cualquier rinc\u00f3n de exterior, jard\u00edn, terrazas o negocios ya que funciona con carga solar. Comb\u00ednala con su familia Paquita 40 y Paquita Wall para crear ambientes \u00fanicos.<\/p>\n<p>La instalaci\u00f3n de la farola Paquita es realmente sencilla ya que no necesita de instalaci\u00f3n el\u00e9ctrica, adem\u00e1s dispone de iluminaci\u00f3n por sensor de movimiento, modo crepuscular y control remoto lo que hacen de este modelo un imprescindible dentro de cualquier espacio de exterior.<\/p>\n<p><em>Los productos Newgarden son ligeros y muy resistentes a temperaturas extremas. Tambi\u00e9n est\u00e1n protegidos contra los rayos UV, haciendo que la vida \u00fatil del producto sea extraordinariamente larga.\u00a0<\/em><\/p>\n<p><em>Tama\u00f1o: 215 cm x 59\u00f8<\/em><br \/>\n<em>Acabado: Blanco\/Antracita<br \/>\nIP 65. Uso Exterior<br \/>\n<\/em>Potencia lum\u00ednica: 1200 lumens<br \/>\nPotencia Real: 8,5 W<br \/>\nPotencia Carga Solar: 13W<br \/>\n<em>Autonom\u00eda:<\/em><br \/>\n<em>Modo Manual: 8h*<\/em><br \/>\n<em>Modo Noche: 8h*<\/em><br \/>\n<em>Modo Ecomotion: 8-50h*<\/em><\/p>\n<p>[\/vc_column_text][\/vc_column][\/vc_row][vc_row disable_element=&#8221;yes&#8221;][vc_column][vc_single_image image=&#8221;6566&#8243; img_size=&#8221;full&#8221;][\/vc_column][\/vc_row][vc_row][vc_column width=&#8221;1\/2&#8243;][vc_btn title=&#8221;DATA SHEET&#8221; style=&#8221;custom&#8221; custom_background=&#8221;#009bc2&#8243; custom_text=&#8221;#ffffff&#8221; shape=&#8221;square&#8221; link=&#8221;url:https%3A%2F%2Fdeveloping.newgarden.es%2Fwp-content%2Fuploads%2F2017%2F08%2FLolaSlim.pdf|target:%20_blank|&#8221; el_class=&#8221;btn_descargar_ficha&#8221;][\/vc_column][vc_column width=&#8221;1\/2&#8243;][vc_btn title=&#8221;MANUAL&#8221; style=&#8221;custom&#8221; custom_background=&#8221;#009bc2&#8243; custom_text=&#8221;#ffffff&#8221; shape=&#8221;square&#8221; link=&#8221;url:https%3A%2F%2Fdeveloping.newgarden.es%2Finstrucciones%2F||target:%20_blank|&#8221; el_class=&#8221;btn_descargar_ficha&#8221;][\/vc_column][\/vc_row]<\/p>\n<\/section>","protected":false},"excerpt":{"rendered":"<h1 style=\"font-size: 12px;\">SOLAR STREET LIGHT PAQUITA<\/h1>\n","protected":false},"featured_media":57864,"template":"","meta":[],"product_cat":[1694,514,522,1561],"product_tag":[519],"class_list":{"0":"post-26510","1":"product","2":"type-product","3":"status-publish","4":"has-post-thumbnail","6":"product_cat-products","7":"product_cat-lightdeco-en","8":"product_cat-foot-lamp","9":"product_cat-lanterns-and-wall-lamps","10":"product_tag-cable-en","12":"first","13":"instock","14":"taxable","15":"shipping-taxable","16":"purchasable","17":"product-type-variable"},"df_price":287.6,"df_sale_price":"","df_regular_price":287.6,"df_image_link":"https:\/\/developing.newgarden.es\/wp-content\/uploads\/2020\/02\/PAQUITA_FAROLA_1200X1200-1-300x300.jpg","_links":{"self":[{"href":"https:\/\/developing.newgarden.es\/en\/wp-json\/wp\/v2\/product\/26510"}],"collection":[{"href":"https:\/\/developing.newgarden.es\/en\/wp-json\/wp\/v2\/product"}],"about":[{"href":"https:\/\/developing.newgarden.es\/en\/wp-json\/wp\/v2\/types\/product"}],"wp:featuredmedia":[{"embeddable":true,"href":"https:\/\/developing.newgarden.es\/en\/wp-json\/wp\/v2\/media\/57864"}],"wp:attachment":[{"href":"https:\/\/developing.newgarden.es\/en\/wp-json\/wp\/v2\/media?parent=26510"}],"wp:term":[{"taxonomy":"product_cat","embeddable":true,"href":"https:\/\/developing.newgarden.es\/en\/wp-json\/wp\/v2\/product_cat?post=26510"},{"taxonomy":"product_tag","embeddable":true,"href":"https:\/\/developing.newgarden.es\/en\/wp-json\/wp\/v2\/product_tag?post=26510"}],"curies":[{"name":"wp","href":"https:\/\/api.w.org\/{rel}","templated":true}]}}