{"id":65561,"date":"2024-06-17T11:32:38","date_gmt":"2024-06-17T09:32:38","guid":{"rendered":"https:\/\/newgarden.es\/shop\/unkategorisiert\/kabellose-tragbare-laterne-okinawa-lantern\/"},"modified":"2024-07-01T10:54:45","modified_gmt":"2024-07-01T08:54:45","slug":"kabellose-tragbare-laterne-okinawa-lantern","status":"publish","type":"product","link":"https:\/\/developing.newgarden.es\/de\/shop\/lightdeco-de\/tischlampe\/kabellose-tragbare-laterne-okinawa-lantern\/","title":{"rendered":"KABELLOSE TRAGBARE LATERNE OKINAWA LANTERN"},"content":{"rendered":"<section class=\"wpb-content-wrapper\"><p>[vc_row][vc_column][vc_column_text][\/vc_column_text][\/vc_column][\/vc_row][vc_row][vc_column][vc_column_text]El farol de mano OKINAWA LANTERN est\u00e1 fabricado a mano con Bamb\u00fa. Su dise\u00f1o org\u00e1nico y de l\u00edneas rectas lo convierten en un producto indispensable para cualquier terraza o jard\u00edn. Se puede combinar con otros productos de la serie Okinawa como la guirnalda, la l\u00e1mpara colgante (Okinawa 40 Hang) o la destacable l\u00e1mpara de pie Okinawa 170. Todos ellos forman un conjunto de l\u00e1mparas que aportan un toque de naturaleza arm\u00f3nica a tu hogar. Incorpora un panel solar de gran tama\u00f1o para que se pueda cargar eficientemente sin necesidad de cables. El asa est\u00e1 fabricada en metal que le aporta robustez y firmeza.<\/p>\n<p>El farol de mano OKINAWA la bombilla port\u00e1til recargable Cherry. Esta bombilla no requiere instalaci\u00f3n, tan solo tendr\u00e1s que acercarla a la parte posterior de la placa solar y se adherir\u00e1 debido a su base imantada. Esta bombilla tambi\u00e9n incluye mando a distancia para poder encender y apagar y regular su intensidad. Dispone de 900 l\u00famenes y una autonom\u00eda entre 6 y 20 horas de duraci\u00f3n seg\u00fan su intensidad.<\/p>\n<p>*Carga Solar: Tal y como su nombre indica, solo necesitar\u00e1s que el producto est\u00e9 expuesto a la luz solar. Cuanto m\u00e1s tiempo reciba luz directa del sol la autonom\u00eda ser\u00e1 mayor.<\/p>\n<ul class=\"tablaTech\">\n<li>\n<div class=\"boxContents no-border\">\n<div class=\"name\"><strong>TAMA\u00d1O<\/strong><\/div>\n<div class=\"data\">14,5 x 14,5 x 24 cm<\/div>\n<\/div>\n<\/li>\n<\/ul>\n<p>[\/vc_column_text][\/vc_column][\/vc_row][vc_row][vc_column width=&#8221;1\/2&#8243;][vc_btn title=&#8221;Technisches Datenblatt&#8221; style=&#8221;custom&#8221; custom_background=&#8221;#009bc2&#8243; custom_text=&#8221;#ffffff&#8221; shape=&#8221;square&#8221; el_class=&#8221;btn_descargar_ficha&#8221; link=&#8221;url:https%3A%2F%2Fbit.ly%2F41fKL9T|target:%20_blank|&#8221;][\/vc_column][vc_column width=&#8221;1\/2&#8243;][vc_btn title=&#8221;BEDIENUNGSANLEITUNG&#8221; style=&#8221;custom&#8221; custom_background=&#8221;#009bc2&#8243; custom_text=&#8221;#ffffff&#8221; shape=&#8221;square&#8221; el_class=&#8221;btn_descargar_ficha&#8221; link=&#8221;url:https%3A%2F%2Fbit.ly%2F3EsSyHT|target:%20_blank|&#8221;][\/vc_column][\/vc_row]<\/p>\n<\/section>","protected":false},"excerpt":{"rendered":"<p>[vc_row][vc_column][vc_column_text][\/vc_column_text][\/vc_column][\/vc_row][vc_row][vc_column][vc_column_text]El farol de mano OKINAWA LANTERN est\u00e1 fabricado a mano con Bamb\u00fa. Su dise\u00f1o org\u00e1nico y de l\u00edneas rectas lo convierten en un producto indispensable para cualquier terraza o jard\u00edn.<\/p>\n","protected":false},"featured_media":60225,"template":"","meta":[],"product_cat":[1696,763,764,826,1589],"product_tag":[766,793,765],"class_list":{"0":"post-65561","1":"product","2":"type-product","3":"status-publish","4":"has-post-thumbnail","6":"product_cat-productos-de","7":"product_cat-lightdeco-de","8":"product_cat-tischlampe","9":"product_cat-tragbares","10":"product_cat-innenbereich-de","11":"product_tag-batterie-de","12":"product_tag-drahtlose","13":"product_tag-kabel","15":"first","16":"outofstock","17":"taxable","18":"shipping-taxable","19":"product-type-variable"},"df_price":"","df_sale_price":"","df_regular_price":"","df_image_link":"https:\/\/developing.newgarden.es\/wp-content\/uploads\/2023\/02\/OKINAWA_LANTERN_BATTERY_1200X1200-25-1-300x300.jpg","_links":{"self":[{"href":"https:\/\/developing.newgarden.es\/de\/wp-json\/wp\/v2\/product\/65561"}],"collection":[{"href":"https:\/\/developing.newgarden.es\/de\/wp-json\/wp\/v2\/product"}],"about":[{"href":"https:\/\/developing.newgarden.es\/de\/wp-json\/wp\/v2\/types\/product"}],"wp:featuredmedia":[{"embeddable":true,"href":"https:\/\/developing.newgarden.es\/de\/wp-json\/wp\/v2\/media\/60225"}],"wp:attachment":[{"href":"https:\/\/developing.newgarden.es\/de\/wp-json\/wp\/v2\/media?parent=65561"}],"wp:term":[{"taxonomy":"product_cat","embeddable":true,"href":"https:\/\/developing.newgarden.es\/de\/wp-json\/wp\/v2\/product_cat?post=65561"},{"taxonomy":"product_tag","embeddable":true,"href":"https:\/\/developing.newgarden.es\/de\/wp-json\/wp\/v2\/product_tag?post=65561"}],"curies":[{"name":"wp","href":"https:\/\/api.w.org\/{rel}","templated":true}]}}