{"id":64783,"date":"2020-02-18T17:03:15","date_gmt":"2020-02-18T16:03:15","guid":{"rendered":"https:\/\/newgarden.es\/shop\/unkategorisiert\/sora-tragbare-lampe\/"},"modified":"2024-06-14T08:30:52","modified_gmt":"2024-06-14T06:30:52","slug":"sora-tragbare-lampe","status":"publish","type":"product","link":"https:\/\/developing.newgarden.es\/de\/shop\/lightdeco-de\/weihnachten\/sora-tragbare-lampe\/","title":{"rendered":"SORA TRAGBARE LAMPE"},"content":{"rendered":"<section class=\"wpb-content-wrapper\"><p>[vc_row][vc_column][vc_column_text]<\/p>\n<p>[\/vc_column_text][\/vc_column][\/vc_row][vc_row][vc_column el_class=&#8221;descripcion_producto&#8221;][vc_column_text]Sora wird als eine der Neuheiten von Newgarden pr\u00e4sentiert.<\/p>\n<p>Die Sora Pendelleuchte ist von asiatischen Linien inspiriert, was auf Japanisch &#8220;Himmel&#8221; bedeutet.<\/p>\n<p>Es handelt sich um ein kabelloses Modell mit LED-Licht in 128 Farben und warmem Licht. Sie wird per Fernbedienung bedient und \u00fcber das Stromnetz aufgeladen. Sie hat eine Betriebsdauer von 12-36 Stunden, je nach Lichtfarbe, in der Sie sie einschalten. Ideal f\u00fcr den Au\u00dfenbereich oder als tragbare Lampe, die man \u00fcberallhin mitnehmen kann: Strand, Pool und Partys.<\/p>\n<p>Sie ist in 3 Farben erh\u00e4ltlich: Spacegrau, Rosa oder Beige.<\/p>\n<p>Die Produkte von Newgarden bestehen aus Polyethylen, sind also leicht und sehr widerstandsf\u00e4hig. Sie widerstehen extremen Temperaturschwankungen und sind gegen UV-Strahlen gesch\u00fctzt, wodurch die Lebensdauer des Produkts nahezu unbegrenzt ist.[\/vc_column_text][\/vc_column][\/vc_row][vc_row disable_element=&#8221;yes&#8221;][vc_column][vc_single_image image=&#8221;6566&#8243; img_size=&#8221;full&#8221;][\/vc_column][\/vc_row][vc_row][vc_column width=&#8221;1\/2&#8243;][vc_btn title=&#8221;Technisches Datenblatt&#8221; style=&#8221;custom&#8221; custom_background=&#8221;#009bc2&#8243; custom_text=&#8221;#ffffff&#8221; link=&#8221;url:https%3A%2F%2Fbit.ly%2F3vJACUV|target:%20_blank|&#8221; el_class=&#8221;btn_descargar_ficha&#8221;][\/vc_column][vc_column width=&#8221;1\/2&#8243;][vc_btn title=&#8221;BEDIENUNGSANLEITUNG&#8221; style=&#8221;custom&#8221; custom_background=&#8221;#009bc2&#8243; custom_text=&#8221;#ffffff&#8221; link=&#8221;url:https%3A%2F%2Fbit.ly%2F3zxPhn9|target:%20_blank|&#8221; el_class=&#8221;btn_descargar_ficha&#8221;][\/vc_column][\/vc_row]<\/p>\n<\/section>","protected":false},"excerpt":{"rendered":"<p>[vc_row][vc_column][vc_column_text] [\/vc_column_text][\/vc_column][\/vc_row][vc_row][vc_column el_class=&#8221;descripcion_producto&#8221;][vc_column_text]Sora wird als eine der Neuheiten von Newgarden pr\u00e4sentiert. Die Sora Pendelleuchte ist von asiatischen Linien inspiriert, was auf Japanisch &#8220;Himmel&#8221; bedeutet. Es handelt sich um ein kabelloses<\/p>\n","protected":false},"featured_media":57600,"template":"","meta":[],"product_cat":[763,826,819,811],"product_tag":[766],"class_list":{"0":"post-64783","1":"product","2":"type-product","3":"status-publish","4":"has-post-thumbnail","6":"product_cat-lightdeco-de","7":"product_cat-tragbares","8":"product_cat-pendelleuchten","9":"product_cat-weihnachten","10":"product_tag-batterie-de","12":"first","13":"instock","14":"taxable","15":"shipping-taxable","16":"purchasable","17":"product-type-variable"},"df_price":55,"df_sale_price":"","df_regular_price":55,"df_image_link":"https:\/\/developing.newgarden.es\/wp-content\/uploads\/2020\/02\/SORA_BATTERY_1200X1200-1-300x300.jpg","_links":{"self":[{"href":"https:\/\/developing.newgarden.es\/de\/wp-json\/wp\/v2\/product\/64783"}],"collection":[{"href":"https:\/\/developing.newgarden.es\/de\/wp-json\/wp\/v2\/product"}],"about":[{"href":"https:\/\/developing.newgarden.es\/de\/wp-json\/wp\/v2\/types\/product"}],"wp:featuredmedia":[{"embeddable":true,"href":"https:\/\/developing.newgarden.es\/de\/wp-json\/wp\/v2\/media\/57600"}],"wp:attachment":[{"href":"https:\/\/developing.newgarden.es\/de\/wp-json\/wp\/v2\/media?parent=64783"}],"wp:term":[{"taxonomy":"product_cat","embeddable":true,"href":"https:\/\/developing.newgarden.es\/de\/wp-json\/wp\/v2\/product_cat?post=64783"},{"taxonomy":"product_tag","embeddable":true,"href":"https:\/\/developing.newgarden.es\/de\/wp-json\/wp\/v2\/product_tag?post=64783"}],"curies":[{"name":"wp","href":"https:\/\/api.w.org\/{rel}","templated":true}]}}