{"id":58388,"date":"2020-10-07T17:25:20","date_gmt":"2020-10-07T15:25:20","guid":{"rendered":"https:\/\/newgarden.es\/shop\/unkategorisiert\/dekorative-girlande-bianca\/"},"modified":"2024-05-29T11:31:29","modified_gmt":"2024-05-29T09:31:29","slug":"dekorative-girlande-bianca","status":"publish","type":"product","link":"https:\/\/developing.newgarden.es\/de\/shop\/lightdeco-de\/weihnachten\/dekorative-girlande-bianca\/","title":{"rendered":"DEKORATIVE GIRLANDE BIANCA"},"content":{"rendered":"<section class=\"wpb-content-wrapper\"><p>[vc_row][vc_column][vc_column_text]<b>GIRLANDE BIANCA<\/b><\/p>\n<p data-sanitized-data-mce-fragment=\"1\">Die Bianca-Girlande eignet sich perfekt f\u00fcr die Dekoration aller R\u00e4ume in Ihrem Zuhause. Mit 16 transparenten Sternen und ihrem warmen Licht ist diese Girlande ein Muss f\u00fcr die Terrasse und das Wohnzimmer. Die Installation ist dank des Clipsystems sehr einfach und macht die Girlande sehr vielseitig. 16 integrierte LED-Birnen.<\/p>\n<p>[\/vc_column_text][\/vc_column][\/vc_row][vc_row][vc_column width=&#8221;1\/2&#8243;][vc_btn title=&#8221;Technisches Datenblatt&#8221; style=&#8221;custom&#8221; custom_background=&#8221;#009bc2&#8243; custom_text=&#8221;#ffffff&#8221; link=&#8221;url:https%3A%2F%2Fbit.ly%2F39Ee1S2|&#8221;][\/vc_column][vc_column width=&#8221;1\/2&#8243;][vc_btn title=&#8221;BEDIENUNGSANLEITUNG&#8221; style=&#8221;custom&#8221; custom_background=&#8221;#009bc2&#8243; custom_text=&#8221;#ffffff&#8221; link=&#8221;url:https%3A%2F%2Fbit.ly%2F3n7oOqI|&#8221;][\/vc_column][\/vc_row]<\/p>\n<\/section>","protected":false},"excerpt":{"rendered":"<p>[vc_row][vc_column][vc_column_text]GIRLANDE BIANCA Die Bianca-Girlande eignet sich perfekt f\u00fcr die Dekoration aller R\u00e4ume in Ihrem Zuhause. Mit 16 transparenten Sternen und ihrem warmen Licht ist diese Girlande ein Muss f\u00fcr die<\/p>\n","protected":false},"featured_media":58371,"template":"","meta":[],"product_cat":[763,1576,1225,811],"product_tag":[],"class_list":{"0":"post-58388","1":"product","2":"type-product","3":"status-publish","4":"has-post-thumbnail","6":"product_cat-lightdeco-de","7":"product_cat-girlanden","8":"product_cat-interior-de","9":"product_cat-weihnachten","11":"first","12":"instock","13":"taxable","14":"shipping-taxable","15":"purchasable","16":"product-type-variable"},"df_price":56.4,"df_sale_price":"","df_regular_price":56.4,"df_image_link":"https:\/\/developing.newgarden.es\/wp-content\/uploads\/2020\/10\/BIANCA_1200X1200-3-300x300.jpg","_links":{"self":[{"href":"https:\/\/developing.newgarden.es\/de\/wp-json\/wp\/v2\/product\/58388"}],"collection":[{"href":"https:\/\/developing.newgarden.es\/de\/wp-json\/wp\/v2\/product"}],"about":[{"href":"https:\/\/developing.newgarden.es\/de\/wp-json\/wp\/v2\/types\/product"}],"wp:featuredmedia":[{"embeddable":true,"href":"https:\/\/developing.newgarden.es\/de\/wp-json\/wp\/v2\/media\/58371"}],"wp:attachment":[{"href":"https:\/\/developing.newgarden.es\/de\/wp-json\/wp\/v2\/media?parent=58388"}],"wp:term":[{"taxonomy":"product_cat","embeddable":true,"href":"https:\/\/developing.newgarden.es\/de\/wp-json\/wp\/v2\/product_cat?post=58388"},{"taxonomy":"product_tag","embeddable":true,"href":"https:\/\/developing.newgarden.es\/de\/wp-json\/wp\/v2\/product_tag?post=58388"}],"curies":[{"name":"wp","href":"https:\/\/api.w.org\/{rel}","templated":true}]}}