{"id":47460,"date":"2023-02-21T14:29:57","date_gmt":"2023-02-21T13:29:58","guid":{"rendered":"https:\/\/newgarden.es\/?post_type=product&#038;p=47460"},"modified":"2024-05-28T10:23:27","modified_gmt":"2024-05-28T08:23:27","slug":"hiama-dekogirlande-fuer-den-aussenbereich","status":"publish","type":"product","link":"https:\/\/developing.newgarden.es\/de\/shop\/lightdeco-de\/weihnachten\/hiama-dekogirlande-fuer-den-aussenbereich\/","title":{"rendered":"DEKORATIVE GUIRNALDA HIAMA"},"content":{"rendered":"<section class=\"wpb-content-wrapper\"><p>[vc_row][vc_column][vc_column_text][\/vc_column_text][\/vc_column][\/vc_row][vc_row][vc_column][vc_column_text]Die Hiama-Girlande eignet sich perfekt f\u00fcr Veranstaltungen und Partys, aber auch f\u00fcr die Dekoration Ihres Zuhauses sowie f\u00fcr jeden Au\u00dfenbereich, Garten, Terrasse, Gesch\u00e4ft&#8230; Im Gegensatz zu den meisten Girlanden auf dem Markt verf\u00fcgt die Hiama-Dekogirlande von Newgarden \u00fcber 10 integrierte LED-Gl\u00fchbirnen mit Flammeneffekt und ihr Lampenschirm ist aus geflochtenem Bambus. Jede Leuchte ist oben mit einem Haken versehen, damit sie leicht aufgeh\u00e4ngt werden kann.<\/p>\n<p>Die Hiama Design Girlande hat eine L\u00e4nge von 5 Metern und ist in den Ausf\u00fchrungen SOLAR oder CABLE erh\u00e4ltlich.<br \/>\n[\/vc_column_text][\/vc_column][\/vc_row][vc_row][vc_column width=&#8221;1\/2&#8243;][vc_btn title=&#8221;KABEL-DATENBLATT&#8221; style=&#8221;custom&#8221; custom_background=&#8221;#009bc2&#8243; custom_text=&#8221;#ffffff&#8221; shape=&#8221;square&#8221; el_class=&#8221;btn_descargar_ficha&#8221; link=&#8221;url:https%3A%2F%2Fbit.ly%2F3Euuoga|target:%20_blank|&#8221;][vc_btn title=&#8221;TECHNISCHES DATENBLATT SOLAR&#8221; style=&#8221;custom&#8221; custom_background=&#8221;#009bc2&#8243; custom_text=&#8221;#ffffff&#8221; shape=&#8221;square&#8221; el_class=&#8221;btn_descargar_ficha&#8221; link=&#8221;url:https%3A%2F%2Fbit.ly%2F3lPWzzz|target:%20_blank|&#8221;][\/vc_column][vc_column width=&#8221;1\/2&#8243;][vc_btn title=&#8221;GEBRAUCHSANWEISUNG KABEL&#8221; style=&#8221;custom&#8221; custom_background=&#8221;#009bc2&#8243; custom_text=&#8221;#ffffff&#8221; shape=&#8221;square&#8221; el_class=&#8221;btn_descargar_ficha&#8221; link=&#8221;url:https%3A%2F%2Fbit.ly%2F3IHNy4t|target:%20_blank|&#8221;][vc_btn title=&#8221;SOLAR-BEDIENUNGSANLEITUNG&#8221; style=&#8221;custom&#8221; custom_background=&#8221;#009bc2&#8243; custom_text=&#8221;#ffffff&#8221; shape=&#8221;square&#8221; el_class=&#8221;btn_descargar_ficha&#8221; link=&#8221;url:https%3A%2F%2Fbit.ly%2F3lJLlfR|target:%20_blank|&#8221;][\/vc_column][\/vc_row]<\/p>\n<\/section>","protected":false},"excerpt":{"rendered":"<p>HIAMA-Dekogirlande f\u00fcr den Au\u00dfenbereich<\/p>\n","protected":false},"featured_media":57886,"template":"","meta":[],"product_cat":[763,1576,811],"product_tag":[793,765,789],"class_list":{"0":"post-47460","1":"product","2":"type-product","3":"status-publish","4":"has-post-thumbnail","6":"product_cat-lightdeco-de","7":"product_cat-girlanden","8":"product_cat-weihnachten","9":"product_tag-drahtlose","10":"product_tag-kabel","11":"product_tag-solar-de","13":"first","14":"instock","15":"taxable","16":"shipping-taxable","17":"purchasable","18":"product-type-variable"},"df_price":119.6,"df_sale_price":"","df_regular_price":119.6,"df_image_link":"https:\/\/developing.newgarden.es\/wp-content\/uploads\/2023\/02\/HIAMA_GARLAND_1200X1200-6-300x300.jpg","_links":{"self":[{"href":"https:\/\/developing.newgarden.es\/de\/wp-json\/wp\/v2\/product\/47460"}],"collection":[{"href":"https:\/\/developing.newgarden.es\/de\/wp-json\/wp\/v2\/product"}],"about":[{"href":"https:\/\/developing.newgarden.es\/de\/wp-json\/wp\/v2\/types\/product"}],"wp:featuredmedia":[{"embeddable":true,"href":"https:\/\/developing.newgarden.es\/de\/wp-json\/wp\/v2\/media\/57886"}],"wp:attachment":[{"href":"https:\/\/developing.newgarden.es\/de\/wp-json\/wp\/v2\/media?parent=47460"}],"wp:term":[{"taxonomy":"product_cat","embeddable":true,"href":"https:\/\/developing.newgarden.es\/de\/wp-json\/wp\/v2\/product_cat?post=47460"},{"taxonomy":"product_tag","embeddable":true,"href":"https:\/\/developing.newgarden.es\/de\/wp-json\/wp\/v2\/product_tag?post=47460"}],"curies":[{"name":"wp","href":"https:\/\/api.w.org\/{rel}","templated":true}]}}