{"id":47386,"date":"2023-02-21T14:20:13","date_gmt":"2023-02-21T13:20:14","guid":{"rendered":"https:\/\/newgarden.es\/?post_type=product&#038;p=47386"},"modified":"2024-05-28T10:19:39","modified_gmt":"2024-05-28T08:19:39","slug":"x4-okinawa-dekorative-girlande-fuer-aussen","status":"publish","type":"product","link":"https:\/\/developing.newgarden.es\/de\/shop\/lightdeco-de\/weihnachten\/x4-okinawa-dekorative-girlande-fuer-aussen\/","title":{"rendered":"OKINAWA DEKORATIVE GIRLANDE"},"content":{"rendered":"<section class=\"wpb-content-wrapper\"><p>[vc_row][vc_column][vc_column_text][\/vc_column_text][\/vc_column][\/vc_row][vc_row][vc_column][vc_column_text]Die OKINAWA-Girlande f\u00fcr den Au\u00dfenbereich ist aus Bambus handgefertigt. Sie hat 10 glockenf\u00f6rmige Lampenschirme mit organischem Design und 10 austauschbare Gl\u00fchbirnen. Sie kann mit anderen Produkten aus der Okinawa-Serie kombiniert werden, wie z.B. der Laterne (Okinawa Lantern), der H\u00e4ngelampe (Okinawa 40 Hang) oder der bemerkenswerten Okinawa 170 Stehleuchte, die alle zusammen ein Lampenset bilden, das einen Hauch von harmonischer Natur in Ihren Garten bringt. Zehn Gl\u00fchbirnen und zwei Ersatzbirnen sind im Lieferumfang enthalten. Das Seil hat einen Jute-Effekt und ist 8 Meter lang.<\/p>\n<p>Das dekorative Stofftier Okinawa ist in 2 Ausf\u00fchrungen erh\u00e4ltlich: CABLE oder SOLAR + RECHARGEABLE BATTERY.<br \/>\n[\/vc_column_text][\/vc_column][\/vc_row][vc_row][vc_column width=&#8221;1\/2&#8243;][vc_btn title=&#8221;KABEL-DATENBLATT&#8221; style=&#8221;custom&#8221; custom_background=&#8221;#009bc2&#8243; custom_text=&#8221;#ffffff&#8221; shape=&#8221;square&#8221; el_class=&#8221;btn_descargar_ficha&#8221; link=&#8221;url:https%3A%2F%2Fbit.ly%2F3xEYB8k|target:%20_blank|&#8221;][vc_btn title=&#8221;TECHNISCHES DATENBLATT SOLAR&#8221; style=&#8221;custom&#8221; custom_background=&#8221;#009bc2&#8243; custom_text=&#8221;#ffffff&#8221; shape=&#8221;square&#8221; el_class=&#8221;btn_descargar_ficha&#8221; link=&#8221;url:https%3A%2F%2Fbit.ly%2F3SiSwb4|target:%20_blank|&#8221;][\/vc_column][vc_column width=&#8221;1\/2&#8243;][vc_btn title=&#8221;GEBRAUCHSANWEISUNG KABEL&#8221; style=&#8221;custom&#8221; custom_background=&#8221;#009bc2&#8243; custom_text=&#8221;#ffffff&#8221; shape=&#8221;square&#8221; el_class=&#8221;btn_descargar_ficha&#8221; link=&#8221;url:https%3A%2F%2Fbit.ly%2F3Z4RKAG|target:%20_blank|&#8221;][vc_btn title=&#8221;SOLAR-BEDIENUNGSANLEITUNG&#8221; style=&#8221;custom&#8221; custom_background=&#8221;#009bc2&#8243; custom_text=&#8221;#ffffff&#8221; shape=&#8221;square&#8221; el_class=&#8221;btn_descargar_ficha&#8221; link=&#8221;url:https%3A%2F%2Fbit.ly%2F3Ksdna5|target:%20_blank|&#8221;][\/vc_column][\/vc_row]<\/p>\n<\/section>","protected":false},"excerpt":{"rendered":"<p>OKINAWA DEKORATIVE GIRLANDE F\u00dcR AUSSEN<\/p>\n","protected":false},"featured_media":57931,"template":"","meta":[],"product_cat":[763,1576,811],"product_tag":[793,765,789],"class_list":{"0":"post-47386","1":"product","2":"type-product","3":"status-publish","4":"has-post-thumbnail","6":"product_cat-lightdeco-de","7":"product_cat-girlanden","8":"product_cat-weihnachten","9":"product_tag-drahtlose","10":"product_tag-kabel","11":"product_tag-solar-de","13":"first","14":"instock","15":"taxable","16":"shipping-taxable","17":"purchasable","18":"product-type-variable"},"df_price":159.6,"df_sale_price":"","df_regular_price":159.6,"df_image_link":"https:\/\/developing.newgarden.es\/wp-content\/uploads\/2023\/02\/OKINAWA_GARLAND_1200X1200-8-1-300x300.jpg","_links":{"self":[{"href":"https:\/\/developing.newgarden.es\/de\/wp-json\/wp\/v2\/product\/47386"}],"collection":[{"href":"https:\/\/developing.newgarden.es\/de\/wp-json\/wp\/v2\/product"}],"about":[{"href":"https:\/\/developing.newgarden.es\/de\/wp-json\/wp\/v2\/types\/product"}],"wp:featuredmedia":[{"embeddable":true,"href":"https:\/\/developing.newgarden.es\/de\/wp-json\/wp\/v2\/media\/57931"}],"wp:attachment":[{"href":"https:\/\/developing.newgarden.es\/de\/wp-json\/wp\/v2\/media?parent=47386"}],"wp:term":[{"taxonomy":"product_cat","embeddable":true,"href":"https:\/\/developing.newgarden.es\/de\/wp-json\/wp\/v2\/product_cat?post=47386"},{"taxonomy":"product_tag","embeddable":true,"href":"https:\/\/developing.newgarden.es\/de\/wp-json\/wp\/v2\/product_tag?post=47386"}],"curies":[{"name":"wp","href":"https:\/\/api.w.org\/{rel}","templated":true}]}}