{"id":47319,"date":"2023-02-21T14:01:36","date_gmt":"2023-02-21T13:01:37","guid":{"rendered":"https:\/\/newgarden.es\/?post_type=product&#038;p=47319"},"modified":"2024-06-10T08:24:08","modified_gmt":"2024-06-10T06:24:08","slug":"okinawa-lantern-kabellose-tragbare-laterne","status":"publish","type":"product","link":"https:\/\/developing.newgarden.es\/de\/shop\/lightdeco-de\/tischlampe\/okinawa-lantern-kabellose-tragbare-laterne\/","title":{"rendered":"OKINAWA LANTERN KABELLOSE TRAGBARE LATERNE"},"content":{"rendered":"<section class=\"wpb-content-wrapper\"><p>[vc_row][vc_column][vc_column_text][\/vc_column_text][\/vc_column][\/vc_row][vc_row][vc_column][vc_column_text]Die OKINAWA LANTERN Handlampe ist aus Bambus handgefertigt. Sein organisches Design und seine geraden Linien machen ihn zu einem unverzichtbaren Produkt f\u00fcr jede Terrasse und jeden Garten. Sie kann mit anderen Produkten aus der Okinawa-Serie kombiniert werden, wie z.B. der Girlande, der H\u00e4ngelampe (Okinawa 40 Hang) oder der bemerkenswerten Okinawa 170 Stehleuchte, die alle zusammen ein Lampenset bilden, das einen Hauch von harmonischer Natur in Ihr Zuhause bringt. Es ist mit einem gro\u00dfen Solarpanel ausgestattet, so dass es effizient und kabellos aufgeladen werden kann. Der Griff besteht aus Metall und ist daher sehr stabil und widerstandsf\u00e4hig.<\/p>\n<p>Die OKINAWA-Handlampe ist die tragbare, wiederaufladbare Cherry-Lampe. Diese Gl\u00fchbirne muss nicht installiert werden, man muss sie nur in die N\u00e4he der R\u00fcckseite des Solarmoduls bringen und sie haftet dank ihres Magnetfu\u00dfes. Diese Gl\u00fchbirne wird mit einer Fernbedienung geliefert, mit der Sie die Lampe ein- und ausschalten und ihre Intensit\u00e4t regulieren k\u00f6nnen. Sie hat 900 Lumen und eine Betriebsdauer zwischen 6 und 20 Stunden, je nach Intensit\u00e4t.<\/p>\n<p>*Solar Charge: Wie der Name schon sagt, muss das Produkt nur dem Sonnenlicht ausgesetzt werden. Je mehr Zeit sie direktes Sonnenlicht erh\u00e4lt, desto l\u00e4nger ist die Autonomie.<br \/>\n[\/vc_column_text][\/vc_column][\/vc_row][vc_row][vc_column width=&#8221;1\/2&#8243;][vc_btn title=&#8221;Technisches Datenblatt&#8221; style=&#8221;custom&#8221; custom_background=&#8221;#009bc2&#8243; custom_text=&#8221;#ffffff&#8221; shape=&#8221;square&#8221; el_class=&#8221;btn_descargar_ficha&#8221; link=&#8221;url:https%3A%2F%2Fbit.ly%2F41fKL9T|target:%20_blank|&#8221;][\/vc_column][vc_column width=&#8221;1\/2&#8243;][vc_btn title=&#8221;BEDIENUNGSANLEITUNG&#8221; style=&#8221;custom&#8221; custom_background=&#8221;#009bc2&#8243; custom_text=&#8221;#ffffff&#8221; shape=&#8221;square&#8221; el_class=&#8221;btn_descargar_ficha&#8221; link=&#8221;url:https%3A%2F%2Fbit.ly%2F3EsSyHT|target:%20_blank|&#8221;][\/vc_column][\/vc_row]<\/p>\n<\/section>","protected":false},"excerpt":{"rendered":"<p>OKINAWA LANTERN Kabellose tragbare Laterne<\/p>\n","protected":false},"featured_media":60225,"template":"","meta":[],"product_cat":[1696,763,764,826,1589],"product_tag":[766,793,765],"class_list":{"0":"post-47319","1":"product","2":"type-product","3":"status-publish","4":"has-post-thumbnail","6":"product_cat-productos-de","7":"product_cat-lightdeco-de","8":"product_cat-tischlampe","9":"product_cat-tragbares","10":"product_cat-innenbereich-de","11":"product_tag-batterie-de","12":"product_tag-drahtlose","13":"product_tag-kabel","15":"first","16":"instock","17":"taxable","18":"shipping-taxable","19":"purchasable","20":"product-type-variable"},"df_price":49.9,"df_sale_price":"","df_regular_price":49.9,"df_image_link":"https:\/\/developing.newgarden.es\/wp-content\/uploads\/2023\/02\/OKINAWA_LANTERN_BATTERY_1200X1200-25-1-300x300.jpg","_links":{"self":[{"href":"https:\/\/developing.newgarden.es\/de\/wp-json\/wp\/v2\/product\/47319"}],"collection":[{"href":"https:\/\/developing.newgarden.es\/de\/wp-json\/wp\/v2\/product"}],"about":[{"href":"https:\/\/developing.newgarden.es\/de\/wp-json\/wp\/v2\/types\/product"}],"wp:featuredmedia":[{"embeddable":true,"href":"https:\/\/developing.newgarden.es\/de\/wp-json\/wp\/v2\/media\/60225"}],"wp:attachment":[{"href":"https:\/\/developing.newgarden.es\/de\/wp-json\/wp\/v2\/media?parent=47319"}],"wp:term":[{"taxonomy":"product_cat","embeddable":true,"href":"https:\/\/developing.newgarden.es\/de\/wp-json\/wp\/v2\/product_cat?post=47319"},{"taxonomy":"product_tag","embeddable":true,"href":"https:\/\/developing.newgarden.es\/de\/wp-json\/wp\/v2\/product_tag?post=47319"}],"curies":[{"name":"wp","href":"https:\/\/api.w.org\/{rel}","templated":true}]}}