{"id":47279,"date":"2023-02-21T13:42:11","date_gmt":"2023-02-21T12:42:13","guid":{"rendered":"https:\/\/newgarden.es\/?post_type=product&#038;p=47279"},"modified":"2024-06-13T15:06:44","modified_gmt":"2024-06-13T13:06:44","slug":"okinawa-hang-kabellose-pendelleuchte","status":"publish","type":"product","link":"https:\/\/developing.newgarden.es\/de\/shop\/lightdeco-de\/pendelleuchten\/okinawa-hang-kabellose-pendelleuchte\/","title":{"rendered":"OKINAWA HANG KABELLOSE PENDELLEUCHTE"},"content":{"rendered":"<section class=\"wpb-content-wrapper\"><p>[vc_row][vc_column][vc_column_text]Die Okinawa 40 Hang Pendelleuchte f\u00fcr den Au\u00dfenbereich ist aus Bambus handgefertigt. Sein organisches Design und seine ausladende Form mit geraden Linien machen ihn zu einem unverzichtbaren Produkt f\u00fcr jede Terrasse und jeden Garten. Sie kann mit anderen Produkten aus der Okinawa-Serie kombiniert werden, wie z.B. der Girlande, der Laterne (Okinawa Lantern) oder der au\u00dfergew\u00f6hnlichen Okinawa 170 Stehleuchte, die alle zusammen ein Lampenset bilden, das einen Hauch von harmonischer Natur in Ihr Zuhause bringt.<\/p>\n<p>Die Okinawa 40 Hang Pendelleuchte f\u00fcr den Au\u00dfenbereich umfasst ein 3 m langes Kabel, einen Lampenschirm und die tragbare, wiederaufladbare Cherry-Lampe. Diese Gl\u00fchbirne muss nicht installiert werden, es gen\u00fcgt, sie in der N\u00e4he des Metallbereichs des Lampenschirms zu platzieren, und sie haftet dank ihres Magnetsockels. Diese Gl\u00fchbirne wird mit einer Fernbedienung geliefert, mit der Sie die Lampe ein- und ausschalten und ihre Intensit\u00e4t regulieren k\u00f6nnen. Sie hat 900 Lumen und eine Betriebsdauer von 6 bis 20 Stunden, je nach Intensit\u00e4t.<br \/>\n[\/vc_column_text][\/vc_column][\/vc_row][vc_row][vc_column width=&#8221;1\/2&#8243;][vc_btn title=&#8221;Technisches Datenblatt&#8221; style=&#8221;custom&#8221; custom_background=&#8221;#009bc2&#8243; custom_text=&#8221;#ffffff&#8221; link=&#8221;url:https%3A%2F%2Fbit.ly%2F3ImEf8I|target:%20_blank|&#8221; el_class=&#8221;btn_descargar_ficha&#8221;][\/vc_column][vc_column width=&#8221;1\/2&#8243;][vc_btn title=&#8221;BEDIENUNGSANLEITUNG&#8221; style=&#8221;custom&#8221; custom_background=&#8221;#009bc2&#8243; custom_text=&#8221;#ffffff&#8221; link=&#8221;url:https%3A%2F%2Fbit.ly%2F3EskOKx|target:%20_blank|&#8221; el_class=&#8221;btn_descargar_ficha&#8221;][\/vc_column][\/vc_row]<\/p>\n<\/section>","protected":false},"excerpt":{"rendered":"<h5>OKINAWA HANG kabellose Pendelleuchte<\/h5>\n","protected":false},"featured_media":55385,"template":"","meta":[],"product_cat":[763,1568,826,819],"product_tag":[],"class_list":{"0":"post-47279","1":"product","2":"type-product","3":"status-publish","4":"has-post-thumbnail","6":"product_cat-lightdeco-de","7":"product_cat-kabellose-deckenleuchten","8":"product_cat-tragbares","9":"product_cat-pendelleuchten","11":"first","12":"instock","13":"taxable","14":"shipping-taxable","15":"purchasable","16":"product-type-variable","17":"has-default-attributes"},"df_price":69.9,"df_sale_price":"","df_regular_price":69.9,"df_image_link":"https:\/\/developing.newgarden.es\/wp-content\/uploads\/2023\/02\/OKINAWA_HANG_1200X1200-2-300x300.jpg","_links":{"self":[{"href":"https:\/\/developing.newgarden.es\/de\/wp-json\/wp\/v2\/product\/47279"}],"collection":[{"href":"https:\/\/developing.newgarden.es\/de\/wp-json\/wp\/v2\/product"}],"about":[{"href":"https:\/\/developing.newgarden.es\/de\/wp-json\/wp\/v2\/types\/product"}],"wp:featuredmedia":[{"embeddable":true,"href":"https:\/\/developing.newgarden.es\/de\/wp-json\/wp\/v2\/media\/55385"}],"wp:attachment":[{"href":"https:\/\/developing.newgarden.es\/de\/wp-json\/wp\/v2\/media?parent=47279"}],"wp:term":[{"taxonomy":"product_cat","embeddable":true,"href":"https:\/\/developing.newgarden.es\/de\/wp-json\/wp\/v2\/product_cat?post=47279"},{"taxonomy":"product_tag","embeddable":true,"href":"https:\/\/developing.newgarden.es\/de\/wp-json\/wp\/v2\/product_tag?post=47279"}],"curies":[{"name":"wp","href":"https:\/\/api.w.org\/{rel}","templated":true}]}}