{"id":47244,"date":"2023-02-21T13:26:51","date_gmt":"2023-02-21T12:26:52","guid":{"rendered":"https:\/\/newgarden.es\/?post_type=product&#038;p=47244"},"modified":"2024-05-27T10:23:19","modified_gmt":"2024-05-27T08:23:19","slug":"conta-wall-kabellose-wandleuchte","status":"publish","type":"product","link":"https:\/\/developing.newgarden.es\/de\/shop\/lightdeco-de\/wandlampe\/conta-wall-kabellose-wandleuchte\/","title":{"rendered":"CONTA WALL KABELLOSE WANDLEUCHTE"},"content":{"rendered":"<section class=\"wpb-content-wrapper\"><p>[vc_row][vc_column][vc_column_text][\/vc_column_text][\/vc_column][\/vc_row][vc_row][vc_column][vc_column_text]Die kabellose Wandleuchte CONTA WALL ist aus recyceltem PVC gefertigt. Diese Lampe ist die perfekte Erg\u00e4nzung, um jeden Raum in Ihrem Haus oder Garten zu beleuchten und ihm eine andere Note zu verleihen.<\/p>\n<p>Sie verf\u00fcgt \u00fcber eine tragbare, wiederaufladbare Lampe mit 900 Lumen, die nicht installiert werden muss. Man muss sie nur in die N\u00e4he der Lampe bringen, und sie haftet dank ihres magnetischen Sockels. Diese Gl\u00fchbirne wird mit einer Fernbedienung geliefert, mit der man sie ein- und ausschalten und ihre Intensit\u00e4t regulieren kann.<\/p>\n<p>Diese Leuchte ist Teil der CONTA-Familie und kann mit einer H\u00e4ngeleuchte, einer Stehleuchte und einer Tischleuchte kombiniert werden.<br \/>\n[\/vc_column_text][\/vc_column][\/vc_row][vc_row][vc_column width=&#8221;1\/2&#8243;][vc_btn title=&#8221;Technisches Datenblatt&#8221; style=&#8221;custom&#8221; custom_background=&#8221;#009bc2&#8243; custom_text=&#8221;#ffffff&#8221; shape=&#8221;square&#8221; el_class=&#8221;btn_descargar_ficha&#8221; link=&#8221;url:https%3A%2F%2Fbit.ly%2F3XWLQ3S|target:%20_blank|&#8221;][\/vc_column][vc_column width=&#8221;1\/2&#8243;][vc_btn title=&#8221;BEDIENUNGSANLEITUNG&#8221; style=&#8221;custom&#8221; custom_background=&#8221;#009bc2&#8243; custom_text=&#8221;#ffffff&#8221; shape=&#8221;square&#8221; el_class=&#8221;btn_descargar_ficha&#8221; link=&#8221;url:https%3A%2F%2Fbit.ly%2F3XNfRmj|target:%20_blank|&#8221;][\/vc_column][\/vc_row]<\/p>\n<\/section>","protected":false},"excerpt":{"rendered":"<p>CONTA WALL kabellose Wandleuchte<\/p>\n","protected":false},"featured_media":56565,"template":"","meta":[],"product_cat":[763,842],"product_tag":[766,793],"class_list":{"0":"post-47244","1":"product","2":"type-product","3":"status-publish","4":"has-post-thumbnail","6":"product_cat-lightdeco-de","7":"product_cat-wandlampe","8":"product_tag-batterie-de","9":"product_tag-drahtlose","11":"first","12":"instock","13":"taxable","14":"shipping-taxable","15":"purchasable","16":"product-type-variable","17":"has-default-attributes"},"df_price":44,"df_sale_price":"","df_regular_price":44,"df_image_link":"https:\/\/developing.newgarden.es\/wp-content\/uploads\/2023\/02\/CONTA_WALL_BATTERY_1200X1200-1-300x300.jpg","_links":{"self":[{"href":"https:\/\/developing.newgarden.es\/de\/wp-json\/wp\/v2\/product\/47244"}],"collection":[{"href":"https:\/\/developing.newgarden.es\/de\/wp-json\/wp\/v2\/product"}],"about":[{"href":"https:\/\/developing.newgarden.es\/de\/wp-json\/wp\/v2\/types\/product"}],"wp:featuredmedia":[{"embeddable":true,"href":"https:\/\/developing.newgarden.es\/de\/wp-json\/wp\/v2\/media\/56565"}],"wp:attachment":[{"href":"https:\/\/developing.newgarden.es\/de\/wp-json\/wp\/v2\/media?parent=47244"}],"wp:term":[{"taxonomy":"product_cat","embeddable":true,"href":"https:\/\/developing.newgarden.es\/de\/wp-json\/wp\/v2\/product_cat?post=47244"},{"taxonomy":"product_tag","embeddable":true,"href":"https:\/\/developing.newgarden.es\/de\/wp-json\/wp\/v2\/product_tag?post=47244"}],"curies":[{"name":"wp","href":"https:\/\/api.w.org\/{rel}","templated":true}]}}