{"id":46947,"date":"2023-02-21T12:35:08","date_gmt":"2023-02-21T11:35:10","guid":{"rendered":"https:\/\/newgarden.es\/?post_type=product&#038;p=46947"},"modified":"2024-05-31T08:36:30","modified_gmt":"2024-05-31T06:36:30","slug":"shitake-schnurlose-dekorative-lampe","status":"publish","type":"product","link":"https:\/\/developing.newgarden.es\/de\/shop\/lightdeco-de\/tischlampe\/shitake-schnurlose-dekorative-lampe\/","title":{"rendered":"SHITAKE SCHNURLOSE DEKORATIVE LAMPE"},"content":{"rendered":"<section class=\"wpb-content-wrapper\"><p>[vc_row][vc_column][vc_column_text][\/vc_column_text][\/vc_column][\/vc_row][vc_row][vc_column el_class=&#8221;descripcion_producto&#8221;][vc_column_text]Die Shitake-Batterie ist die perfekte Tischleuchte, die Sie in jedem Raum Ihres Hauses oder Gartens aufstellen k\u00f6nnen und die sicherlich niemanden gleichg\u00fcltig lassen wird. Er ist ideal, um einen Lichtpunkt auf Ihrem Tisch zu setzen, ohne dass Sie Kabel ben\u00f6tigen. Der Lampenschirm ist verstellbar, so dass Sie den Scheinwerfer nach Belieben drehen k\u00f6nnen. Um sie einzuschalten und ihre Intensit\u00e4t zu regulieren, m\u00fcssen Sie nur die Ber\u00fchrungstaste dr\u00fccken. Die Batterielebensdauer kann bis zu 20 Stunden betragen (je nach Lichtintensit\u00e4t w\u00e4hrend der Nutzung).<\/p>\n<p>Shitake battery ist eine kabellose Tischleuchte, die in zwei verschiedenen Farben erh\u00e4ltlich ist: Wei\u00df oder schwarz.<br \/>\n[\/vc_column_text][\/vc_column][\/vc_row][vc_row][vc_column width=&#8221;1\/2&#8243;][vc_btn title=&#8221;DATENBLATT SCHWARZ&#8221; style=&#8221;custom&#8221; custom_background=&#8221;#009bc2&#8243; custom_text=&#8221;#ffffff&#8221; shape=&#8221;square&#8221; link=&#8221;url:https%3A%2F%2Fbit.ly%2F3YQ83lb|target:%20_blank|rel:nofollow|&#8221; el_class=&#8221;btn_descargar_ficha&#8221;][vc_btn title=&#8221;DATENBLATT WEISS&#8221; style=&#8221;custom&#8221; custom_background=&#8221;#009bc2&#8243; custom_text=&#8221;#ffffff&#8221; shape=&#8221;square&#8221; link=&#8221;url:https%3A%2F%2Fbit.ly%2F3SljOxM|target:%20_blank|rel:nofollow|&#8221; el_class=&#8221;btn_descargar_ficha&#8221;][\/vc_column][vc_column width=&#8221;1\/2&#8243;][vc_btn title=&#8221;BEDIENUNGSANLEITUNG&#8221; style=&#8221;custom&#8221; custom_background=&#8221;#009bc2&#8243; custom_text=&#8221;#ffffff&#8221; shape=&#8221;square&#8221; link=&#8221;url:https%3A%2F%2Fbit.ly%2F3xE2oTd|target:%20_blank|&#8221; el_class=&#8221;btn_descargar_ficha&#8221;][vc_btn title=&#8221;BEDIENUNGSANLEITUNG&#8221; style=&#8221;custom&#8221; custom_background=&#8221;#009bc2&#8243; custom_text=&#8221;#ffffff&#8221; shape=&#8221;square&#8221; link=&#8221;url:https%3A%2F%2Fbit.ly%2F417B8dz|target:%20_blank|&#8221; el_class=&#8221;btn_descargar_ficha&#8221;][\/vc_column][vc_column][\/vc_column][\/vc_row]<\/p>\n<\/section>","protected":false},"excerpt":{"rendered":"<h1 style=\"font-size: 12px;\">SHITAKE Schnurlose dekorative Lampe<\/h1>\n","protected":false},"featured_media":60326,"template":"","meta":[],"product_cat":[1696,763,764,1589],"product_tag":[],"class_list":{"0":"post-46947","1":"product","2":"type-product","3":"status-publish","4":"has-post-thumbnail","6":"product_cat-productos-de","7":"product_cat-lightdeco-de","8":"product_cat-tischlampe","9":"product_cat-innenbereich-de","11":"first","12":"instock","13":"taxable","14":"shipping-taxable","15":"purchasable","16":"product-type-variable"},"df_price":49,"df_sale_price":"","df_regular_price":49,"df_image_link":"https:\/\/developing.newgarden.es\/wp-content\/uploads\/2023\/02\/SHITAKE_BATTERY_1200X1200-7-300x300.jpg","_links":{"self":[{"href":"https:\/\/developing.newgarden.es\/de\/wp-json\/wp\/v2\/product\/46947"}],"collection":[{"href":"https:\/\/developing.newgarden.es\/de\/wp-json\/wp\/v2\/product"}],"about":[{"href":"https:\/\/developing.newgarden.es\/de\/wp-json\/wp\/v2\/types\/product"}],"wp:featuredmedia":[{"embeddable":true,"href":"https:\/\/developing.newgarden.es\/de\/wp-json\/wp\/v2\/media\/60326"}],"wp:attachment":[{"href":"https:\/\/developing.newgarden.es\/de\/wp-json\/wp\/v2\/media?parent=46947"}],"wp:term":[{"taxonomy":"product_cat","embeddable":true,"href":"https:\/\/developing.newgarden.es\/de\/wp-json\/wp\/v2\/product_cat?post=46947"},{"taxonomy":"product_tag","embeddable":true,"href":"https:\/\/developing.newgarden.es\/de\/wp-json\/wp\/v2\/product_tag?post=46947"}],"curies":[{"name":"wp","href":"https:\/\/api.w.org\/{rel}","templated":true}]}}