{"id":46760,"date":"2023-02-21T12:08:56","date_gmt":"2023-02-21T11:08:59","guid":{"rendered":"https:\/\/newgarden.es\/?post_type=product&#038;p=46760"},"modified":"2024-05-31T14:31:06","modified_gmt":"2024-05-31T12:31:06","slug":"schnurlose-dekorative-lampe-sardinia-40","status":"publish","type":"product","link":"https:\/\/developing.newgarden.es\/de\/shop\/lightdeco-de\/tischlampe\/schnurlose-dekorative-lampe-sardinia-40\/","title":{"rendered":"SCHNURLOSE DEKORATIVE LAMPE SARDINIA 40"},"content":{"rendered":"<section class=\"wpb-content-wrapper\"><p>[vc_row][vc_column][vc_column_text][\/vc_column_text][\/vc_column][\/vc_row][vc_row][vc_column el_class=&#8221;descripcion_producto&#8221;][vc_column_text]Sardinia 40 battery hat alles, was eine perfekte Tischleuchte ausmacht: Sie kann auf einem Tisch, einem Schreibtisch oder in einem Schlafzimmer platziert werden, denn mit einer H\u00f6he von 40 cm passt sie sich jedem Raum an. Der Lichtschirm ist schwenkbar, so dass Sie das Licht nach Ihren W\u00fcnschen lenken k\u00f6nnen. Um es einzuschalten und die Intensit\u00e4t zu regulieren, dr\u00fccken Sie einfach die obere Taste. Die Batterielebensdauer betr\u00e4gt bis zu 20 Stunden (je nach Lichtintensit\u00e4t w\u00e4hrend des Gebrauchs) und kann mit der anderen Lampe der Familie kombiniert werden: Sardinia 30.<\/p>\n<p>Sardinia 40 ist eine kabellose Tischleuchte aus lackiertem Eisen, die in zwei verschiedenen Farben erh\u00e4ltlich ist: Wei\u00df oder anthrazit. Sein Design mit den einfachen und abgerundeten Linien ist von der sardischen K\u00fcste inspiriert.<br \/>\n[\/vc_column_text][\/vc_column][\/vc_row][vc_row][vc_column width=&#8221;1\/2&#8243;][vc_btn title=&#8221;TECHNISCHES DATENBLATT ANTHRAZIT&#8221; style=&#8221;custom&#8221; custom_background=&#8221;#009bc2&#8243; custom_text=&#8221;#ffffff&#8221; shape=&#8221;square&#8221; link=&#8221;url:https%3A%2F%2Fbit.ly%2F3SjFkml|target:%20_blank|rel:nofollow|&#8221; el_class=&#8221;btn_descargar_ficha&#8221;][vc_btn title=&#8221;DATENBLATT WEISS&#8221; style=&#8221;custom&#8221; custom_background=&#8221;#009bc2&#8243; custom_text=&#8221;#ffffff&#8221; shape=&#8221;square&#8221; link=&#8221;url:https%3A%2F%2Fbit.ly%2F3lWXFtd|target:%20_blank|rel:nofollow|&#8221; el_class=&#8221;btn_descargar_ficha&#8221;][\/vc_column][vc_column width=&#8221;1\/2&#8243;][vc_btn title=&#8221;BEDIENUNGSANLEITUNG&#8221; style=&#8221;custom&#8221; custom_background=&#8221;#009bc2&#8243; custom_text=&#8221;#ffffff&#8221; shape=&#8221;square&#8221; link=&#8221;url:https%3A%2F%2Fbit.ly%2F3KrVQ1M|target:%20_blank|&#8221; el_class=&#8221;btn_descargar_ficha&#8221;][vc_btn title=&#8221;BEDIENUNGSANLEITUNG&#8221; style=&#8221;custom&#8221; custom_background=&#8221;#009bc2&#8243; custom_text=&#8221;#ffffff&#8221; shape=&#8221;square&#8221; link=&#8221;url:https%3A%2F%2Fbit.ly%2F3kd2kXy|target:%20_blank|&#8221; el_class=&#8221;btn_descargar_ficha&#8221;][\/vc_column][vc_column][\/vc_column][\/vc_row]<\/p>\n<\/section>","protected":false},"excerpt":{"rendered":"<h1 style=\"font-size: 12px;\">Schnurlose dekorative Lampe SARDINIA 40<\/h1>\n","protected":false},"featured_media":60776,"template":"","meta":[],"product_cat":[1696,763,764,1589],"product_tag":[],"class_list":{"0":"post-46760","1":"product","2":"type-product","3":"status-publish","4":"has-post-thumbnail","6":"product_cat-productos-de","7":"product_cat-lightdeco-de","8":"product_cat-tischlampe","9":"product_cat-innenbereich-de","11":"first","12":"instock","13":"taxable","14":"shipping-taxable","15":"purchasable","16":"product-type-variable"},"df_price":49,"df_sale_price":"","df_regular_price":49,"df_image_link":"https:\/\/developing.newgarden.es\/wp-content\/uploads\/2023\/02\/SARDINIA_40_BATTERY_1200X1200-11-300x300.jpg","_links":{"self":[{"href":"https:\/\/developing.newgarden.es\/de\/wp-json\/wp\/v2\/product\/46760"}],"collection":[{"href":"https:\/\/developing.newgarden.es\/de\/wp-json\/wp\/v2\/product"}],"about":[{"href":"https:\/\/developing.newgarden.es\/de\/wp-json\/wp\/v2\/types\/product"}],"wp:featuredmedia":[{"embeddable":true,"href":"https:\/\/developing.newgarden.es\/de\/wp-json\/wp\/v2\/media\/60776"}],"wp:attachment":[{"href":"https:\/\/developing.newgarden.es\/de\/wp-json\/wp\/v2\/media?parent=46760"}],"wp:term":[{"taxonomy":"product_cat","embeddable":true,"href":"https:\/\/developing.newgarden.es\/de\/wp-json\/wp\/v2\/product_cat?post=46760"},{"taxonomy":"product_tag","embeddable":true,"href":"https:\/\/developing.newgarden.es\/de\/wp-json\/wp\/v2\/product_tag?post=46760"}],"curies":[{"name":"wp","href":"https:\/\/api.w.org\/{rel}","templated":true}]}}