{"id":46635,"date":"2023-02-21T11:23:50","date_gmt":"2023-02-21T10:23:53","guid":{"rendered":"https:\/\/newgarden.es\/?post_type=product&#038;p=46635"},"modified":"2024-06-03T08:28:40","modified_gmt":"2024-06-03T06:28:40","slug":"schnurlose-dekorative-lampe-gretita-tischlampe-farbe-anthrazit","status":"publish","type":"product","link":"https:\/\/developing.newgarden.es\/de\/shop\/lightdeco-de\/tischlampe\/schnurlose-dekorative-lampe-gretita-tischlampe-farbe-anthrazit\/","title":{"rendered":"SCHNURLOSE DEKORATIVE LAMPE GRETITA TISCHLAMPE &#8211; FARBE ANTHRAZIT"},"content":{"rendered":"<section class=\"wpb-content-wrapper\"><p>[vc_row][vc_column][vc_column_text][\/vc_column_text][\/vc_column][\/vc_row][vc_row][vc_column el_class=&#8221;descripcion_producto&#8221;][vc_column_text]Die Tischleuchte Gretita ist die perfekte Tischleuchte, die Sie in jedem Raum in Ihrem Haus oder Garten aufstellen k\u00f6nnen und die sicherlich niemanden gleichg\u00fcltig l\u00e4sst. Er ist ideal, um einen Lichtpunkt auf Ihrem Tisch zu setzen, ohne dass Sie Kabel ben\u00f6tigen. Er besteht aus recyceltem Kunststoff und ben\u00f6tigt zum Betrieb nur 3 AAA-Batterien. Um die Lampe einzuschalten und ihre Intensit\u00e4t zu regulieren, dr\u00fccken Sie einfach die Taste auf der Oberfl\u00e4che des Lampenschirms. Kombinieren Sie diese Leuchte mit den anderen Produkten der Gretita-Familie, um R\u00e4ume voller Licht und Trend zu schaffen. Die Tischleuchte Gretita ist in zwei verschiedenen Farben erh\u00e4ltlich: wei\u00df oder anthrazit.<br \/>\n[\/vc_column_text][\/vc_column][\/vc_row][vc_row][vc_column width=&#8221;1\/2&#8243;][vc_btn title=&#8221;Technisches Datenblatt&#8221; style=&#8221;custom&#8221; custom_background=&#8221;#009bc2&#8243; custom_text=&#8221;#ffffff&#8221; shape=&#8221;square&#8221; link=&#8221;url:https%3A%2F%2Fbit.ly%2F3Z5DM1B|target:%20_blank|rel:nofollow|&#8221; el_class=&#8221;btn_descargar_ficha&#8221;][\/vc_column][vc_column width=&#8221;1\/2&#8243;][vc_btn title=&#8221;BEDIENUNGSANLEITUNG&#8221; style=&#8221;custom&#8221; custom_background=&#8221;#009bc2&#8243; custom_text=&#8221;#ffffff&#8221; shape=&#8221;square&#8221; link=&#8221;url:https%3A%2F%2Fbit.ly%2F3SfAiXU|target:%20_blank|&#8221; el_class=&#8221;btn_descargar_ficha&#8221;][\/vc_column][vc_column][\/vc_column][\/vc_row]<\/p>\n<\/section>","protected":false},"excerpt":{"rendered":"<h1 style=\"font-size: 12px;\">Schnurlose dekorative Lampe GRETITA TISCHLAMPE &#8211; Farbe anthrazit<\/h1>\n","protected":false},"featured_media":60921,"template":"","meta":[],"product_cat":[1696,763,764,826,1589],"product_tag":[],"class_list":{"0":"post-46635","1":"product","2":"type-product","3":"status-publish","4":"has-post-thumbnail","6":"product_cat-productos-de","7":"product_cat-lightdeco-de","8":"product_cat-tischlampe","9":"product_cat-tragbares","10":"product_cat-innenbereich-de","12":"first","13":"instock","14":"taxable","15":"shipping-taxable","16":"purchasable","17":"product-type-variable"},"df_price":59.4,"df_sale_price":"","df_regular_price":59.4,"df_image_link":"https:\/\/developing.newgarden.es\/wp-content\/uploads\/2023\/02\/GRETITA_TABLE_AAA_1200X1200-27-300x300.jpg","_links":{"self":[{"href":"https:\/\/developing.newgarden.es\/de\/wp-json\/wp\/v2\/product\/46635"}],"collection":[{"href":"https:\/\/developing.newgarden.es\/de\/wp-json\/wp\/v2\/product"}],"about":[{"href":"https:\/\/developing.newgarden.es\/de\/wp-json\/wp\/v2\/types\/product"}],"wp:featuredmedia":[{"embeddable":true,"href":"https:\/\/developing.newgarden.es\/de\/wp-json\/wp\/v2\/media\/60921"}],"wp:attachment":[{"href":"https:\/\/developing.newgarden.es\/de\/wp-json\/wp\/v2\/media?parent=46635"}],"wp:term":[{"taxonomy":"product_cat","embeddable":true,"href":"https:\/\/developing.newgarden.es\/de\/wp-json\/wp\/v2\/product_cat?post=46635"},{"taxonomy":"product_tag","embeddable":true,"href":"https:\/\/developing.newgarden.es\/de\/wp-json\/wp\/v2\/product_tag?post=46635"}],"curies":[{"name":"wp","href":"https:\/\/api.w.org\/{rel}","templated":true}]}}