{"id":46354,"date":"2023-02-03T08:57:00","date_gmt":"2023-02-03T07:57:02","guid":{"rendered":"https:\/\/newgarden.es\/?post_type=product&#038;p=46354"},"modified":"2023-03-02T11:11:16","modified_gmt":"2023-03-02T10:11:16","slug":"pendelleuchte-conta-hang","status":"publish","type":"product","link":"https:\/\/developing.newgarden.es\/de\/shop\/lightdeco-de\/pendelleuchten\/pendelleuchte-conta-hang\/","title":{"rendered":"PENDELLEUCHTE CONTA HANG"},"content":{"rendered":"<section class=\"wpb-content-wrapper\"><p>[vc_row][vc_column][vc_column_text]Die kabellose Pendelleuchte\u00a0<strong>CONTA HANG ist aus recyceltem PVC hergestellt.<\/strong>\u00a0Diese Lampe ist die perfekte Erg\u00e4nzung, um jeden Raum in Ihrem Haus oder Garten zu beleuchten und ihm eine andere Note zu verleihen.<\/p>\n<p><strong>Sie verf\u00fcgt \u00fcber eine tragbare, wiederaufladbare Lampe mit 900 Lumen, die nicht installiert werden muss.<\/strong>\u00a0Man muss sie nur in die N\u00e4he der Lampe bringen, und sie haftet dank ihres magnetischen Sockels. Diese Gl\u00fchbirne wird mit einer Fernbedienung geliefert, mit der man sie ein- und ausschalten und ihre Intensit\u00e4t regulieren kann.\u00a0<strong>Mit einer Betriebsdauer von bis zu 20 Stunden.<\/strong><\/p>\n<p>Diese Leuchte ist Teil der CONTA-Familie und kann mit einer Wandleuchte, einer Stehleuchte und einer Tischleuchte kombiniert werden.[\/vc_column_text][\/vc_column][\/vc_row][vc_row][vc_column width=&#8221;1\/2&#8243;][vc_btn title=&#8221;Technisches Datenblatt&#8221; style=&#8221;custom&#8221; custom_background=&#8221;#009bc2&#8243; custom_text=&#8221;#ffffff&#8221; link=&#8221;url:https%3A%2F%2Fbit.ly%2F3wOznE1|target:%20_blank|&#8221; el_class=&#8221;btn_descargar_ficha&#8221;][\/vc_column][vc_column width=&#8221;1\/2&#8243;][vc_btn title=&#8221;BEDIENUNGSANLEITUNG&#8221; style=&#8221;custom&#8221; custom_background=&#8221;#009bc2&#8243; custom_text=&#8221;#ffffff&#8221; link=&#8221;url:https%3A%2F%2Fbit.ly%2F3BJmkri|target:%20_blank|&#8221; el_class=&#8221;btn_descargar_ficha&#8221;][\/vc_column][\/vc_row]<\/p>\n<\/section>","protected":false},"excerpt":{"rendered":"<h5><strong>CONTA PENDELLEUCHTE<\/strong><\/h5>\n","protected":false},"featured_media":55215,"template":"","meta":[],"product_cat":[763,1568,819],"product_tag":[766],"class_list":{"0":"post-46354","1":"product","2":"type-product","3":"status-publish","4":"has-post-thumbnail","6":"product_cat-lightdeco-de","7":"product_cat-kabellose-deckenleuchten","8":"product_cat-pendelleuchten","9":"product_tag-batterie-de","11":"first","12":"instock","13":"taxable","14":"shipping-taxable","15":"purchasable","16":"product-type-variable","17":"has-default-attributes"},"df_price":69.9,"df_sale_price":"","df_regular_price":69.9,"df_image_link":"https:\/\/developing.newgarden.es\/wp-content\/uploads\/2023\/02\/CONTA_HANG_1200X1200-8-300x300.jpg","_links":{"self":[{"href":"https:\/\/developing.newgarden.es\/de\/wp-json\/wp\/v2\/product\/46354"}],"collection":[{"href":"https:\/\/developing.newgarden.es\/de\/wp-json\/wp\/v2\/product"}],"about":[{"href":"https:\/\/developing.newgarden.es\/de\/wp-json\/wp\/v2\/types\/product"}],"wp:featuredmedia":[{"embeddable":true,"href":"https:\/\/developing.newgarden.es\/de\/wp-json\/wp\/v2\/media\/55215"}],"wp:attachment":[{"href":"https:\/\/developing.newgarden.es\/de\/wp-json\/wp\/v2\/media?parent=46354"}],"wp:term":[{"taxonomy":"product_cat","embeddable":true,"href":"https:\/\/developing.newgarden.es\/de\/wp-json\/wp\/v2\/product_cat?post=46354"},{"taxonomy":"product_tag","embeddable":true,"href":"https:\/\/developing.newgarden.es\/de\/wp-json\/wp\/v2\/product_tag?post=46354"}],"curies":[{"name":"wp","href":"https:\/\/api.w.org\/{rel}","templated":true}]}}