{"id":46223,"date":"2023-02-03T08:25:03","date_gmt":"2023-02-03T07:25:05","guid":{"rendered":"https:\/\/newgarden.es\/?post_type=product&#038;p=46223"},"modified":"2024-05-27T10:15:24","modified_gmt":"2024-05-27T08:15:24","slug":"tragbare-wiederaufladbare-gluhbirne-cherry-mini","status":"publish","type":"product","link":"https:\/\/developing.newgarden.es\/de\/shop\/lightdeco-de\/tragbares\/tragbare-wiederaufladbare-gluhbirne-cherry-mini\/","title":{"rendered":"CHERRY MINI TRAGBARE WIEDERAUFLADBARE GL\u00dcHBIRNE (3 ST\u00dcCK)"},"content":{"rendered":"<section class=\"wpb-content-wrapper\"><p>[vc_row][vc_column][vc_column_text][\/vc_column_text][\/vc_column][\/vc_row][vc_row][vc_column][vc_column_text]Cherry Mini ist die vielseitigste wiederaufladbare tragbare Gl\u00fchbirne, die Sie auf dem Markt finden k\u00f6nnen. Dank ihrer geringen Gr\u00f6\u00dfe passt sie \u00fcberall hin, ob zu Hause oder unterwegs.\u00a0<strong>Cherry Mini ist perfekt, um schwer zug\u00e4ngliche Stellen zu beleuchten oder dort, wo es keine Steckdose gibt.<\/strong>\u00a0Es ist perfekt zum Campen, zum Aufh\u00e4ngen am Sonnenschirm, sogar im Rucksack bei einer Wanderung in den Bergen&#8230; unm\u00f6glich, es nicht als Hilfslicht mitzunehmen. Da er nicht montiert werden muss, ist er mit einem starken Magneten ausgestattet, der an jeder Metalloberfl\u00e4che haftet, sowie mit einem Haken, um ihn an jede Lampe oder jeden Baum in Ihrem Garten zu h\u00e4ngen.<strong>\u00a0Ihre Leistung betr\u00e4gt 350 Lumen bei maximaler Intensit\u00e4t.<\/strong><\/p>\n<p><strong>Jede Cherry Mini Box enth\u00e4lt 3 Gl\u00fchbirnen.<\/strong>\u00a0Jede Gl\u00fchbirne hat einen Aufh\u00e4ngehaken und eine selbstklebende Metallplatte, um die Platzierungsm\u00f6glichkeiten zu erh\u00f6hen. Es enth\u00e4lt auch eine Fernbedienung, mit der man sie ein- und ausschalten und ihre Intensit\u00e4t regulieren kann.<\/p>\n<p>Sie zahlen f\u00fcr 5 Schachteln CHERRI MINI (jede Schachtel enth\u00e4lt 3 Cherry Minis)<br \/>\n[\/vc_column_text][\/vc_column][\/vc_row][vc_row][vc_column width=&#8221;1\/2&#8243;][vc_btn title=&#8221;Technisches Datenblatt&#8221; style=&#8221;custom&#8221; custom_background=&#8221;#009bc2&#8243; custom_text=&#8221;#ffffff&#8221; shape=&#8221;square&#8221; link=&#8221;url:https%3A%2F%2Fbit.ly%2F3RFINeV|target:%20_blank|&#8221; el_class=&#8221;btn_descargar_ficha&#8221;][\/vc_column][vc_column width=&#8221;1\/2&#8243;][vc_btn title=&#8221;BEDIENUNGSANLEITUNG&#8221; style=&#8221;custom&#8221; custom_background=&#8221;#009bc2&#8243; custom_text=&#8221;#ffffff&#8221; shape=&#8221;square&#8221; link=&#8221;url:https%3A%2F%2Fbit.ly%2F3DAVRw5|target:%20_blank|&#8221; el_class=&#8221;btn_descargar_ficha&#8221;][\/vc_column][vc_column][\/vc_column][\/vc_row]<\/p>\n<\/section>","protected":false},"excerpt":{"rendered":"<p>[vc_row][vc_column][vc_column_text][\/vc_column_text][\/vc_column][\/vc_row][vc_row][vc_column][vc_column_text]Cherry Mini ist die vielseitigste wiederaufladbare tragbare Gl\u00fchbirne, die Sie auf dem Markt finden k\u00f6nnen. Dank ihrer geringen Gr\u00f6\u00dfe passt sie \u00fcberall hin, ob zu Hause oder unterwegs.\u00a0Cherry Mini ist<\/p>\n","protected":false},"featured_media":57027,"template":"","meta":[],"product_cat":[763,842,826],"product_tag":[766,793],"class_list":{"0":"post-46223","1":"product","2":"type-product","3":"status-publish","4":"has-post-thumbnail","6":"product_cat-lightdeco-de","7":"product_cat-wandlampe","8":"product_cat-tragbares","9":"product_tag-batterie-de","10":"product_tag-drahtlose","12":"first","13":"instock","14":"taxable","15":"shipping-taxable","16":"purchasable","17":"product-type-variable"},"df_price":30.1,"df_sale_price":"","df_regular_price":30.1,"df_image_link":"https:\/\/developing.newgarden.es\/wp-content\/uploads\/2023\/02\/CHERRY_MINI_BATTERY_1200X1200-5-300x300.jpg","_links":{"self":[{"href":"https:\/\/developing.newgarden.es\/de\/wp-json\/wp\/v2\/product\/46223"}],"collection":[{"href":"https:\/\/developing.newgarden.es\/de\/wp-json\/wp\/v2\/product"}],"about":[{"href":"https:\/\/developing.newgarden.es\/de\/wp-json\/wp\/v2\/types\/product"}],"wp:featuredmedia":[{"embeddable":true,"href":"https:\/\/developing.newgarden.es\/de\/wp-json\/wp\/v2\/media\/57027"}],"wp:attachment":[{"href":"https:\/\/developing.newgarden.es\/de\/wp-json\/wp\/v2\/media?parent=46223"}],"wp:term":[{"taxonomy":"product_cat","embeddable":true,"href":"https:\/\/developing.newgarden.es\/de\/wp-json\/wp\/v2\/product_cat?post=46223"},{"taxonomy":"product_tag","embeddable":true,"href":"https:\/\/developing.newgarden.es\/de\/wp-json\/wp\/v2\/product_tag?post=46223"}],"curies":[{"name":"wp","href":"https:\/\/api.w.org\/{rel}","templated":true}]}}