{"id":43995,"date":"2022-04-18T10:36:33","date_gmt":"2022-04-18T08:36:38","guid":{"rendered":"https:\/\/newgarden.es\/?post_type=product&#038;p=43995"},"modified":"2024-05-29T13:15:39","modified_gmt":"2024-05-29T11:15:39","slug":"lola-tischleuchte-20-lux","status":"publish","type":"product","link":"https:\/\/developing.newgarden.es\/de\/shop\/lightdeco-de\/tischlampe\/lola-tischleuchte-20-lux\/","title":{"rendered":"TISCHLEUCHTE 20 LOLA 20 LUX"},"content":{"rendered":"<section class=\"wpb-content-wrapper\"><p>[vc_row][vc_column el_class=&#8221;descripcion_producto&#8221;][vc_column_text]Die Tischleuchte LOLA 20 LUX wurde f\u00fcr Orte und R\u00e4ume geschaffen, denen wir einen Hauch von Design und Raffinesse verleihen wollen. LOLA 20 LUX ist aus widerstandsf\u00e4higem, transparentem Polyamid und mit spiegelnden Fl\u00e4chen versehen, so dass wir ihre Beleuchtung auf eine andere Art genie\u00dfen k\u00f6nnen. Die Lichtintensit\u00e4t ist einstellbar und die Betriebsdauer betr\u00e4gt 50 Stunden.<\/p>\n<p>Das Modell LOLA gilt als Ikone der <span style=\"text-decoration: underline;\">Newgarden<\/span>-Produktfamilie. Mit seiner besonderen Form wird es von halb Europa geliebt und ist unser meistverkauftes Produkt auf dem Markt.<\/p>\n<p>Integriertes LED-Beleuchtungssystem mit warmem Licht (3000\u00baK).<\/p>\n<ul>\n<li><strong>GR\u00d6SSE<\/strong><br \/>\n\u00f811 x 20 cm<\/li>\n<\/ul>\n<p>[\/vc_column_text][\/vc_column][\/vc_row][vc_row disable_element=&#8221;yes&#8221;][vc_column][vc_single_image image=&#8221;6566&#8243; img_size=&#8221;full&#8221;][\/vc_column][\/vc_row][vc_row][vc_column width=&#8221;1\/2&#8243;][vc_btn title=&#8221;Technisches Datenblatt&#8221; style=&#8221;custom&#8221; custom_background=&#8221;#009bc2&#8243; custom_text=&#8221;#ffffff&#8221; shape=&#8221;square&#8221; link=&#8221;url:https%3A%2F%2Fbit.ly%2F3E1L8tz|target:%20_blank|&#8221; el_class=&#8221;btn_descargar_ficha&#8221;][\/vc_column][vc_column width=&#8221;1\/2&#8243;][vc_btn title=&#8221;BEDIENUNGSANLEITUNG&#8221; style=&#8221;custom&#8221; custom_background=&#8221;#009bc2&#8243; custom_text=&#8221;#ffffff&#8221; shape=&#8221;square&#8221; link=&#8221;url:https%3A%2F%2Fbit.ly%2F3PUHw1w|target:%20_blank|&#8221; el_class=&#8221;btn_descargar_ficha&#8221;][\/vc_column][\/vc_row]<\/p>\n<\/section>","protected":false},"excerpt":{"rendered":"<h1 style=\"font-size: 12px;\">Tischleuchte LOLA 20 LUX<\/h1>\n","protected":false},"featured_media":58540,"template":"","meta":[],"product_cat":[1696,763,764,1225,1589],"product_tag":[766,1226],"class_list":{"0":"post-43995","1":"product","2":"type-product","3":"status-publish","4":"has-post-thumbnail","6":"product_cat-productos-de","7":"product_cat-lightdeco-de","8":"product_cat-tischlampe","9":"product_cat-interior-de","10":"product_cat-innenbereich-de","11":"product_tag-batterie-de","12":"product_tag-interior-de","14":"first","15":"instock","16":"taxable","17":"shipping-taxable","18":"purchasable","19":"product-type-variable","20":"has-default-attributes"},"df_price":39,"df_sale_price":"","df_regular_price":39,"df_image_link":"https:\/\/developing.newgarden.es\/wp-content\/uploads\/2022\/04\/LOLA_20_LUX_1200X1200-6-300x300.jpg","_links":{"self":[{"href":"https:\/\/developing.newgarden.es\/de\/wp-json\/wp\/v2\/product\/43995"}],"collection":[{"href":"https:\/\/developing.newgarden.es\/de\/wp-json\/wp\/v2\/product"}],"about":[{"href":"https:\/\/developing.newgarden.es\/de\/wp-json\/wp\/v2\/types\/product"}],"wp:featuredmedia":[{"embeddable":true,"href":"https:\/\/developing.newgarden.es\/de\/wp-json\/wp\/v2\/media\/58540"}],"wp:attachment":[{"href":"https:\/\/developing.newgarden.es\/de\/wp-json\/wp\/v2\/media?parent=43995"}],"wp:term":[{"taxonomy":"product_cat","embeddable":true,"href":"https:\/\/developing.newgarden.es\/de\/wp-json\/wp\/v2\/product_cat?post=43995"},{"taxonomy":"product_tag","embeddable":true,"href":"https:\/\/developing.newgarden.es\/de\/wp-json\/wp\/v2\/product_tag?post=43995"}],"curies":[{"name":"wp","href":"https:\/\/api.w.org\/{rel}","templated":true}]}}